{"id":702728,"date":"2025-08-27T15:18:32","date_gmt":"2025-08-27T12:18:32","guid":{"rendered":"https:\/\/roveyayinevi.com.tr\/index.php\/urun\/kapital-cilt-2-ciltli\/"},"modified":"2026-04-16T02:11:50","modified_gmt":"2026-04-15T23:11:50","slug":"kapital-cilt-2-ciltli","status":"publish","type":"product","link":"https:\/\/roveyayinevi.com.tr\/index.php\/urun\/kapital-cilt-2-ciltli\/","title":{"rendered":"Kapital Cilt: 2 Ciltli"},"content":{"rendered":"<p>Bu kitap, Karl Marx\u2019\u0131n ve Marksizmin temel yap\u0131t\u0131 Kapital\u2019in tamam\u0131n\u0131, Almanca asl\u0131ndan \u00e7evrilmi\u015f olarak T\u00fcrk\u00e7eye kazand\u0131rma, b\u00f6ylece T\u00fcrk\u00e7e Marksist edebiyat\u0131n en b\u00fcy\u00fck eksi\u011fini giderme yolundaki giri\u015fimin ikinci ad\u0131m\u0131n\u0131 olu\u015fturuyor. Marksist iktisat alan\u0131na hakim \u00e7evirmen Mehmet Selik\u2019in Almanca asl\u0131ndan T\u00fcrk\u00e7eye kazand\u0131rd\u0131\u011f\u0131 eser, yine alana hakim edit\u00f6rlerce yay\u0131na haz\u0131rland\u0131. Kavram edit\u00f6rl\u00fc\u011f\u00fcn\u00fc Nail Satl\u0131gan\u2019\u0131n \u00fcstlendi\u011fi kitap, Erkin \u00d6zalp ve Oktar T\u00fcrel taraf\u0131ndan Almancas\u0131 ve \u0130ngilizcesiyle kar\u015f\u0131la\u015ft\u0131r\u0131larak ba\u015ftan a\u015fa\u011f\u0131 g\u00f6zden ge\u00e7irildi. Yery\u00fcz\u00fcnde kapitalistler ve i\u015f\u00e7iler bulundu\u011fundan beri, i\u015f\u00e7iler i\u00e7in bu kitap kadar \u00f6nemli bir kitap \u00e7\u0131kmad\u0131. \ufffcTan\u0131t\u0131m Metni<\/p>\n","protected":false},"excerpt":{"rendered":"<p>Bu kitap, Karl Marx\u2019\u0131n ve Marksizmin temel yap\u0131t\u0131 Kapital\u2019in tamam\u0131n\u0131, Almanca asl\u0131ndan \u00e7evrilmi\u015f olarak T\u00fcrk\u00e7eye kazand\u0131rma, b\u00f6ylece T\u00fcrk\u00e7e Marksist edebiyat\u0131n en b\u00fcy\u00fck eksi\u011fini giderme yolundaki giri\u015fimin<span class=\"excerpt-hellip\"> [\u2026]<\/span><\/p>\n","protected":false},"featured_media":0,"template":"","meta":{"_monsterinsights_skip_tracking":false,"_monsterinsights_sitenote_active":false,"_monsterinsights_sitenote_note":"","_monsterinsights_sitenote_category":0},"product_brand":[],"product_cat":[12388,15536],"product_tag":[],"class_list":{"0":"post-702728","1":"product","2":"type-product","3":"status-publish","5":"product_cat-felsefe","6":"product_cat-siyaset-felsefesi","7":"pa_cilt-ciltli","8":"pa_tur-kitap","9":"pa_yayinevi-yordam-kitap","10":"pa_yazar-karl-marx","12":"first","13":"instock","14":"sale","15":"shipping-taxable","16":"purchasable","17":"product-type-simple"},"_links":{"self":[{"href":"https:\/\/roveyayinevi.com.tr\/index.php\/wp-json\/wp\/v2\/product\/702728","targetHints":{"allow":["GET"]}}],"collection":[{"href":"https:\/\/roveyayinevi.com.tr\/index.php\/wp-json\/wp\/v2\/product"}],"about":[{"href":"https:\/\/roveyayinevi.com.tr\/index.php\/wp-json\/wp\/v2\/types\/product"}],"wp:attachment":[{"href":"https:\/\/roveyayinevi.com.tr\/index.php\/wp-json\/wp\/v2\/media?parent=702728"}],"wp:term":[{"taxonomy":"product_brand","embeddable":true,"href":"https:\/\/roveyayinevi.com.tr\/index.php\/wp-json\/wp\/v2\/product_brand?post=702728"},{"taxonomy":"product_cat","embeddable":true,"href":"https:\/\/roveyayinevi.com.tr\/index.php\/wp-json\/wp\/v2\/product_cat?post=702728"},{"taxonomy":"product_tag","embeddable":true,"href":"https:\/\/roveyayinevi.com.tr\/index.php\/wp-json\/wp\/v2\/product_tag?post=702728"}],"curies":[{"name":"wp","href":"https:\/\/api.w.org\/{rel}","templated":true}]}}