{"id":702725,"date":"2025-08-27T15:18:30","date_gmt":"2025-08-27T12:18:30","guid":{"rendered":"https:\/\/roveyayinevi.com.tr\/index.php\/urun\/alman-sonbahari\/"},"modified":"2026-04-16T02:11:50","modified_gmt":"2026-04-15T23:11:50","slug":"alman-sonbahari","status":"publish","type":"product","link":"https:\/\/roveyayinevi.com.tr\/index.php\/urun\/alman-sonbahari\/","title":{"rendered":"Alman Sonbahar\u0131"},"content":{"rendered":"<p>\u201cKafka ve Lorca gibi yazarlar vard\u0131r ki ya\u015famlar\u0131, \u00f6l\u00fcmleri ve eserleriyle \u2018aziz\u2019 konumuna eri\u015fmi\u015ftir.  Stig Dagerman da bu yazarlardan.\u201d   Paul BIndIng   46 y\u0131l\u0131n\u0131n sonbahar\u0131nda \u0130sve\u00e7 gazetesi Expressen, Nazilerin yenilgisinin ard\u0131ndan Almanya\u2019daki hayat\u0131 g\u00f6zlemlemek \u00fczere \u00fcnl\u00fc yazar Stig Dagerman\u2019\u0131 g\u00f6revlendirir. Sava\u015f sonras\u0131 ger\u00e7ekleri t\u00fcm \u00e7\u0131plakl\u0131\u011f\u0131yla g\u00f6zler \u00f6n\u00fcne seren bu yaz\u0131lar daha sonra Alman Sonbahar\u0131 adl\u0131 kitapta toplan\u0131p \u00e7ok ge\u00e7meden t\u00fcr\u00fcnde bir klasik haline gelir. \u00c7\u00fcnk\u00fc Dagerman, romanc\u0131l\u0131\u011f\u0131n\u0131n ve oyun yazarl\u0131\u011f\u0131n\u0131n yan\u0131 s\u0131ra birinci s\u0131n\u0131f bir \u015fairdir.  Gelgelelim bu s\u0131fatlar da Stig Dagerman\u2019\u0131n sanat\u0131n\u0131 tan\u0131mlamakta yetersiz kal\u0131r. Benzersiz g\u00f6zlem g\u00fcc\u00fc bir yana, asla \u00f6d\u00fcn vermedi\u011fi ahlaki konumuyla bilenmi\u015f bir duyarl\u0131l\u0131kt\u0131r onunki\u2026 Zira m\u00fcttefik yabanc\u0131 gazeteciler ve entelekt\u00fceller Alman halk\u0131n\u0131n ba\u015f\u0131na gelen felaketi hak etti\u011fi inanc\u0131na sahipken, Dagerman \u0131srarla sava\u015f\u0131n harap etti\u011fi kad\u0131nlar\u0131n, erkeklerin ve \u00e7ocuklar\u0131n insanl\u0131\u011f\u0131na \u2013onlar\u0131n su\u00e7luluk psikolojisine, \u00e7ektikleri ac\u0131lara ve umutsuzlu\u011funa\u2013 vurgu yapar.  Hen\u00fcz 31 ya\u015f\u0131ndayken kendi elleriyle hayat\u0131na son veren Dagerman\u2019\u0131n ad\u0131na bir edebiyat \u00f6d\u00fcl\u00fc konmu\u015f ve bu \u00f6d\u00fcle 1997\u2019de Ya\u015far Kemal de\u011fer g\u00f6r\u00fclm\u00fc\u015ft\u00fcr. Jelinek\u2019ten W. B. Sebald\u2019e, Le Cl\u00e9zio\u2019dan Graham Greene\u2019e bir\u00e7ok sayg\u0131n yazar\u0131 derinden etkileyen Stig Dagerman, \u00f6zl\u00fc bir insaniyet dersi verdi\u011fi Alman Sonbahar\u0131\u2019yla ilk kez T\u00fcrkiyeli okurlarla bulu\u015fuyor. \u201cDagerman ola\u011fan\u00fcst\u00fc bir nesnellikle yaz\u0131yor. Duygusal  ifadelerdense se\u00e7ti\u011fi olgular\u0131 kullan\u0131p, bunlar\u0131 birer  tu\u011fla gibi \u00f6rerek in\u015fa ediyor duygusunu.\u201d  Graham Greene <\/p>\n","protected":false},"excerpt":{"rendered":"<p>\u201cKafka ve Lorca gibi yazarlar vard\u0131r ki ya\u015famlar\u0131, \u00f6l\u00fcmleri ve eserleriyle \u2018aziz\u2019 konumuna eri\u015fmi\u015ftir. Stig Dagerman da bu yazarlardan.\u201d Paul BIndIng 46 y\u0131l\u0131n\u0131n sonbahar\u0131nda \u0130sve\u00e7 gazetesi<span class=\"excerpt-hellip\"> [\u2026]<\/span><\/p>\n","protected":false},"featured_media":0,"template":"","meta":{"_monsterinsights_skip_tracking":false,"_monsterinsights_sitenote_active":false,"_monsterinsights_sitenote_note":"","_monsterinsights_sitenote_category":0},"product_brand":[],"product_cat":[18545,12291],"product_tag":[],"class_list":{"0":"post-702725","1":"product","2":"type-product","3":"status-publish","5":"product_cat-anlati","6":"product_cat-edebiyat","7":"pa_cilt-ciltsiz","8":"pa_tur-kitap","9":"pa_yayinevi-everest-yayinlari","10":"pa_yazar-stig-dagerman","12":"first","13":"instock","14":"sale","15":"shipping-taxable","16":"purchasable","17":"product-type-simple"},"_links":{"self":[{"href":"https:\/\/roveyayinevi.com.tr\/index.php\/wp-json\/wp\/v2\/product\/702725","targetHints":{"allow":["GET"]}}],"collection":[{"href":"https:\/\/roveyayinevi.com.tr\/index.php\/wp-json\/wp\/v2\/product"}],"about":[{"href":"https:\/\/roveyayinevi.com.tr\/index.php\/wp-json\/wp\/v2\/types\/product"}],"wp:attachment":[{"href":"https:\/\/roveyayinevi.com.tr\/index.php\/wp-json\/wp\/v2\/media?parent=702725"}],"wp:term":[{"taxonomy":"product_brand","embeddable":true,"href":"https:\/\/roveyayinevi.com.tr\/index.php\/wp-json\/wp\/v2\/product_brand?post=702725"},{"taxonomy":"product_cat","embeddable":true,"href":"https:\/\/roveyayinevi.com.tr\/index.php\/wp-json\/wp\/v2\/product_cat?post=702725"},{"taxonomy":"product_tag","embeddable":true,"href":"https:\/\/roveyayinevi.com.tr\/index.php\/wp-json\/wp\/v2\/product_tag?post=702725"}],"curies":[{"name":"wp","href":"https:\/\/api.w.org\/{rel}","templated":true}]}}