{"id":702724,"date":"2025-08-27T15:18:30","date_gmt":"2025-08-27T12:18:30","guid":{"rendered":"https:\/\/roveyayinevi.com.tr\/index.php\/urun\/kayboluyorsun\/"},"modified":"2026-04-16T02:11:50","modified_gmt":"2026-04-15T23:11:50","slug":"kayboluyorsun","status":"publish","type":"product","link":"https:\/\/roveyayinevi.com.tr\/index.php\/urun\/kayboluyorsun\/","title":{"rendered":"Kayboluyorsun"},"content":{"rendered":"<p>Onca y\u0131l\u0131 nas\u0131l yapayaln\u0131z ge\u00e7irdi\u011fimi o g\u00fcne dek hep unutmaya \u00e7al\u0131\u015fm\u0131\u015ft\u0131m. K\u0131z arkada\u015flar\u0131mdan ve Niklas\u2019tan ba\u015fka g\u00f6zlerimin i\u00e7ine bakacak, \u0131v\u0131r z\u0131v\u0131r laflar\u0131m\u0131 dinleyecek ve ses tonundan ne hissetti\u011fimi anlayacak bir kimsem olmadan ge\u00e7en onca y\u0131l. Ba\u015fka t\u00fcrl\u00fc bir evlilik \u00f6zlemiyle ve nas\u0131l olup da hala Frederik\u2019le birlikte ya\u015fayabildi\u011fimin umutsuz \u015fa\u015fk\u0131nl\u0131\u011f\u0131yla ge\u00e7en y\u0131llar. Bana ne yapm\u0131\u015ft\u0131? Neden \u00e7ekip gitmemi\u015f, neden hep hayalini kurdu\u011fum evlili\u011fi aramam\u0131\u015ft\u0131m? <\/p>\n","protected":false},"excerpt":{"rendered":"<p>Onca y\u0131l\u0131 nas\u0131l yapayaln\u0131z ge\u00e7irdi\u011fimi o g\u00fcne dek hep unutmaya \u00e7al\u0131\u015fm\u0131\u015ft\u0131m. K\u0131z arkada\u015flar\u0131mdan ve Niklas\u2019tan ba\u015fka g\u00f6zlerimin i\u00e7ine bakacak, \u0131v\u0131r z\u0131v\u0131r laflar\u0131m\u0131 dinleyecek ve ses tonundan<span class=\"excerpt-hellip\"> [\u2026]<\/span><\/p>\n","protected":false},"featured_media":0,"template":"","meta":{"_monsterinsights_skip_tracking":false,"_monsterinsights_sitenote_active":false,"_monsterinsights_sitenote_note":"","_monsterinsights_sitenote_category":0},"product_brand":[],"product_cat":[13661,12291],"product_tag":[],"class_list":{"0":"post-702724","1":"product","2":"type-product","3":"status-publish","5":"product_cat-diger-ulke-edebiyatlari","6":"product_cat-edebiyat","7":"pa_cilt-ciltsiz","8":"pa_tur-kitap","9":"pa_yayinevi-ayrinti-yayinlari","10":"pa_yazar-christian-jungersen","12":"first","13":"instock","14":"sale","15":"shipping-taxable","16":"purchasable","17":"product-type-simple"},"_links":{"self":[{"href":"https:\/\/roveyayinevi.com.tr\/index.php\/wp-json\/wp\/v2\/product\/702724","targetHints":{"allow":["GET"]}}],"collection":[{"href":"https:\/\/roveyayinevi.com.tr\/index.php\/wp-json\/wp\/v2\/product"}],"about":[{"href":"https:\/\/roveyayinevi.com.tr\/index.php\/wp-json\/wp\/v2\/types\/product"}],"wp:attachment":[{"href":"https:\/\/roveyayinevi.com.tr\/index.php\/wp-json\/wp\/v2\/media?parent=702724"}],"wp:term":[{"taxonomy":"product_brand","embeddable":true,"href":"https:\/\/roveyayinevi.com.tr\/index.php\/wp-json\/wp\/v2\/product_brand?post=702724"},{"taxonomy":"product_cat","embeddable":true,"href":"https:\/\/roveyayinevi.com.tr\/index.php\/wp-json\/wp\/v2\/product_cat?post=702724"},{"taxonomy":"product_tag","embeddable":true,"href":"https:\/\/roveyayinevi.com.tr\/index.php\/wp-json\/wp\/v2\/product_tag?post=702724"}],"curies":[{"name":"wp","href":"https:\/\/api.w.org\/{rel}","templated":true}]}}