{"id":702721,"date":"2025-08-27T15:18:28","date_gmt":"2025-08-27T12:18:28","guid":{"rendered":"https:\/\/roveyayinevi.com.tr\/index.php\/urun\/insan-davranisi-ve-sosyal-cevre-2\/"},"modified":"2026-04-16T02:11:50","modified_gmt":"2026-04-15T23:11:50","slug":"insan-davranisi-ve-sosyal-cevre-2","status":"publish","type":"product","link":"https:\/\/roveyayinevi.com.tr\/index.php\/urun\/insan-davranisi-ve-sosyal-cevre-2\/","title":{"rendered":"\u0130nsan Davran\u0131\u015f\u0131 ve Sosyal \u00c7evre-2"},"content":{"rendered":"<p>\u0130nsan\u0131 anlaman\u0131n, insan\u0131n i\u00e7inde bulundu\u011fu ba\u011flam\u0131 anlamakla m\u00fcmk\u00fcn oldu\u011funu kabul etti\u011fimizde; bireyi \u00e7evresi i\u00e7inde de\u011ferlendirmek durumunday\u0131z. Bireyin i\u00e7inde bulundu\u011fu \u00e7evre, onun davran\u0131\u015flar\u0131n\u0131n, y\u00f6nelimlerinin, tercihlerinin \u015fekillenmesi konusunda bir temel olu\u015fturur. \u0130nsan\u0131n sosyolojik, psikolojik, biyolojik karakteristiklerinin de\u011fi\u015fimlerini ve d\u00f6n\u00fc\u015f\u00fcmlerini bilmek, insana hizmet \u00fcreten meslekler i\u00e7in bir zorunluluktur. \u0130nsan davran\u0131\u015f\u0131n\u0131 anlamak, sa\u011fl\u0131kl\u0131 bir geli\u015fimin temel \u00f6zelliklerini, bunu etkileyen i\u00e7 ve d\u0131\u015f fakt\u00f6rleri ve ya\u015fam olaylar\u0131n\u0131 bir b\u00fct\u00fcn olarak de\u011ferlendirmeyi gerektirir.\u0130nsan Davran\u0131\u015f\u0131 ve Sosyal \u00c7evre kitab\u0131n\u0131n ilk cildi bebeklik, \u00e7ocukluk ve ergenli\u011fe yo\u011funla\u015f\u0131rken, elinizdeki bu ikinci ciltte biyo-psiko-sosyal bir varl\u0131k olarak insan\u0131n yeti\u015fkinlik ve ya\u015fl\u0131l\u0131k a\u015famalar\u0131, t\u00fcm y\u00f6nleriyle, ayr\u0131nt\u0131l\u0131 olarak ele al\u0131nmaktad\u0131r. Kitab\u0131n bu cildinde de, her d\u00f6nemin kendine \u00f6zg\u00fc biyolojik, psikolojik ve sosyal geli\u015fim \u00f6zellikleri ve bu d\u00f6nemlere \u00f6zg\u00fc sorunlar ele al\u0131nm\u0131\u015f, ya\u015famsal olaylar, pek \u00e7ok farkl\u0131 \u00f6rnekle g\u00fc\u00e7lendirilerek a\u00e7\u0131klanm\u0131\u015ft\u0131r. <\/p>\n","protected":false},"excerpt":{"rendered":"<p>\u0130nsan\u0131 anlaman\u0131n, insan\u0131n i\u00e7inde bulundu\u011fu ba\u011flam\u0131 anlamakla m\u00fcmk\u00fcn oldu\u011funu kabul etti\u011fimizde; bireyi \u00e7evresi i\u00e7inde de\u011ferlendirmek durumunday\u0131z. Bireyin i\u00e7inde bulundu\u011fu \u00e7evre, onun davran\u0131\u015flar\u0131n\u0131n, y\u00f6nelimlerinin, tercihlerinin \u015fekillenmesi konusunda<span class=\"excerpt-hellip\"> [\u2026]<\/span><\/p>\n","protected":false},"featured_media":0,"template":"","meta":{"_monsterinsights_skip_tracking":false,"_monsterinsights_sitenote_active":false,"_monsterinsights_sitenote_note":"","_monsterinsights_sitenote_category":0},"product_brand":[],"product_cat":[12835,12324],"product_tag":[],"class_list":{"0":"post-702721","1":"product","2":"type-product","3":"status-publish","5":"product_cat-genel-sosyoloji","6":"product_cat-sosyoloji","7":"pa_cilt-ciltsiz","8":"pa_tur-kitap","9":"pa_yayinevi-nika-yayinevi","10":"pa_yazar-charles-zastrow","11":"pa_yazar-karen-k-kirst-ashman","13":"first","14":"instock","15":"sale","16":"shipping-taxable","17":"purchasable","18":"product-type-simple"},"_links":{"self":[{"href":"https:\/\/roveyayinevi.com.tr\/index.php\/wp-json\/wp\/v2\/product\/702721","targetHints":{"allow":["GET"]}}],"collection":[{"href":"https:\/\/roveyayinevi.com.tr\/index.php\/wp-json\/wp\/v2\/product"}],"about":[{"href":"https:\/\/roveyayinevi.com.tr\/index.php\/wp-json\/wp\/v2\/types\/product"}],"wp:attachment":[{"href":"https:\/\/roveyayinevi.com.tr\/index.php\/wp-json\/wp\/v2\/media?parent=702721"}],"wp:term":[{"taxonomy":"product_brand","embeddable":true,"href":"https:\/\/roveyayinevi.com.tr\/index.php\/wp-json\/wp\/v2\/product_brand?post=702721"},{"taxonomy":"product_cat","embeddable":true,"href":"https:\/\/roveyayinevi.com.tr\/index.php\/wp-json\/wp\/v2\/product_cat?post=702721"},{"taxonomy":"product_tag","embeddable":true,"href":"https:\/\/roveyayinevi.com.tr\/index.php\/wp-json\/wp\/v2\/product_tag?post=702721"}],"curies":[{"name":"wp","href":"https:\/\/api.w.org\/{rel}","templated":true}]}}