{"id":702720,"date":"2025-08-27T15:18:28","date_gmt":"2025-08-27T12:18:28","guid":{"rendered":"https:\/\/roveyayinevi.com.tr\/index.php\/urun\/baska-diyarlarin-felsefeleri-2\/"},"modified":"2026-04-16T02:11:50","modified_gmt":"2026-04-15T23:11:50","slug":"baska-diyarlarin-felsefeleri-2","status":"publish","type":"product","link":"https:\/\/roveyayinevi.com.tr\/index.php\/urun\/baska-diyarlarin-felsefeleri-2\/","title":{"rendered":"Ba\u015fka Diyarlar\u0131n Felsefeleri 2"},"content":{"rendered":"<p>\u0130smi eski Yunancadan gelse de felsefe antik Yunan k\u00fclt\u00fcrlerine \u00f6zg\u00fc bir \u015fey de\u011fildir. Aksine, Yunanlar bile philosophia\u2019n\u0131n ka\u015fifi olmad\u0131klar\u0131n\u0131, onun ba\u015fka yerlerden geldi\u011fini d\u00fc\u015f\u00fcnm\u00fc\u015flerdir. Bat\u0131 tarihi boyunca \u015fu kan\u0131 hakim olmu\u015ftur: Di\u011ferleri de filozoftur. Ancak 19. y\u00fczy\u0131l\u0131n sonuna do\u011fru Bat\u0131 d\u00fc\u015f\u00fcncesi kendi i\u00e7ine kapanarak greko-latin gelenek u\u011fruna di\u011fer t\u00fcm teorik bak\u0131\u015f a\u00e7\u0131lar\u0131na s\u0131rt \u00e7evirmi\u015ftir. <\/p>\n","protected":false},"excerpt":{"rendered":"<p>\u0130smi eski Yunancadan gelse de felsefe antik Yunan k\u00fclt\u00fcrlerine \u00f6zg\u00fc bir \u015fey de\u011fildir. Aksine, Yunanlar bile philosophia\u2019n\u0131n ka\u015fifi olmad\u0131klar\u0131n\u0131, onun ba\u015fka yerlerden geldi\u011fini d\u00fc\u015f\u00fcnm\u00fc\u015flerdir. Bat\u0131 tarihi<span class=\"excerpt-hellip\"> [\u2026]<\/span><\/p>\n","protected":false},"featured_media":0,"template":"","meta":{"_monsterinsights_skip_tracking":false,"_monsterinsights_sitenote_active":false,"_monsterinsights_sitenote_note":"","_monsterinsights_sitenote_category":0},"product_brand":[],"product_cat":[12388,13555],"product_tag":[],"class_list":{"0":"post-702720","1":"product","2":"type-product","3":"status-publish","5":"product_cat-felsefe","6":"product_cat-genel-felsefe","7":"pa_cilt-ciltsiz","8":"pa_tur-kitap","9":"pa_yayinevi-say-yayinlari","10":"pa_yazar-roger-pol-droit","12":"first","13":"instock","14":"sale","15":"shipping-taxable","16":"purchasable","17":"product-type-simple"},"_links":{"self":[{"href":"https:\/\/roveyayinevi.com.tr\/index.php\/wp-json\/wp\/v2\/product\/702720","targetHints":{"allow":["GET"]}}],"collection":[{"href":"https:\/\/roveyayinevi.com.tr\/index.php\/wp-json\/wp\/v2\/product"}],"about":[{"href":"https:\/\/roveyayinevi.com.tr\/index.php\/wp-json\/wp\/v2\/types\/product"}],"wp:attachment":[{"href":"https:\/\/roveyayinevi.com.tr\/index.php\/wp-json\/wp\/v2\/media?parent=702720"}],"wp:term":[{"taxonomy":"product_brand","embeddable":true,"href":"https:\/\/roveyayinevi.com.tr\/index.php\/wp-json\/wp\/v2\/product_brand?post=702720"},{"taxonomy":"product_cat","embeddable":true,"href":"https:\/\/roveyayinevi.com.tr\/index.php\/wp-json\/wp\/v2\/product_cat?post=702720"},{"taxonomy":"product_tag","embeddable":true,"href":"https:\/\/roveyayinevi.com.tr\/index.php\/wp-json\/wp\/v2\/product_tag?post=702720"}],"curies":[{"name":"wp","href":"https:\/\/api.w.org\/{rel}","templated":true}]}}