{"id":702713,"date":"2025-08-27T15:18:25","date_gmt":"2025-08-27T12:18:25","guid":{"rendered":"https:\/\/roveyayinevi.com.tr\/index.php\/urun\/ideal-kent-kent-arastirmalari-dergisi-sayi-13\/"},"modified":"2026-04-16T02:11:50","modified_gmt":"2026-04-15T23:11:50","slug":"ideal-kent-kent-arastirmalari-dergisi-sayi-13","status":"publish","type":"product","link":"https:\/\/roveyayinevi.com.tr\/index.php\/urun\/ideal-kent-kent-arastirmalari-dergisi-sayi-13\/","title":{"rendered":"\u0130deal Kent &#8211; Kent Ara\u015ft\u0131rmalar\u0131 Dergisi Say\u0131 : 13"},"content":{"rendered":"<p>&#8211; Takdim 5 Emir Osmano\u011flu- Makaleler 8 Yener Ba\u015f Bir Meta Olarak Kent Bi\u00e7iminin Tasar\u0131m\u0131 ve \u00dcretimi- Kavramsal Bir \u00c7er\u00e7eve \u00d6nerisi- 28 Asiye Akg\u00fcn Ayr\u0131\u015fma-Ayr\u0131\u015ft\u0131rma Temelli Mekansal Pratiklerin Toplumsal Pratiklerle \u0130li\u015fkisi \u00dcserine Bir \u00c7al\u0131\u015fma- 40 Berk \u0130lke D\u00fcndar &#8220;Ye\u015fil Siyasal D\u00fc\u015f\u00fcncenin Varl\u0131k ve Me\u015fruluk Temellerine \u0130li\u015fkin Ele\u015ftirel Bir De\u011ferlendirme- 57 Hakan Olgun &#8220;Dekomodifikasyon&#8217;dan &#8220;Komodifikasyona&#8217;a: \u0130sve\u00e7 Konut Politikas\u0131nda Neoliberal E\u011filimler- 82 Hasan Ta\u015f\u00e7\u0131 Kent Meydan\u0131n\u0131n Sosyo- K\u00fclt\u00fcrel Arka Plan\u0131- 102 As\u0131m Mustafa Ayten 6360 Say\u0131l\u0131 Yasa Uyar\u0131nca T\u00fcrkiye&#8217;de B\u00fcy\u00fck\u015fehir Belediyesi Yap\u0131s\u0131 \u00dczerine Bir Ara\u015ft\u0131rma- 128 Ali Cenap Yolo\u011flu Planlama Piyasas\u0131n\u0131n \u0130ki Yeni Dinami\u011fi: Par\u00e7alama ve Tekelle\u015fme- 152 Emel Birer &#8211; Gonca Ar\u0131k \u00c7al\u0131\u015fkan Mimarl\u0131k E\u011fitiminde Konu\u015fulamayanlar: Politika ve Siyaset- 171 Ay\u015fe Nur \u015eenel Fidangen\u00e7 T\u00fcrkiye&#8217;de Kent M\u00fczeleri <\/p>\n","protected":false},"excerpt":{"rendered":"<p>&#8211; Takdim 5 Emir Osmano\u011flu- Makaleler 8 Yener Ba\u015f Bir Meta Olarak Kent Bi\u00e7iminin Tasar\u0131m\u0131 ve \u00dcretimi- Kavramsal Bir \u00c7er\u00e7eve \u00d6nerisi- 28 Asiye Akg\u00fcn Ayr\u0131\u015fma-Ayr\u0131\u015ft\u0131rma Temelli<span class=\"excerpt-hellip\"> [\u2026]<\/span><\/p>\n","protected":false},"featured_media":0,"template":"","meta":{"_monsterinsights_skip_tracking":false,"_monsterinsights_sitenote_active":false,"_monsterinsights_sitenote_note":"","_monsterinsights_sitenote_category":0},"product_brand":[],"product_cat":[12767,12324],"product_tag":[],"class_list":{"0":"post-702713","1":"product","2":"type-product","3":"status-publish","5":"product_cat-kentlesme-modernlesme","6":"product_cat-sosyoloji","7":"pa_cilt-ciltsiz","8":"pa_tur-dergi","9":"pa_yayinevi-idealkent-yayincilik","10":"pa_yazar-kolektif","12":"first","13":"instock","14":"sale","15":"shipping-taxable","16":"purchasable","17":"product-type-simple"},"_links":{"self":[{"href":"https:\/\/roveyayinevi.com.tr\/index.php\/wp-json\/wp\/v2\/product\/702713","targetHints":{"allow":["GET"]}}],"collection":[{"href":"https:\/\/roveyayinevi.com.tr\/index.php\/wp-json\/wp\/v2\/product"}],"about":[{"href":"https:\/\/roveyayinevi.com.tr\/index.php\/wp-json\/wp\/v2\/types\/product"}],"wp:attachment":[{"href":"https:\/\/roveyayinevi.com.tr\/index.php\/wp-json\/wp\/v2\/media?parent=702713"}],"wp:term":[{"taxonomy":"product_brand","embeddable":true,"href":"https:\/\/roveyayinevi.com.tr\/index.php\/wp-json\/wp\/v2\/product_brand?post=702713"},{"taxonomy":"product_cat","embeddable":true,"href":"https:\/\/roveyayinevi.com.tr\/index.php\/wp-json\/wp\/v2\/product_cat?post=702713"},{"taxonomy":"product_tag","embeddable":true,"href":"https:\/\/roveyayinevi.com.tr\/index.php\/wp-json\/wp\/v2\/product_tag?post=702713"}],"curies":[{"name":"wp","href":"https:\/\/api.w.org\/{rel}","templated":true}]}}