{"id":702711,"date":"2025-08-27T15:18:24","date_gmt":"2025-08-27T12:18:24","guid":{"rendered":"https:\/\/roveyayinevi.com.tr\/index.php\/urun\/islam-tarihyaziminda-gerceklik-ve-el-mesudi\/"},"modified":"2026-04-16T02:11:50","modified_gmt":"2026-04-15T23:11:50","slug":"islam-tarihyaziminda-gerceklik-ve-el-mesudi","status":"publish","type":"product","link":"https:\/\/roveyayinevi.com.tr\/index.php\/urun\/islam-tarihyaziminda-gerceklik-ve-el-mesudi\/","title":{"rendered":"\u0130slam Tarihyaz\u0131m\u0131nda Ger\u00e7eklik ve El-Mes\u2019udi"},"content":{"rendered":"<p>bn Hald\u00fbn, kendisinden 450 y\u0131l \u00f6nce ya\u015fayan el-Mes&#8217;\u00fbd\u00ee&#8217;yi \u201ctarih\u00e7ilerin \u00f6nderi\u201d olarak takdim eder. Kimi bat\u0131l\u0131 kaynaklarda ise bu isim \u201cAraplar\u0131n Heredotos\u201du olarak kayda ge\u00e7mi\u015ftir.El-Mes&#8217;\u00fbd\u00ee, zaman\u0131n\u0131 a\u015fan bir tarih\u00e7i, co\u011frafyac\u0131 ve seyyaht\u0131r. Geni\u015f sahaya yay\u0131lan merak ve tutkusuyla kaleme ald\u0131\u011f\u0131 tarihler, kendisinden sonra gelenler i\u00e7in \u00f6zellikle tarih ve co\u011frafya yaz\u0131c\u0131l\u0131\u011f\u0131 ile tarih felsefesi alanlar\u0131nda birer ba\u015fvuru kayna\u011f\u0131 olmu\u015ftur. \u00c7\u00fcnk\u00fc t\u00fcm di\u011fer tarih\u00e7iler gibi, el-Mes&#8217;\u00fbd\u00ee\u2019nin eserlerinde de tarih ve ger\u00e7eklik konusunda bir tak\u0131m ele\u015ftirel ara\u00e7lar\u0131 nas\u0131l kulland\u0131\u011f\u0131; hangi din\u00ee ve akl\u00ee \u00f6l\u00e7\u00fctlerden faydalanmaya \u00e7al\u0131\u015ft\u0131\u011f\u0131 g\u00f6r\u00fclmektedir. Bu ba\u011flamda el-Mes&#8217;\u00fbd\u00ee&#8217;nin sadece \u201cgece oduncusu\u201d benzetmesi bile dikkate de\u011fer duruyor: O, yazd\u0131klar\u0131nda g\u00f6z tan\u0131kl\u0131\u011f\u0131na sahip olmayan tarih yazar\u0131n\u0131, geceleyin eline gelen her odun par\u00e7as\u0131n\u0131 toplayan bir gece oduncusuna benzetir. Dolay\u0131s\u0131yla el-Mes&#8217;\u00fbd\u00ee&#8217;ye g\u00f6re tarihsel bilgiye ele\u015ftirel bir zihinle yakla\u015fmak gerekmektedir.Bu kitap, an\u0131lan ba\u011flamda \u0130sl\u00e2m tarihyaz\u0131m\u0131nda ele\u015ftirel ger\u00e7eklik nas\u0131l in\u015fa edilmi\u015ftir sorusuna bir cevap bulma aray\u0131\u015f\u0131d\u0131r. Kitap ayn\u0131 zamanda, \u0130sl\u00e2m k\u00fclt\u00fcr\u00fcndeki birbirinden farkl\u0131 geleneklerin ger\u00e7ekli\u011fi nas\u0131l yorumlad\u0131\u011f\u0131 ve alg\u0131lad\u0131\u011f\u0131na da yer vermektedir.\u0130sl\u00e2m \u00f6ncesi toplumlar\u0131n ge\u00e7mi\u015f alg\u0131s\u0131, tarihe, dolay\u0131s\u0131yla zamana bak\u0131\u015f\u0131 ve bilgi (haber) ile kurduklar\u0131 ili\u015fki g\u00f6zden ge\u00e7irilmi\u015ftir. Ayn\u0131 \u00e7er\u00e7evede el-Mes&#8217;\u00fbd\u00ee&#8217;nin tavr\u0131, iki ayr\u0131 eseri: Mur\u00fbcu&#8217;z-Zeheb ve Me&#8217;\u00e2dinu&#8217;l-Cevher ile et- Tenb\u00eeh ve&#8217;l-\u0130\u015fr\u00e2f \u2018tan \u00f6rnekler verilerek ele al\u0131nm\u0131\u015ft\u0131r. Bu \u00e7al\u0131\u015fma belli bir terminoloji etraf\u0131nda zengin bir k\u00fclt\u00fcr\u00fc inceliyor ve kay\u0131p bir haf\u0131zay\u0131 bug\u00fcn i\u00e7in yeniden canland\u0131r\u0131yor.. \ufffcTan\u0131t\u0131m Metni<\/p>\n","protected":false},"excerpt":{"rendered":"<p>bn Hald\u00fbn, kendisinden 450 y\u0131l \u00f6nce ya\u015fayan el-Mes&#8217;\u00fbd\u00ee&#8217;yi \u201ctarih\u00e7ilerin \u00f6nderi\u201d olarak takdim eder. Kimi bat\u0131l\u0131 kaynaklarda ise bu isim \u201cAraplar\u0131n Heredotos\u201du olarak kayda ge\u00e7mi\u015ftir.El-Mes&#8217;\u00fbd\u00ee, zaman\u0131n\u0131 a\u015fan<span class=\"excerpt-hellip\"> [\u2026]<\/span><\/p>\n","protected":false},"featured_media":0,"template":"","meta":{"_monsterinsights_skip_tracking":false,"_monsterinsights_sitenote_active":false,"_monsterinsights_sitenote_note":"","_monsterinsights_sitenote_category":0},"product_brand":[],"product_cat":[12370,12304],"product_tag":[],"class_list":{"0":"post-702711","1":"product","2":"type-product","3":"status-publish","5":"product_cat-arastirma-inceleme","6":"product_cat-tarih","7":"pa_cilt-ciltsiz","8":"pa_tur-kitap","9":"pa_yayinevi-dogu-bati-yayinlari","10":"pa_yazar-emine-sonnur-ozcan","12":"first","13":"instock","14":"sale","15":"shipping-taxable","16":"purchasable","17":"product-type-simple"},"_links":{"self":[{"href":"https:\/\/roveyayinevi.com.tr\/index.php\/wp-json\/wp\/v2\/product\/702711","targetHints":{"allow":["GET"]}}],"collection":[{"href":"https:\/\/roveyayinevi.com.tr\/index.php\/wp-json\/wp\/v2\/product"}],"about":[{"href":"https:\/\/roveyayinevi.com.tr\/index.php\/wp-json\/wp\/v2\/types\/product"}],"wp:attachment":[{"href":"https:\/\/roveyayinevi.com.tr\/index.php\/wp-json\/wp\/v2\/media?parent=702711"}],"wp:term":[{"taxonomy":"product_brand","embeddable":true,"href":"https:\/\/roveyayinevi.com.tr\/index.php\/wp-json\/wp\/v2\/product_brand?post=702711"},{"taxonomy":"product_cat","embeddable":true,"href":"https:\/\/roveyayinevi.com.tr\/index.php\/wp-json\/wp\/v2\/product_cat?post=702711"},{"taxonomy":"product_tag","embeddable":true,"href":"https:\/\/roveyayinevi.com.tr\/index.php\/wp-json\/wp\/v2\/product_tag?post=702711"}],"curies":[{"name":"wp","href":"https:\/\/api.w.org\/{rel}","templated":true}]}}