{"id":702708,"date":"2025-08-27T15:18:23","date_gmt":"2025-08-27T12:18:23","guid":{"rendered":"https:\/\/roveyayinevi.com.tr\/index.php\/urun\/eglenceli-kagit-etkinlikleri-ve-origami\/"},"modified":"2026-04-16T02:11:50","modified_gmt":"2026-04-15T23:11:50","slug":"eglenceli-kagit-etkinlikleri-ve-origami","status":"publish","type":"product","link":"https:\/\/roveyayinevi.com.tr\/index.php\/urun\/eglenceli-kagit-etkinlikleri-ve-origami\/","title":{"rendered":"E\u011flenceli Ka\u011f\u0131t Etkinlikleri ve Origami"},"content":{"rendered":"<p>Bu e\u011flenceli kitap farkl\u0131 origami tekniklerini nas\u0131l uygulayaca\u011f\u0131n konusunda sana heyecan verici fikirler sunuyor. Origaminin temel katlama teknikleri hakk\u0131nda kolay anla\u015f\u0131l\u0131r tan\u0131mlar, pratik \u00f6neriler ve ipu\u00e7lar\u0131 verirken, ka\u011f\u0131tlar\u0131 kesip, boyay\u0131p yap\u0131\u015ft\u0131rarak yapaca\u011f\u0131n daha pek \u00e7ok farkl\u0131 etkinlik de bu kitapta. <\/p>\n","protected":false},"excerpt":{"rendered":"<p>Bu e\u011flenceli kitap farkl\u0131 origami tekniklerini nas\u0131l uygulayaca\u011f\u0131n konusunda sana heyecan verici fikirler sunuyor. Origaminin temel katlama teknikleri hakk\u0131nda kolay anla\u015f\u0131l\u0131r tan\u0131mlar, pratik \u00f6neriler ve ipu\u00e7lar\u0131<span class=\"excerpt-hellip\"> [\u2026]<\/span><\/p>\n","protected":false},"featured_media":0,"template":"","meta":{"_monsterinsights_skip_tracking":false,"_monsterinsights_sitenote_active":false,"_monsterinsights_sitenote_note":"","_monsterinsights_sitenote_category":0},"product_brand":[],"product_cat":[32165,15563],"product_tag":[],"class_list":{"0":"post-702708","1":"product","2":"type-product","3":"status-publish","5":"product_cat-el-sanatlari","6":"product_cat-hobi","7":"pa_cilt-ciltsiz","8":"pa_tur-kitap","9":"pa_yayinevi-1001-cicek-kitaplar","10":"pa_yazar-kate-needham","12":"first","13":"instock","14":"sale","15":"shipping-taxable","16":"purchasable","17":"product-type-simple"},"_links":{"self":[{"href":"https:\/\/roveyayinevi.com.tr\/index.php\/wp-json\/wp\/v2\/product\/702708","targetHints":{"allow":["GET"]}}],"collection":[{"href":"https:\/\/roveyayinevi.com.tr\/index.php\/wp-json\/wp\/v2\/product"}],"about":[{"href":"https:\/\/roveyayinevi.com.tr\/index.php\/wp-json\/wp\/v2\/types\/product"}],"wp:attachment":[{"href":"https:\/\/roveyayinevi.com.tr\/index.php\/wp-json\/wp\/v2\/media?parent=702708"}],"wp:term":[{"taxonomy":"product_brand","embeddable":true,"href":"https:\/\/roveyayinevi.com.tr\/index.php\/wp-json\/wp\/v2\/product_brand?post=702708"},{"taxonomy":"product_cat","embeddable":true,"href":"https:\/\/roveyayinevi.com.tr\/index.php\/wp-json\/wp\/v2\/product_cat?post=702708"},{"taxonomy":"product_tag","embeddable":true,"href":"https:\/\/roveyayinevi.com.tr\/index.php\/wp-json\/wp\/v2\/product_tag?post=702708"}],"curies":[{"name":"wp","href":"https:\/\/api.w.org\/{rel}","templated":true}]}}