{"id":702706,"date":"2025-08-27T15:18:22","date_gmt":"2025-08-27T12:18:22","guid":{"rendered":"https:\/\/roveyayinevi.com.tr\/index.php\/urun\/dugun-dansi-dugun-sarkisi\/"},"modified":"2025-11-22T03:27:15","modified_gmt":"2025-11-22T00:27:15","slug":"dugun-dansi-dugun-sarkisi","status":"publish","type":"product","link":"https:\/\/roveyayinevi.com.tr\/index.php\/urun\/dugun-dansi-dugun-sarkisi\/","title":{"rendered":"D\u00fc\u011f\u00fcn Dans\u0131 &#8211; D\u00fc\u011f\u00fcn \u015eark\u0131s\u0131"},"content":{"rendered":"<p>D\u00fc\u011f\u00fcn Dans\u0131 <\/p>\n","protected":false},"excerpt":{"rendered":"<p>D\u00fc\u011f\u00fcn Dans\u0131<\/p>\n","protected":false},"featured_media":0,"template":"","meta":{"_monsterinsights_skip_tracking":false,"_monsterinsights_sitenote_active":false,"_monsterinsights_sitenote_note":"","_monsterinsights_sitenote_category":0},"product_brand":[],"product_cat":[12291,12711],"product_tag":[],"class_list":{"0":"post-702706","1":"product","2":"type-product","3":"status-publish","5":"product_cat-edebiyat","6":"product_cat-roman-oyku","7":"pa_tur-kitap","8":"pa_yayinevi-arkadya-yayinlari","9":"pa_yazar-lucy-kevin","11":"first","12":"instock","13":"sale","14":"shipping-taxable","15":"purchasable","16":"product-type-simple"},"_links":{"self":[{"href":"https:\/\/roveyayinevi.com.tr\/index.php\/wp-json\/wp\/v2\/product\/702706","targetHints":{"allow":["GET"]}}],"collection":[{"href":"https:\/\/roveyayinevi.com.tr\/index.php\/wp-json\/wp\/v2\/product"}],"about":[{"href":"https:\/\/roveyayinevi.com.tr\/index.php\/wp-json\/wp\/v2\/types\/product"}],"wp:attachment":[{"href":"https:\/\/roveyayinevi.com.tr\/index.php\/wp-json\/wp\/v2\/media?parent=702706"}],"wp:term":[{"taxonomy":"product_brand","embeddable":true,"href":"https:\/\/roveyayinevi.com.tr\/index.php\/wp-json\/wp\/v2\/product_brand?post=702706"},{"taxonomy":"product_cat","embeddable":true,"href":"https:\/\/roveyayinevi.com.tr\/index.php\/wp-json\/wp\/v2\/product_cat?post=702706"},{"taxonomy":"product_tag","embeddable":true,"href":"https:\/\/roveyayinevi.com.tr\/index.php\/wp-json\/wp\/v2\/product_tag?post=702706"}],"curies":[{"name":"wp","href":"https:\/\/api.w.org\/{rel}","templated":true}]}}