{"id":702705,"date":"2025-08-27T15:18:22","date_gmt":"2025-08-27T12:18:22","guid":{"rendered":"https:\/\/roveyayinevi.com.tr\/index.php\/urun\/sifir-yili-1945in-tarihi\/"},"modified":"2026-04-16T02:11:50","modified_gmt":"2026-04-15T23:11:50","slug":"sifir-yili-1945in-tarihi","status":"publish","type":"product","link":"https:\/\/roveyayinevi.com.tr\/index.php\/urun\/sifir-yili-1945in-tarihi\/","title":{"rendered":"S\u0131f\u0131r Y\u0131l\u0131 (1945\u2019in Tarihi)"},"content":{"rendered":"<p>\u0130kinci D\u00fcnya Sava\u015f\u0131 hakk\u0131nda pek \u00e7ok kitap yaz\u0131lm\u0131\u015ft\u0131r ama d\u00fcnya genelindeki felaketin hemen sonras\u0131na yak\u0131ndan bakan kitap say\u0131s\u0131 azd\u0131r. Y\u00fczlerce g\u00f6rg\u00fc tan\u0131\u011f\u0131n\u0131n anlat\u0131m\u0131na ve ki\u015fisel hikayelere dayanan S\u0131f\u0131r Y\u0131l\u0131, mihver devletlerinin teslim olmas\u0131n\u0131n ard\u0131ndan Avrupa\u2019daki yedi ayl\u0131k ve Asya\u2019daki d\u00f6rt ayl\u0131k s\u00fcreci inceliyor ve toplama kamplar\u0131ndan kurtar\u0131lan Holokost felaketzedelerinin ak\u0131betinden, \u0130srail devletinin kurulu\u015funa, \u00c7in\u2019de yeni ba\u015flayan i\u00e7 sava\u015fa ve Japonya\u2019daki M\u00fcttefik i\u015fgaline kadar uzanan konular\u0131 ayr\u0131nt\u0131l\u0131 bir \u015fekilde ele al\u0131yor. Her imhay\u0131 bir in\u015fan\u0131n izledi\u011fi do\u011fruysa, S\u0131f\u0131r Y\u0131l\u0131 ikisi aras\u0131nda kalan ve insanlar\u0131n \u00e7aresizlik kadar b\u00fcy\u00fck umutla da dolu halde bir enkazla kar\u015f\u0131 kar\u015f\u0131ya kald\u0131\u011f\u0131 ola\u011fan\u00fcst\u00fc d\u00f6nemeci ustal\u0131kla sergiliyor. <\/p>\n","protected":false},"excerpt":{"rendered":"<p>\u0130kinci D\u00fcnya Sava\u015f\u0131 hakk\u0131nda pek \u00e7ok kitap yaz\u0131lm\u0131\u015ft\u0131r ama d\u00fcnya genelindeki felaketin hemen sonras\u0131na yak\u0131ndan bakan kitap say\u0131s\u0131 azd\u0131r. Y\u00fczlerce g\u00f6rg\u00fc tan\u0131\u011f\u0131n\u0131n anlat\u0131m\u0131na ve ki\u015fisel hikayelere<span class=\"excerpt-hellip\"> [\u2026]<\/span><\/p>\n","protected":false},"featured_media":0,"template":"","meta":{"_monsterinsights_skip_tracking":false,"_monsterinsights_sitenote_active":false,"_monsterinsights_sitenote_note":"","_monsterinsights_sitenote_category":0},"product_brand":[],"product_cat":[13590,12337],"product_tag":[],"class_list":{"0":"post-702705","1":"product","2":"type-product","3":"status-publish","5":"product_cat-arastirma-inceleme-politika-siyaset","6":"product_cat-politika-siyaset","7":"pa_cilt-ciltsiz","8":"pa_tur-kitap","9":"pa_yayinevi-yapi-kredi-yayinlari","10":"pa_yazar-ian-buruma","12":"first","13":"instock","14":"sale","15":"shipping-taxable","16":"purchasable","17":"product-type-simple"},"_links":{"self":[{"href":"https:\/\/roveyayinevi.com.tr\/index.php\/wp-json\/wp\/v2\/product\/702705","targetHints":{"allow":["GET"]}}],"collection":[{"href":"https:\/\/roveyayinevi.com.tr\/index.php\/wp-json\/wp\/v2\/product"}],"about":[{"href":"https:\/\/roveyayinevi.com.tr\/index.php\/wp-json\/wp\/v2\/types\/product"}],"wp:attachment":[{"href":"https:\/\/roveyayinevi.com.tr\/index.php\/wp-json\/wp\/v2\/media?parent=702705"}],"wp:term":[{"taxonomy":"product_brand","embeddable":true,"href":"https:\/\/roveyayinevi.com.tr\/index.php\/wp-json\/wp\/v2\/product_brand?post=702705"},{"taxonomy":"product_cat","embeddable":true,"href":"https:\/\/roveyayinevi.com.tr\/index.php\/wp-json\/wp\/v2\/product_cat?post=702705"},{"taxonomy":"product_tag","embeddable":true,"href":"https:\/\/roveyayinevi.com.tr\/index.php\/wp-json\/wp\/v2\/product_tag?post=702705"}],"curies":[{"name":"wp","href":"https:\/\/api.w.org\/{rel}","templated":true}]}}