{"id":702704,"date":"2025-08-27T15:18:21","date_gmt":"2025-08-27T12:18:21","guid":{"rendered":"https:\/\/roveyayinevi.com.tr\/index.php\/urun\/milada-donus\/"},"modified":"2026-04-16T02:11:50","modified_gmt":"2026-04-15T23:11:50","slug":"milada-donus","status":"publish","type":"product","link":"https:\/\/roveyayinevi.com.tr\/index.php\/urun\/milada-donus\/","title":{"rendered":"Milada D\u00f6n\u00fc\u015f"},"content":{"rendered":"<p>\u201cK\u00fcrt (ve T\u00fcrk) meselesinde bir milada d\u00f6n\u00fc\u015f ya\u015fan\u0131yor. K\u00fcrt sorununun k\u00f6kleri, 1918-1926 y\u0131llar\u0131 aras\u0131ndaki geli\u015fmelerde ve al\u0131nan politik kararlarda yat\u0131yor. O y\u0131llardaki \u015fartlar ve yan\u0131tlanmas\u0131 gereken temel sorular, bug\u00fcnk\u00fclere \u00e7ok benziyor.\u201d Bu kez daha iyi yan\u0131tlar verilebilecek mi? Somer\u2019e g\u00f6re, sorunun kayna\u011f\u0131ndaki ikilemlere ula\u015fmak i\u00e7in K\u00fcrtlerden \u00e7ok T\u00fcrklere ve Ortado\u011fu\u2019ya bakmak gerekiyor. Bu sorunu kurulu\u015f d\u00f6neminden g\u00fcn\u00fcm\u00fcze kadar inceleyen Somer, T\u00fcrk ve K\u00fcrt meselesinin temelinde \u00fc\u00e7 ikilem yatt\u0131\u011f\u0131 sonucuna var\u0131yor: ayr\u0131l\u0131k\u00e7\u0131l\u0131k potansiyelinin bertaraf edilememesinden kaynaklanan d\u0131\u015f g\u00fcvensizlik ikilemi, siyasal akt\u00f6rlerin ideoloji veya iktidar m\u00fccadelelerinden do\u011fan elit i\u015fbirli\u011fi ikilemi ve hem K\u00fcrtlerin g\u00f6r\u00fclmek ve e\u015fitlik taleplerini kar\u015f\u0131layabilen hem de toplumun ihtiyac\u0131n\u0131 tatmin eden bir kimlik gereksiniminden do\u011fan ortak kimlik ikilemi. Milada D\u00f6n\u00fc\u015f: Ulus-Devletten DevletUlusa T\u00fcrk ve K\u00fcrt Meselesinin \u00dc\u00e7 I\u0307kilemi, bu ikilemleri a\u015fmak i\u00e7in uyumlu ortak kimlikler ve devlet-ulus gibi kavramlar\u0131 ve somut \u00e7\u00f6z\u00fcm \u00f6nerilerini sunuyor. \u201cMurat Somer her g\u00fcn de\u011fi\u015fip yeni bi\u00e7imler alan K\u00fcrt sorununu sa\u011flam bir kuramsal \u00e7er\u00e7eveye oturtup tarihsel bir a\u00e7\u0131dan inceliyor. Bu \u00e7al\u0131\u015fmas\u0131y- la hem T\u00fcrkiye\u2019deki toplum bilimi birikimine katk\u0131 yap\u0131yor, hem bu kar- ma\u015f\u0131k sorunu anlamam\u0131za yard\u0131m ediyor hem de \u00e7\u00f6z\u00fcme y\u00f6nelik pratik \u00f6neriler getiriyor. &#8230; Milada D\u00f6n\u00fc\u015f bu \u00fc\u00e7 alanda yapt\u0131\u011f\u0131 de\u011ferli katk\u0131larla ve \u00f6zg\u00fcn kaynaklara dayanan ara\u015ft\u0131rmas\u0131yla etkisi uzun y\u0131llar s\u00fcrecek \u00e7ok \u00f6nemli bir kitap.\u201d Re\u015fat Kasaba, Stanley D. Golub Chair of International Studies Jackson School of International Studies, University of Washington, Seattle Murat Somer, Ko\u00e7 \u00dcniversitesi Siyaset Bilimi ve Uluslararas\u0131 I \u0307 li\u015fkiler B\u00f6l\u00fcm\u00fcnde \u00f6\u011fretim \u00fcyesidir.<\/p>\n","protected":false},"excerpt":{"rendered":"<p>\u201cK\u00fcrt (ve T\u00fcrk) meselesinde bir milada d\u00f6n\u00fc\u015f ya\u015fan\u0131yor. K\u00fcrt sorununun k\u00f6kleri, 1918-1926 y\u0131llar\u0131 aras\u0131ndaki geli\u015fmelerde ve al\u0131nan politik kararlarda yat\u0131yor. O y\u0131llardaki \u015fartlar ve yan\u0131tlanmas\u0131 gereken<span class=\"excerpt-hellip\"> [\u2026]<\/span><\/p>\n","protected":false},"featured_media":0,"template":"","meta":{"_monsterinsights_skip_tracking":false,"_monsterinsights_sitenote_active":false,"_monsterinsights_sitenote_note":"","_monsterinsights_sitenote_category":0},"product_brand":[],"product_cat":[12965,12337],"product_tag":[],"class_list":{"0":"post-702704","1":"product","2":"type-product","3":"status-publish","5":"product_cat-genel-politika","6":"product_cat-politika-siyaset","7":"pa_cilt-ciltsiz","8":"pa_tur-kitap","9":"pa_yayinevi-koc-universitesi-yayinlari","10":"pa_yazar-murat-somer","12":"first","13":"instock","14":"sale","15":"shipping-taxable","16":"purchasable","17":"product-type-simple"},"_links":{"self":[{"href":"https:\/\/roveyayinevi.com.tr\/index.php\/wp-json\/wp\/v2\/product\/702704","targetHints":{"allow":["GET"]}}],"collection":[{"href":"https:\/\/roveyayinevi.com.tr\/index.php\/wp-json\/wp\/v2\/product"}],"about":[{"href":"https:\/\/roveyayinevi.com.tr\/index.php\/wp-json\/wp\/v2\/types\/product"}],"wp:attachment":[{"href":"https:\/\/roveyayinevi.com.tr\/index.php\/wp-json\/wp\/v2\/media?parent=702704"}],"wp:term":[{"taxonomy":"product_brand","embeddable":true,"href":"https:\/\/roveyayinevi.com.tr\/index.php\/wp-json\/wp\/v2\/product_brand?post=702704"},{"taxonomy":"product_cat","embeddable":true,"href":"https:\/\/roveyayinevi.com.tr\/index.php\/wp-json\/wp\/v2\/product_cat?post=702704"},{"taxonomy":"product_tag","embeddable":true,"href":"https:\/\/roveyayinevi.com.tr\/index.php\/wp-json\/wp\/v2\/product_tag?post=702704"}],"curies":[{"name":"wp","href":"https:\/\/api.w.org\/{rel}","templated":true}]}}