{"id":702703,"date":"2025-08-27T15:18:21","date_gmt":"2025-08-27T12:18:21","guid":{"rendered":"https:\/\/roveyayinevi.com.tr\/index.php\/urun\/turkiye-dunyanin-neresinde\/"},"modified":"2026-04-16T02:11:50","modified_gmt":"2026-04-15T23:11:50","slug":"turkiye-dunyanin-neresinde","status":"publish","type":"product","link":"https:\/\/roveyayinevi.com.tr\/index.php\/urun\/turkiye-dunyanin-neresinde\/","title":{"rendered":"T\u00fcrkiye D\u00fcnyan\u0131n Neresinde?"},"content":{"rendered":"<p>T\u00fcrkiye\u2019nin co\u011frafi konumu nedeniyle stratejik bir \u00fclke oldu\u011fu senelerce \u00e7e\u015fitli \u015fekillerde vurgulanm\u0131\u015ft\u0131r. Bu alg\u0131ya dayanarak \u201czor co\u011frafya\u201d dayatmas\u0131 demokrasi tart\u0131\u015fmas\u0131ndan ifade \u00f6zg\u00fcrl\u00fc\u011f\u00fcne, insan haklar\u0131ndan se\u00e7im baraj\u0131na dek bir \u00e7ok konuda siyaseti ve sivil talepleri suskunla\u015ft\u0131rm\u0131\u015f; \u201cg\u00fc\u00e7l\u00fc devlet\u201d arg\u00fcman\u0131n\u0131 peki\u015ftirmi\u015ftir. Bu sadece resmi siyasi s\u00f6ylemde de\u011fil, g\u00fcndelik pratiklerde de ortaya \u00e7\u0131kan bir varsay\u0131md\u0131r. T\u00fcrkiye\u2019nin bir \u201ck\u00f6pr\u00fc\u201d ya da \u201cmerkez\u201d \u00fclke oldu\u011fu, K\u0131br\u0131s\u2019\u0131n T\u00fcrkiye\u2019nin \u201cyavru\u201dsu oldu\u011fu gibi co\u011frafi kategoriler s\u00fcrekli kar\u015f\u0131la\u015ft\u0131\u011f\u0131m\u0131z ve yeniden \u00fcretti\u011fimiz kal\u0131plar ve tahayy\u00fcller haline gelmi\u015ftir. <\/p>\n","protected":false},"excerpt":{"rendered":"<p>T\u00fcrkiye\u2019nin co\u011frafi konumu nedeniyle stratejik bir \u00fclke oldu\u011fu senelerce \u00e7e\u015fitli \u015fekillerde vurgulanm\u0131\u015ft\u0131r. Bu alg\u0131ya dayanarak \u201czor co\u011frafya\u201d dayatmas\u0131 demokrasi tart\u0131\u015fmas\u0131ndan ifade \u00f6zg\u00fcrl\u00fc\u011f\u00fcne, insan haklar\u0131ndan se\u00e7im baraj\u0131na<span class=\"excerpt-hellip\"> [\u2026]<\/span><\/p>\n","protected":false},"featured_media":0,"template":"","meta":{"_monsterinsights_skip_tracking":false,"_monsterinsights_sitenote_active":false,"_monsterinsights_sitenote_note":"","_monsterinsights_sitenote_category":0},"product_brand":[],"product_cat":[12965,12337],"product_tag":[],"class_list":{"0":"post-702703","1":"product","2":"type-product","3":"status-publish","5":"product_cat-genel-politika","6":"product_cat-politika-siyaset","7":"pa_tur-kitap","8":"pa_yayinevi-koc-universitesi-yayinlari","9":"pa_yazar-pinar-bilgin","11":"first","12":"instock","13":"sale","14":"shipping-taxable","15":"purchasable","16":"product-type-simple"},"_links":{"self":[{"href":"https:\/\/roveyayinevi.com.tr\/index.php\/wp-json\/wp\/v2\/product\/702703","targetHints":{"allow":["GET"]}}],"collection":[{"href":"https:\/\/roveyayinevi.com.tr\/index.php\/wp-json\/wp\/v2\/product"}],"about":[{"href":"https:\/\/roveyayinevi.com.tr\/index.php\/wp-json\/wp\/v2\/types\/product"}],"wp:attachment":[{"href":"https:\/\/roveyayinevi.com.tr\/index.php\/wp-json\/wp\/v2\/media?parent=702703"}],"wp:term":[{"taxonomy":"product_brand","embeddable":true,"href":"https:\/\/roveyayinevi.com.tr\/index.php\/wp-json\/wp\/v2\/product_brand?post=702703"},{"taxonomy":"product_cat","embeddable":true,"href":"https:\/\/roveyayinevi.com.tr\/index.php\/wp-json\/wp\/v2\/product_cat?post=702703"},{"taxonomy":"product_tag","embeddable":true,"href":"https:\/\/roveyayinevi.com.tr\/index.php\/wp-json\/wp\/v2\/product_tag?post=702703"}],"curies":[{"name":"wp","href":"https:\/\/api.w.org\/{rel}","templated":true}]}}