{"id":702701,"date":"2025-08-27T15:18:20","date_gmt":"2025-08-27T12:18:20","guid":{"rendered":"https:\/\/roveyayinevi.com.tr\/index.php\/urun\/ahir-zaman-gulusleri\/"},"modified":"2026-04-16T02:11:50","modified_gmt":"2026-04-15T23:11:50","slug":"ahir-zaman-gulusleri","status":"publish","type":"product","link":"https:\/\/roveyayinevi.com.tr\/index.php\/urun\/ahir-zaman-gulusleri\/","title":{"rendered":"Ahir Zaman G\u00fcl\u00fc\u015fleri"},"content":{"rendered":"<p>Son peygamber, Yarat\u0131c\u0131dan gelen son kitab\u0131 kullara ula\u015ft\u0131rd\u0131ktan sonra, hangi zamanda ya\u015farsa ya\u015fas\u0131n faniler kendi zamanlar\u0131n\u0131 ahir bildiler. Ahir zamana kald\u0131 diye dertlenen \u015fairin ya\u015fad\u0131\u011f\u0131 devrin \u00fczerinden y\u00fczy\u0131llar gelip ge\u00e7ti. Kendini bilen her fani zaman\u0131n\u0131 ahir bildi. H\u00fczn\u00fcne tebess\u00fcm, tebess\u00fcme h\u00fcz\u00fcn ekti. Ahir Zaman G\u00fcl\u00fc\u015fleri, Hikaye merhemdir, usul usul ge\u00e7er yaralar\u0131n \u00fcst\u00fcnden diyen sosyolog-hikayeci Fatma Karab\u0131y\u0131k Barbaroso\u011flu&#8217;nun d\u00f6rd\u00fcnc\u00fc hikaye kitab\u0131 \u00c7a\u011fda\u015f hikayenin \u00f6nde gelen isimlerinden olan Barbaroso\u011flu, Ahir Zaman G\u00fcl\u00fc\u015fleri&#8217;nde de\u011fi\u015fimin h\u0131z\u0131 kar\u015f\u0131s\u0131nda insan olma cevherini koruma \u00e7abas\u0131 g\u00f6steren ahir zaman insan\u0131n\u0131n trajik komik hikayesini usta bir dille sunuyor okuyucular\u0131na. \ufffcTan\u0131t\u0131m Metni<\/p>\n","protected":false},"excerpt":{"rendered":"<p>Son peygamber, Yarat\u0131c\u0131dan gelen son kitab\u0131 kullara ula\u015ft\u0131rd\u0131ktan sonra, hangi zamanda ya\u015farsa ya\u015fas\u0131n faniler kendi zamanlar\u0131n\u0131 ahir bildiler. Ahir zamana kald\u0131 diye dertlenen \u015fairin ya\u015fad\u0131\u011f\u0131 devrin<span class=\"excerpt-hellip\"> [\u2026]<\/span><\/p>\n","protected":false},"featured_media":0,"template":"","meta":{"_monsterinsights_skip_tracking":false,"_monsterinsights_sitenote_active":false,"_monsterinsights_sitenote_note":"","_monsterinsights_sitenote_category":0},"product_brand":[],"product_cat":[12291,12292],"product_tag":[],"class_list":{"0":"post-702701","1":"product","2":"type-product","3":"status-publish","5":"product_cat-edebiyat","6":"product_cat-turk-edebiyati","7":"pa_cilt-ciltsiz","8":"pa_tur-kitap","9":"pa_yayinevi-profil-kitap","10":"pa_yazar-fatma-barbarosoglu","12":"first","13":"instock","14":"sale","15":"shipping-taxable","16":"purchasable","17":"product-type-simple"},"_links":{"self":[{"href":"https:\/\/roveyayinevi.com.tr\/index.php\/wp-json\/wp\/v2\/product\/702701","targetHints":{"allow":["GET"]}}],"collection":[{"href":"https:\/\/roveyayinevi.com.tr\/index.php\/wp-json\/wp\/v2\/product"}],"about":[{"href":"https:\/\/roveyayinevi.com.tr\/index.php\/wp-json\/wp\/v2\/types\/product"}],"wp:attachment":[{"href":"https:\/\/roveyayinevi.com.tr\/index.php\/wp-json\/wp\/v2\/media?parent=702701"}],"wp:term":[{"taxonomy":"product_brand","embeddable":true,"href":"https:\/\/roveyayinevi.com.tr\/index.php\/wp-json\/wp\/v2\/product_brand?post=702701"},{"taxonomy":"product_cat","embeddable":true,"href":"https:\/\/roveyayinevi.com.tr\/index.php\/wp-json\/wp\/v2\/product_cat?post=702701"},{"taxonomy":"product_tag","embeddable":true,"href":"https:\/\/roveyayinevi.com.tr\/index.php\/wp-json\/wp\/v2\/product_tag?post=702701"}],"curies":[{"name":"wp","href":"https:\/\/api.w.org\/{rel}","templated":true}]}}