{"id":702700,"date":"2025-08-27T15:18:20","date_gmt":"2025-08-27T12:18:20","guid":{"rendered":"https:\/\/roveyayinevi.com.tr\/index.php\/urun\/arastirma-yontemleri-desen-ve-analiz\/"},"modified":"2026-04-16T02:11:49","modified_gmt":"2026-04-15T23:11:49","slug":"arastirma-yontemleri-desen-ve-analiz","status":"publish","type":"product","link":"https:\/\/roveyayinevi.com.tr\/index.php\/urun\/arastirma-yontemleri-desen-ve-analiz\/","title":{"rendered":"Ara\u015ft\u0131rma Y\u00f6ntemleri : Desen ve Analiz"},"content":{"rendered":"<p>Ara\u015ft\u0131rma Y\u00f6ntemleri:Desen ve Analiz kitab\u0131,ara\u015ft\u0131rma s\u00fcrecini ba\u015f\u0131ndan sonuna kadar,detayl\u0131 bir bi\u00e7imde ve \u00f6rneklerle ele alan bir referans kayna\u011f\u0131d\u0131r.Ara\u015ft\u0131rma ile ilgili kaynaklar genellikle okuyucunun bu konuda belli bir \u00f6n bilgiye sahip oldu\u011funu varsayar.Ancak,her zaman bu ge\u00e7erli bir varsay\u0131m olmamaktad\u0131r.Bu kayna\u011f\u0131n klasik kaynaklardan temel fark\u0131,farkl\u0131 ara\u015ft\u0131rma geleneklerini i\u00e7ermesi,temel kavramlar\u0131 vurgulamas\u0131,\u00f6rnek,\u015fekil ve g\u00f6rsellerle t\u00fcm s\u00fcreci detayl\u0131 bir bi\u00e7imde ele almas\u0131d\u0131r.Hi\u00e7bir kayna\u011f\u0131n t\u00fcm sorulara cevap vermesi beklenemez,ama bu sorular\u0131n bir\u00e7o\u011funa cevap verebiliyorsa,bu durumda \u00f6nemli bir i\u015f yapt\u0131\u011f\u0131 ifade edilebilir. Bu anlamda kitap,ara\u015ft\u0131rmac\u0131n\u0131n \u00f6nemli bir d\u00fczeyde ara\u015ft\u0131rma s\u00fcrecinde ba\u015fkalar\u0131na ba\u011f\u0131ml\u0131l\u0131\u011f\u0131n\u0131 azaltabilecek bir eserdir.Kitab\u0131n benzeriyle kar\u015f\u0131la\u015ft\u0131r\u0131ld\u0131\u011f\u0131nda,g\u00f6reli olarak yeni olmas\u0131na ra\u011fmen,k\u0131sa zamanda fazla say\u0131da bask\u0131n\u0131n yap\u0131lm\u0131\u015f olmas\u0131,bu \u00f6zelleliklerinin bir sonucu oldu\u011fu s\u00f6ylenebilir.<\/p>\n","protected":false},"excerpt":{"rendered":"<p>Ara\u015ft\u0131rma Y\u00f6ntemleri:Desen ve Analiz kitab\u0131,ara\u015ft\u0131rma s\u00fcrecini ba\u015f\u0131ndan sonuna kadar,detayl\u0131 bir bi\u00e7imde ve \u00f6rneklerle ele alan bir referans kayna\u011f\u0131d\u0131r.Ara\u015ft\u0131rma ile ilgili kaynaklar genellikle okuyucunun bu konuda belli<span class=\"excerpt-hellip\"> [\u2026]<\/span><\/p>\n","protected":false},"featured_media":0,"template":"","meta":{"_monsterinsights_skip_tracking":false,"_monsterinsights_sitenote_active":false,"_monsterinsights_sitenote_note":"","_monsterinsights_sitenote_category":0},"product_brand":[],"product_cat":[12573,12566],"product_tag":[],"class_list":{"0":"post-702700","1":"product","2":"type-product","3":"status-publish","5":"product_cat-akademik-kitaplar","6":"product_cat-egitim","7":"pa_cilt-ciltsiz","8":"pa_tur-kitap","9":"pa_yayinevi-ani-yayincilik","10":"pa_yazar-kolektif","12":"first","13":"instock","14":"sale","15":"shipping-taxable","16":"purchasable","17":"product-type-simple"},"_links":{"self":[{"href":"https:\/\/roveyayinevi.com.tr\/index.php\/wp-json\/wp\/v2\/product\/702700","targetHints":{"allow":["GET"]}}],"collection":[{"href":"https:\/\/roveyayinevi.com.tr\/index.php\/wp-json\/wp\/v2\/product"}],"about":[{"href":"https:\/\/roveyayinevi.com.tr\/index.php\/wp-json\/wp\/v2\/types\/product"}],"wp:attachment":[{"href":"https:\/\/roveyayinevi.com.tr\/index.php\/wp-json\/wp\/v2\/media?parent=702700"}],"wp:term":[{"taxonomy":"product_brand","embeddable":true,"href":"https:\/\/roveyayinevi.com.tr\/index.php\/wp-json\/wp\/v2\/product_brand?post=702700"},{"taxonomy":"product_cat","embeddable":true,"href":"https:\/\/roveyayinevi.com.tr\/index.php\/wp-json\/wp\/v2\/product_cat?post=702700"},{"taxonomy":"product_tag","embeddable":true,"href":"https:\/\/roveyayinevi.com.tr\/index.php\/wp-json\/wp\/v2\/product_tag?post=702700"}],"curies":[{"name":"wp","href":"https:\/\/api.w.org\/{rel}","templated":true}]}}