{"id":702699,"date":"2025-08-27T15:18:19","date_gmt":"2025-08-27T12:18:19","guid":{"rendered":"https:\/\/roveyayinevi.com.tr\/index.php\/urun\/edebiyat-nedir\/"},"modified":"2026-04-16T02:11:49","modified_gmt":"2026-04-15T23:11:49","slug":"edebiyat-nedir","status":"publish","type":"product","link":"https:\/\/roveyayinevi.com.tr\/index.php\/urun\/edebiyat-nedir\/","title":{"rendered":"Edebiyat Nedir?"},"content":{"rendered":"<p>Edebiyat Nedir, 20. y\u00fczy\u0131l\u0131n en etkili d\u00fc\u015f\u00fcn\u00fcr ve yazarlar\u0131ndan Jean-Paul Sartre\u2019\u0131n 1940\u2019lar\u0131n sonlar\u0131ndaki k\u00fcltle\u015fmi\u015f kitaplar\u0131ndan. Kuram ve eylem adam\u0131 niteliklerini birle\u015ftiren, yazar-ayd\u0131n kimli\u011fiyle yayg\u0131n bir etki uyand\u0131ran Sartre, d\u00f6neminde tart\u0131\u015fmalara yol a\u00e7an bu kitab\u0131nda edebiyat kavram\u0131n\u0131 \u2018yazar\u2019, \u2018yazar\u0131n g\u00f6revi\u2019 ve \u2018okurun konumu\u2019 \u00fczerinden \u00fc\u00e7 ayr\u0131 kategoride ele al\u0131yor. Yazar\u0131, \u00e7a\u011f\u0131n\u0131n d\u00fcnyas\u0131na s\u0131rt \u00e7evirmeyen, ya\u015fad\u0131\u011f\u0131 d\u00f6nemin ger\u00e7eklerinden, \u00e7\u0131kmazlar\u0131ndan esinlenerek tavr\u0131n\u0131 ve eylemini belirleyen ayd\u0131n olarak g\u00f6r\u00fcyor. Bireyin k\u00f6kten \u00f6zg\u00fcrl\u00fc\u011f\u00fcn\u00fc savunan varolu\u015f\u00e7ulu\u011fun bu b\u00fcy\u00fck s\u00f6zc\u00fcs\u00fc, okurlar\u0131n\u0131 da \u00f6zg\u00fcrle\u015fme s\u00fcrecine ta\u015f\u0131mas\u0131 gereken ayd\u0131n\u0131n g\u00f6revini \u2018yazarken de\u011fi\u015ftirmek, yazarken \u00f6zg\u00fcrle\u015ftirmek\u2019 diye tan\u0131ml\u0131yor. Edebiyata \u2018ba\u011flanma\u2019 kavram\u0131 a\u00e7\u0131s\u0131ndan yakla\u015f\u0131rken, Ayd\u0131nlanma \u00c7a\u011f\u0131\u2019n\u0131n g\u00fcn\u00fcn\u00fcn tan\u0131\u011f\u0131 ayd\u0131n\u0131n\u0131 \u00f6v\u00fcyor, 19. y\u00fczy\u0131l\u0131n burjuva ahl\u00e2k\u0131n\u0131 dayatan ger\u00e7ek\u00e7i yazarlara ate\u015f p\u00fcsk\u00fcr\u00fcyor. Sartre\u2019\u0131n edebiyat\u0131 oldu\u011fu kadar yazar\u0131 da sorgulayan bu k\u00fclt metni, her insan herkes kar\u015f\u0131s\u0131nda her \u015feyden sorumludur\u2019 diyen Dostoyevski\u2019nin s\u00f6zlerini do\u011fruluyor. <\/p>\n","protected":false},"excerpt":{"rendered":"<p>Edebiyat Nedir, 20. y\u00fczy\u0131l\u0131n en etkili d\u00fc\u015f\u00fcn\u00fcr ve yazarlar\u0131ndan Jean-Paul Sartre\u2019\u0131n 1940\u2019lar\u0131n sonlar\u0131ndaki k\u00fcltle\u015fmi\u015f kitaplar\u0131ndan. Kuram ve eylem adam\u0131 niteliklerini birle\u015ftiren, yazar-ayd\u0131n kimli\u011fiyle yayg\u0131n bir etki<span class=\"excerpt-hellip\"> [\u2026]<\/span><\/p>\n","protected":false},"featured_media":0,"template":"","meta":{"_monsterinsights_skip_tracking":false,"_monsterinsights_sitenote_active":false,"_monsterinsights_sitenote_note":"","_monsterinsights_sitenote_category":0},"product_brand":[],"product_cat":[12777,12291],"product_tag":[],"class_list":{"0":"post-702699","1":"product","2":"type-product","3":"status-publish","5":"product_cat-deneme","6":"product_cat-edebiyat","7":"pa_cilt-ciltsiz","8":"pa_tur-kitap","9":"pa_yayinevi-can-yayinlari","10":"pa_yazar-jean-paul-sartre","12":"first","13":"instock","14":"sale","15":"shipping-taxable","16":"purchasable","17":"product-type-simple"},"_links":{"self":[{"href":"https:\/\/roveyayinevi.com.tr\/index.php\/wp-json\/wp\/v2\/product\/702699","targetHints":{"allow":["GET"]}}],"collection":[{"href":"https:\/\/roveyayinevi.com.tr\/index.php\/wp-json\/wp\/v2\/product"}],"about":[{"href":"https:\/\/roveyayinevi.com.tr\/index.php\/wp-json\/wp\/v2\/types\/product"}],"wp:attachment":[{"href":"https:\/\/roveyayinevi.com.tr\/index.php\/wp-json\/wp\/v2\/media?parent=702699"}],"wp:term":[{"taxonomy":"product_brand","embeddable":true,"href":"https:\/\/roveyayinevi.com.tr\/index.php\/wp-json\/wp\/v2\/product_brand?post=702699"},{"taxonomy":"product_cat","embeddable":true,"href":"https:\/\/roveyayinevi.com.tr\/index.php\/wp-json\/wp\/v2\/product_cat?post=702699"},{"taxonomy":"product_tag","embeddable":true,"href":"https:\/\/roveyayinevi.com.tr\/index.php\/wp-json\/wp\/v2\/product_tag?post=702699"}],"curies":[{"name":"wp","href":"https:\/\/api.w.org\/{rel}","templated":true}]}}