{"id":702698,"date":"2025-08-27T15:18:19","date_gmt":"2025-08-27T12:18:19","guid":{"rendered":"https:\/\/roveyayinevi.com.tr\/index.php\/urun\/kutsal-ekonomi\/"},"modified":"2026-04-16T02:11:49","modified_gmt":"2026-04-15T23:11:49","slug":"kutsal-ekonomi","status":"publish","type":"product","link":"https:\/\/roveyayinevi.com.tr\/index.php\/urun\/kutsal-ekonomi\/","title":{"rendered":"Kutsal Ekonomi"},"content":{"rendered":"<p>Diyelim ki \u015firin bir tarladan bir kasa dolusu \u00e7ilek toplad\u0131n\u0131z. Harika g\u00f6r\u00fcnseler de neticede \u00e7ilek bu, bekledik\u00e7e bozulur, \u00e7\u00fcr\u00fcr. Bu \u00e7ilekleri ne yapars\u0131n\u0131z? Yiyebilece\u011finiz kadar\u0131n\u0131 yiyip kalan\u0131n\u0131n \u00e7\u00fcr\u00fcmesini mi beklersiniz, yoksa onlar\u0131 ba\u015fkalar\u0131yla m\u0131 payla\u015f\u0131rs\u0131n\u0131z? \u0130kinci se\u00e7ene\u011fe daha yak\u0131n oldu\u011funuza eminiz. Ayn\u0131 ko\u015fulu yery\u00fcz\u00fcndeki t\u00fcm paralara uyarlayal\u0131m. 1.000 liran\u0131z var. Ama bekledik\u00e7e bozuluyor, \u00e7\u00fcr\u00fcyor. \u00d6b\u00fcr aya 900 lira oluyor. Bu biraz tan\u0131d\u0131k gelebilir, ama unutmay\u0131n: Art\u0131k herkesin paras\u0131 b\u00f6yle. Paran\u0131z\u0131 stabil bir kura \u00e7evirip de\u011ferini koruma imkan\u0131n\u0131z kalmad\u0131. Bu durumda ne yapars\u0131n\u0131z? \u0130htiyac\u0131n\u0131z kadar\u0131n\u0131 harcay\u0131p kalan\u0131n\u0131n gitgide erimesini mi beklersiniz, yoksa onu da, t\u0131pk\u0131 \u00e7ilekleriniz gibi, ba\u015fkalar\u0131yla m\u0131 payla\u015f\u0131rs\u0131n\u0131z? Yazar Charles Eisenstein\u2019\u0131n arzulad\u0131\u011f\u0131 d\u00fcnya, i\u015fte b\u00f6yle bir d\u00fcnya. Paran\u0131n do\u011fas\u0131 gere\u011fi herkesin \u201celinin kiri\u201d oldu\u011fu, c\u00f6mertli\u011fin, arma\u011fan\u0131n d\u00fcnyas\u0131. Kutsal Ekonomi\u2019de \u00f6ng\u00f6r\u00fclen hedef, ekonomiyi d\u00fcnyevili\u011finden kurtar\u0131p ona kutsal bir kimlik kazand\u0131rmak. Emekten i\u00e7me suyuna, yavru kedilerden evde yapt\u0131\u011f\u0131n\u0131z bir f\u0131st\u0131k ezmesine kadar her \u015feyin ka\u00e7\u0131n\u0131lmaz bir \u015fekilde parayla al\u0131n\u0131p sat\u0131ld\u0131\u011f\u0131 bir d\u00fcnyada ya\u015famay\u0131 istiyor muyuz ger\u00e7ekten? Para, bir kasa \u00e7ile\u011fin aksine kenarda durduk\u00e7a de\u011ferlenen bir \u015fey olduk\u00e7a aksi pek m\u00fcmk\u00fcn g\u00f6r\u00fcnm\u00fcyor. Yaln\u0131zca bir de\u011fi\u015f toku\u015f arac\u0131 olarak hayat\u0131m\u0131za giren bu kullan\u0131\u015fl\u0131 ara\u00e7, bug\u00fcn geldi\u011fimiz noktada topluluklar\u0131n ve manevi ba\u011flar\u0131n alt\u0131n\u0131 oyan; yabanc\u0131la\u015fma, rekabet, bencillik ve k\u0131tl\u0131ktan ba\u015fka bir \u015fey vadetmeyen bir hastal\u0131\u011fa d\u00f6n\u00fc\u015ft\u00fc. Sermayenin domuz kumbaras\u0131 her ge\u00e7en g\u00fcn \u015fi\u015ferken, birikimi olmayanlar s\u00fcrekli olarak daha \u00e7ok \u00e7abalamak, d\u00fcnden daha fazla kazanmak zorunda. Kutsal Ekonomi, h\u0131r\u0131lt\u0131l\u0131 solu\u011funu gitgide artan bir \u015fiddetle ensemizde hissetti\u011fimiz modern ekonomik sistemin krizi i\u00e7in herkese hitap eden, hassas, anla\u015f\u0131l\u0131r ve en \u00f6nemlisi insanc\u0131l bir \u00e7\u0131k\u0131\u015f kap\u0131s\u0131.<\/p>\n","protected":false},"excerpt":{"rendered":"<p>Diyelim ki \u015firin bir tarladan bir kasa dolusu \u00e7ilek toplad\u0131n\u0131z. Harika g\u00f6r\u00fcnseler de neticede \u00e7ilek bu, bekledik\u00e7e bozulur, \u00e7\u00fcr\u00fcr. Bu \u00e7ilekleri ne yapars\u0131n\u0131z? Yiyebilece\u011finiz kadar\u0131n\u0131 yiyip<span class=\"excerpt-hellip\"> [\u2026]<\/span><\/p>\n","protected":false},"featured_media":0,"template":"","meta":{"_monsterinsights_skip_tracking":false,"_monsterinsights_sitenote_active":false,"_monsterinsights_sitenote_note":"","_monsterinsights_sitenote_category":0},"product_brand":[],"product_cat":[13043,37200],"product_tag":[],"class_list":{"0":"post-702698","1":"product","2":"type-product","3":"status-publish","5":"product_cat-ekonomi","6":"product_cat-referans-kitaplar-ekonomi","7":"pa_cilt-ciltsiz","8":"pa_tur-kitap","9":"pa_yayinevi-okuyan-us-yayin","10":"pa_yazar-charles-eisenstein","12":"first","13":"instock","14":"sale","15":"shipping-taxable","16":"purchasable","17":"product-type-simple"},"_links":{"self":[{"href":"https:\/\/roveyayinevi.com.tr\/index.php\/wp-json\/wp\/v2\/product\/702698","targetHints":{"allow":["GET"]}}],"collection":[{"href":"https:\/\/roveyayinevi.com.tr\/index.php\/wp-json\/wp\/v2\/product"}],"about":[{"href":"https:\/\/roveyayinevi.com.tr\/index.php\/wp-json\/wp\/v2\/types\/product"}],"wp:attachment":[{"href":"https:\/\/roveyayinevi.com.tr\/index.php\/wp-json\/wp\/v2\/media?parent=702698"}],"wp:term":[{"taxonomy":"product_brand","embeddable":true,"href":"https:\/\/roveyayinevi.com.tr\/index.php\/wp-json\/wp\/v2\/product_brand?post=702698"},{"taxonomy":"product_cat","embeddable":true,"href":"https:\/\/roveyayinevi.com.tr\/index.php\/wp-json\/wp\/v2\/product_cat?post=702698"},{"taxonomy":"product_tag","embeddable":true,"href":"https:\/\/roveyayinevi.com.tr\/index.php\/wp-json\/wp\/v2\/product_tag?post=702698"}],"curies":[{"name":"wp","href":"https:\/\/api.w.org\/{rel}","templated":true}]}}