{"id":702693,"date":"2025-08-27T15:18:17","date_gmt":"2025-08-27T12:18:17","guid":{"rendered":"https:\/\/roveyayinevi.com.tr\/index.php\/urun\/kaderini-degistir\/"},"modified":"2026-04-11T02:15:34","modified_gmt":"2026-04-10T23:15:34","slug":"kaderini-degistir","status":"publish","type":"product","link":"https:\/\/roveyayinevi.com.tr\/index.php\/urun\/kaderini-degistir\/","title":{"rendered":"Kaderini De\u011fi\u015ftir"},"content":{"rendered":"<p>\u201cKader\u201d dedi\u011fimiz asl\u0131nda bizim ya\u015fam program\u0131m\u0131z&#8230;Evren de t\u0131pk\u0131 birbilgisayar program\u0131 yaz\u0131l\u0131m\u0131 gibi i\u015fler&#8230; Bu m\u00fcthi\u015f ger\u00e7e\u011fi bize g\u00fcn\u00fcm\u00fcz\u00fcnbilim d\u00fcnyas\u0131 s\u00f6yl\u00fcyor.Nas\u0131l ki evren bir yaz\u0131l\u0131msa, bizim kaderimiz de \u00f6yle. Ya\u015fam program\u0131m\u0131zdakitekrar\u0131n kayna\u011f\u0131n\u0131 buldu\u011fumuzda onu de\u011fi\u015ftirmemiz m\u00fcmk\u00fcn hale gelir!Evet, kaderimizi de\u011fi\u015ftirebiliriz!..Hayata gelme amac\u0131m\u0131z kendimizi tan\u0131mak, anlamak ve \u00f6\u011frenmek. Ba\u015f\u0131m\u0131zagelen her olumsuz olay y\u00fckselmemiz i\u00e7in bize kendimizle ilgili iyile\u015ftirmemiz,geli\u015ftirmemiz gereken y\u00f6nlerimizi g\u00f6stermeye \u00e7al\u0131\u015f\u0131r. Bu mesajlar\u0131 do\u011fruokumay\u0131 \u00f6\u011frenemezsek k\u0131s\u0131rd\u00f6ng\u00fc i\u00e7inde tekrarlar devam eder&#8230; \u0130yi \u015feylerinhep ba\u015fkalar\u0131n\u0131n ba\u015f\u0131na geldi\u011fini zanneder, hep \u201ckurban\u201d rol\u00fcn\u00fc oynar\u0131z.Ba\u015far\u0131n\u0131n s\u0131rr\u0131, ac\u0131 ve zevkin bizi kullanmas\u0131na izin vermemek, ya\u015fam\u0131m\u0131z\u0131\u201c\u00d6Z\u201d\u00fcm\u00fcz olarak ya\u015famak&#8230; Bunu yaparsak hayat\u0131m\u0131z\u0131n kontrol\u00fc bizimelimizde olur, yapmazsak hayat bizi kontrol eder!G\u00fcne\u015f Tan T\u00fcrkiye\u2019nin ilk d\u00f6n\u00fc\u015f\u00fcm metodu uzmanlar\u0131ndand\u0131r. Tan, ald\u0131\u011f\u0131onlarca e\u011fitim, deneyim ve i\u00e7 g\u00f6r\u00fcyle olu\u015fturdu\u011fu \u201cARTT- Aka\u015fik Kay\u0131tlar\u0131D\u00f6n\u00fc\u015ft\u00fcrme Tekni\u011fi\u201d sayesinde kader kodlar\u0131n\u0131 d\u00f6n\u00fc\u015ft\u00fcrmenin y\u00f6nteminibu kitapta anlat\u0131yor. <\/p>\n","protected":false},"excerpt":{"rendered":"<p>\u201cKader\u201d dedi\u011fimiz asl\u0131nda bizim ya\u015fam program\u0131m\u0131z&#8230;Evren de t\u0131pk\u0131 birbilgisayar program\u0131 yaz\u0131l\u0131m\u0131 gibi i\u015fler&#8230; Bu m\u00fcthi\u015f ger\u00e7e\u011fi bize g\u00fcn\u00fcm\u00fcz\u00fcnbilim d\u00fcnyas\u0131 s\u00f6yl\u00fcyor.Nas\u0131l ki evren bir yaz\u0131l\u0131msa, bizim kaderimiz<span class=\"excerpt-hellip\"> [\u2026]<\/span><\/p>\n","protected":false},"featured_media":0,"template":"","meta":{"_monsterinsights_skip_tracking":false,"_monsterinsights_sitenote_active":false,"_monsterinsights_sitenote_note":"","_monsterinsights_sitenote_category":0},"product_brand":[],"product_cat":[12364,12376],"product_tag":[],"class_list":{"0":"post-702693","1":"product","2":"type-product","3":"status-publish","5":"product_cat-genel-konular","6":"product_cat-kisisel-gelisim","7":"pa_cilt-ciltsiz","8":"pa_tur-kitap","9":"pa_yayinevi-dogan-novus","10":"pa_yazar-gunes-tan","12":"first","13":"instock","14":"sale","15":"shipping-taxable","16":"purchasable","17":"product-type-simple"},"_links":{"self":[{"href":"https:\/\/roveyayinevi.com.tr\/index.php\/wp-json\/wp\/v2\/product\/702693","targetHints":{"allow":["GET"]}}],"collection":[{"href":"https:\/\/roveyayinevi.com.tr\/index.php\/wp-json\/wp\/v2\/product"}],"about":[{"href":"https:\/\/roveyayinevi.com.tr\/index.php\/wp-json\/wp\/v2\/types\/product"}],"wp:attachment":[{"href":"https:\/\/roveyayinevi.com.tr\/index.php\/wp-json\/wp\/v2\/media?parent=702693"}],"wp:term":[{"taxonomy":"product_brand","embeddable":true,"href":"https:\/\/roveyayinevi.com.tr\/index.php\/wp-json\/wp\/v2\/product_brand?post=702693"},{"taxonomy":"product_cat","embeddable":true,"href":"https:\/\/roveyayinevi.com.tr\/index.php\/wp-json\/wp\/v2\/product_cat?post=702693"},{"taxonomy":"product_tag","embeddable":true,"href":"https:\/\/roveyayinevi.com.tr\/index.php\/wp-json\/wp\/v2\/product_tag?post=702693"}],"curies":[{"name":"wp","href":"https:\/\/api.w.org\/{rel}","templated":true}]}}