{"id":702691,"date":"2025-08-27T15:18:17","date_gmt":"2025-08-27T12:18:17","guid":{"rendered":"https:\/\/roveyayinevi.com.tr\/index.php\/urun\/avrupa-ne-istiyor\/"},"modified":"2026-04-16T02:11:49","modified_gmt":"2026-04-15T23:11:49","slug":"avrupa-ne-istiyor","status":"publish","type":"product","link":"https:\/\/roveyayinevi.com.tr\/index.php\/urun\/avrupa-ne-istiyor\/","title":{"rendered":"Avrupa Ne \u0130stiyor?"},"content":{"rendered":"<p>\u201cAvrupa nedir?\u201d sorusu, Eski K\u0131ta\u2019n\u0131n co\u011frafi oldu\u011fu kadar iktisadi, siyasal ve sosyok\u00fclt\u00fcrel s\u0131n\u0131rlar\u0131, Avrupa Birli\u011fi, Avrupal\u0131l\u0131k-Avrupa vatanda\u015fl\u0131\u011f\u0131 gibi temalar hayli uzun zamand\u0131r tart\u0131\u015f\u0131l\u0131yor; bu tart\u0131\u015fma \u00f6zellikle 2000\u2019li y\u0131llar\u0131n hen\u00fcz ba\u015f\u0131nda ya\u015fanan ekonomik kriz dolay\u0131s\u0131yla daha da yo\u011funla\u015ft\u0131. <\/p>\n","protected":false},"excerpt":{"rendered":"<p>\u201cAvrupa nedir?\u201d sorusu, Eski K\u0131ta\u2019n\u0131n co\u011frafi oldu\u011fu kadar iktisadi, siyasal ve sosyok\u00fclt\u00fcrel s\u0131n\u0131rlar\u0131, Avrupa Birli\u011fi, Avrupal\u0131l\u0131k-Avrupa vatanda\u015fl\u0131\u011f\u0131 gibi temalar hayli uzun zamand\u0131r tart\u0131\u015f\u0131l\u0131yor; bu tart\u0131\u015fma \u00f6zellikle<span class=\"excerpt-hellip\"> [\u2026]<\/span><\/p>\n","protected":false},"featured_media":0,"template":"","meta":{"_monsterinsights_skip_tracking":false,"_monsterinsights_sitenote_active":false,"_monsterinsights_sitenote_note":"","_monsterinsights_sitenote_category":0},"product_brand":[],"product_cat":[13596,12337],"product_tag":[],"class_list":{"0":"post-702691","1":"product","2":"type-product","3":"status-publish","5":"product_cat-avrupa-birligi","6":"product_cat-politika-siyaset","7":"pa_cilt-ciltsiz","8":"pa_tur-kitap","9":"pa_yayinevi-can-yayinlari","10":"pa_yazar-srecko-horvat","12":"first","13":"instock","14":"sale","15":"shipping-taxable","16":"purchasable","17":"product-type-simple"},"_links":{"self":[{"href":"https:\/\/roveyayinevi.com.tr\/index.php\/wp-json\/wp\/v2\/product\/702691","targetHints":{"allow":["GET"]}}],"collection":[{"href":"https:\/\/roveyayinevi.com.tr\/index.php\/wp-json\/wp\/v2\/product"}],"about":[{"href":"https:\/\/roveyayinevi.com.tr\/index.php\/wp-json\/wp\/v2\/types\/product"}],"wp:attachment":[{"href":"https:\/\/roveyayinevi.com.tr\/index.php\/wp-json\/wp\/v2\/media?parent=702691"}],"wp:term":[{"taxonomy":"product_brand","embeddable":true,"href":"https:\/\/roveyayinevi.com.tr\/index.php\/wp-json\/wp\/v2\/product_brand?post=702691"},{"taxonomy":"product_cat","embeddable":true,"href":"https:\/\/roveyayinevi.com.tr\/index.php\/wp-json\/wp\/v2\/product_cat?post=702691"},{"taxonomy":"product_tag","embeddable":true,"href":"https:\/\/roveyayinevi.com.tr\/index.php\/wp-json\/wp\/v2\/product_tag?post=702691"}],"curies":[{"name":"wp","href":"https:\/\/api.w.org\/{rel}","templated":true}]}}