{"id":702688,"date":"2025-08-27T15:18:15","date_gmt":"2025-08-27T12:18:15","guid":{"rendered":"https:\/\/roveyayinevi.com.tr\/index.php\/urun\/genclik-kultur-ve-toplum\/"},"modified":"2026-04-16T02:11:49","modified_gmt":"2026-04-15T23:11:49","slug":"genclik-kultur-ve-toplum","status":"publish","type":"product","link":"https:\/\/roveyayinevi.com.tr\/index.php\/urun\/genclik-kultur-ve-toplum\/","title":{"rendered":"Gen\u00e7lik K\u00fclt\u00fcr ve Toplum"},"content":{"rendered":"<p>Gen\u00e7lik antropolojisi ve gen\u00e7lik sosoylojisinin bir araya getiren kitap, ara\u015ft\u0131rmalara ve kimi ki\u015fisel g\u00f6zlemlere dayanarak olu\u015fturulmu\u015f bir analiz \u00e7al\u0131\u015fmas\u0131d\u0131r. \u00d6rnek \u00e7al\u0131\u015fmalar\u0131n bir g\u00f6zlem olarak kabul edildi\u011fi eser g\u00fcncel gen\u00e7lik hareketleri, alt k\u00fclt\u00fcrleri ve eylemlerine odaklan\u0131yor. <\/p>\n","protected":false},"excerpt":{"rendered":"<p>Gen\u00e7lik antropolojisi ve gen\u00e7lik sosoylojisinin bir araya getiren kitap, ara\u015ft\u0131rmalara ve kimi ki\u015fisel g\u00f6zlemlere dayanarak olu\u015fturulmu\u015f bir analiz \u00e7al\u0131\u015fmas\u0131d\u0131r. \u00d6rnek \u00e7al\u0131\u015fmalar\u0131n bir g\u00f6zlem olarak kabul edildi\u011fi<span class=\"excerpt-hellip\"> [\u2026]<\/span><\/p>\n","protected":false},"featured_media":0,"template":"","meta":{"_monsterinsights_skip_tracking":false,"_monsterinsights_sitenote_active":false,"_monsterinsights_sitenote_note":"","_monsterinsights_sitenote_category":0},"product_brand":[],"product_cat":[12835,12324],"product_tag":[],"class_list":{"0":"post-702688","1":"product","2":"type-product","3":"status-publish","5":"product_cat-genel-sosyoloji","6":"product_cat-sosyoloji","7":"pa_cilt-ciltsiz","8":"pa_tur-kitap","9":"pa_yayinevi-ani-yayincilik","10":"pa_yazar-mahmut-tezcan","12":"first","13":"instock","14":"sale","15":"shipping-taxable","16":"purchasable","17":"product-type-simple"},"_links":{"self":[{"href":"https:\/\/roveyayinevi.com.tr\/index.php\/wp-json\/wp\/v2\/product\/702688","targetHints":{"allow":["GET"]}}],"collection":[{"href":"https:\/\/roveyayinevi.com.tr\/index.php\/wp-json\/wp\/v2\/product"}],"about":[{"href":"https:\/\/roveyayinevi.com.tr\/index.php\/wp-json\/wp\/v2\/types\/product"}],"wp:attachment":[{"href":"https:\/\/roveyayinevi.com.tr\/index.php\/wp-json\/wp\/v2\/media?parent=702688"}],"wp:term":[{"taxonomy":"product_brand","embeddable":true,"href":"https:\/\/roveyayinevi.com.tr\/index.php\/wp-json\/wp\/v2\/product_brand?post=702688"},{"taxonomy":"product_cat","embeddable":true,"href":"https:\/\/roveyayinevi.com.tr\/index.php\/wp-json\/wp\/v2\/product_cat?post=702688"},{"taxonomy":"product_tag","embeddable":true,"href":"https:\/\/roveyayinevi.com.tr\/index.php\/wp-json\/wp\/v2\/product_tag?post=702688"}],"curies":[{"name":"wp","href":"https:\/\/api.w.org\/{rel}","templated":true}]}}