{"id":702687,"date":"2025-08-27T15:18:15","date_gmt":"2025-08-27T12:18:15","guid":{"rendered":"https:\/\/roveyayinevi.com.tr\/index.php\/urun\/onu-kendine-asik-et\/"},"modified":"2026-04-16T02:11:49","modified_gmt":"2026-04-15T23:11:49","slug":"onu-kendine-asik-et","status":"publish","type":"product","link":"https:\/\/roveyayinevi.com.tr\/index.php\/urun\/onu-kendine-asik-et\/","title":{"rendered":"Onu Kendine A\u015f\u0131k Et"},"content":{"rendered":"<p>Ya\u015fad\u0131\u011f\u0131n a\u015fk sana aynal\u0131k yapar&#8230;Bu kitap, ruh e\u015flerini bulu\u015fturmaya adanm\u0131\u015f spirit\u00fcel bir rehberdir. Rit\u00fceller, t\u0131ls\u0131mlar, enerji \u00e7al\u0131\u015fmalar\u0131, dualar ve Meleklerin Mucizeleri yolunuzu ayd\u0131nlats\u0131n. \u015eimdi ve t\u00fcm zamanlara do\u011fru A\u015eK olsun.FMV \u00d6zel I\u015f\u0131k Lisesi ve \u0130stanbul \u00dcniversitesi, \u0130ngiliz Dili &amp; Edebiyat\u0131 mezunu olan Tu\u011f\u00e7e I\u015f\u0131nsu, 11 y\u0131l s\u00fcren reklam yazarl\u0131\u011f\u0131 kariyerinin ard\u0131ndan do\u011fu\u015ftan sahip oldu\u011fu psi\u015fik g\u00fc\u00e7leri ve ald\u0131\u011f\u0131 spirit\u00fcel e\u011fitimler ile Spirit\u00fcel Ya\u015fam Dan\u0131\u015fmanl\u0131\u011f\u0131 yapmaya ba\u015flam\u0131\u015ft\u0131r. Bir\u00e7ok ya\u015fam merkezinde, ayr\u0131ca 6 y\u0131ld\u0131r kendi sundu\u011fu ve konuk kat\u0131ld\u0131\u011f\u0131 150&#8217;nin \u00fczerinde TV program\u0131nda A\u015fk, Melekler, Mistisizm, Enerji \u00c7al\u0131\u015fmalar\u0131, \u015eifa Y\u00f6ntemlerini t\u00fcm T\u00fcrkiye&#8217;ye ve D\u00fcnyaya tan\u0131tan Tu\u011f\u00e7e I\u015f\u0131nsu, 5 kitab\u0131n da yazar\u0131d\u0131r. D\u00fcnyan\u0131n her yerinden binlerce dan\u0131\u015fan ile \u00e7al\u0131\u015fmalar\u0131n\u0131 s\u00fcrd\u00fcren Tu\u011f\u00e7e I\u015f\u0131nsu, &#8220;ONU KEND\u0130NE A\u015eIK ET&#8221; ile okuyucuya \u00f6m\u00fcr boyu yararlanabilece\u011fi bir a\u015fk rehberi ve kendini a\u015fk\u0131n i\u00e7inde tan\u0131ma f\u0131rsat\u0131 sunuyor.Sorun yoksa a\u015fk da yoktur.En b\u00fcy\u00fck intikam \u00e7ok sevmektir.Onu Kendine A\u015f\u0131k Et\/B\u00f6l\u00fcmler: \u00b7  K\u0131smet \u00b7  Ba\u015ftan \u00c7\u0131karma- Kurallar \u00b7  &#8220;Bizi B\u00fcy\u00fc Yap\u0131p Ay\u0131rd\u0131lar&#8230;&#8221; \u00b7  \u0130kinci Kad\u0131nlar \u0130tiraf Ediyor! \u00b7  Dualar, Sabah\u0131 Uzak Gecelerde S\u0131\u011f\u0131na\u011f\u0131n\u0131z Olsun&#8230; \u00b7  Dan\u0131\u015fanlar\u0131m\u0131n Ya\u015fad\u0131\u011f\u0131 A\u015fk Mucizeleri \u00b7  Meleklerin Dokunu\u015fuyla Ger\u00e7ek A\u015fk\u0131 \u00c7a\u011f\u0131rmak \u00b7  A\u015fkta Ge\u00e7mi\u015f Ya\u015fam \u015eifas\u0131 &#8211; Regresyon \u00b7  Rit\u00fceller, T\u0131ls\u0131mlar, Enerji \u00c7al\u0131\u015fmalar\u0131 \u00b7  Bilin\u00e7alt\u0131n A\u015fk Hayat\u0131n\u0131 Y\u00f6netiyor \u00b7  A\u015fk ve Karma Borcu \u00b7  Ruh E\u015fin Bir Yerlerde Seni Bekliyor&#8230; <\/p>\n","protected":false},"excerpt":{"rendered":"<p>Ya\u015fad\u0131\u011f\u0131n a\u015fk sana aynal\u0131k yapar&#8230;Bu kitap, ruh e\u015flerini bulu\u015fturmaya adanm\u0131\u015f spirit\u00fcel bir rehberdir. Rit\u00fceller, t\u0131ls\u0131mlar, enerji \u00e7al\u0131\u015fmalar\u0131, dualar ve Meleklerin Mucizeleri yolunuzu ayd\u0131nlats\u0131n. \u015eimdi ve t\u00fcm<span class=\"excerpt-hellip\"> [\u2026]<\/span><\/p>\n","protected":false},"featured_media":0,"template":"","meta":{"_monsterinsights_skip_tracking":false,"_monsterinsights_sitenote_active":false,"_monsterinsights_sitenote_note":"","_monsterinsights_sitenote_category":0},"product_brand":[],"product_cat":[26396,13488],"product_tag":[],"class_list":{"0":"post-702687","1":"product","2":"type-product","3":"status-publish","5":"product_cat-kadin-erkek-iliskileri","6":"product_cat-toplum-ve-insan","7":"pa_cilt-ciltsiz","8":"pa_tur-kitap","9":"pa_yayinevi-feniks-yayinlari","10":"pa_yazar-tugce-isinsu","12":"first","13":"instock","14":"sale","15":"shipping-taxable","16":"purchasable","17":"product-type-simple"},"_links":{"self":[{"href":"https:\/\/roveyayinevi.com.tr\/index.php\/wp-json\/wp\/v2\/product\/702687","targetHints":{"allow":["GET"]}}],"collection":[{"href":"https:\/\/roveyayinevi.com.tr\/index.php\/wp-json\/wp\/v2\/product"}],"about":[{"href":"https:\/\/roveyayinevi.com.tr\/index.php\/wp-json\/wp\/v2\/types\/product"}],"wp:attachment":[{"href":"https:\/\/roveyayinevi.com.tr\/index.php\/wp-json\/wp\/v2\/media?parent=702687"}],"wp:term":[{"taxonomy":"product_brand","embeddable":true,"href":"https:\/\/roveyayinevi.com.tr\/index.php\/wp-json\/wp\/v2\/product_brand?post=702687"},{"taxonomy":"product_cat","embeddable":true,"href":"https:\/\/roveyayinevi.com.tr\/index.php\/wp-json\/wp\/v2\/product_cat?post=702687"},{"taxonomy":"product_tag","embeddable":true,"href":"https:\/\/roveyayinevi.com.tr\/index.php\/wp-json\/wp\/v2\/product_tag?post=702687"}],"curies":[{"name":"wp","href":"https:\/\/api.w.org\/{rel}","templated":true}]}}