{"id":702686,"date":"2025-08-27T15:18:15","date_gmt":"2025-08-27T12:18:15","guid":{"rendered":"https:\/\/roveyayinevi.com.tr\/index.php\/urun\/feminizm-ve-dogaya-hukmetmek\/"},"modified":"2026-02-03T02:19:47","modified_gmt":"2026-02-02T23:19:47","slug":"feminizm-ve-dogaya-hukmetmek","status":"publish","type":"product","link":"https:\/\/roveyayinevi.com.tr\/index.php\/urun\/feminizm-ve-dogaya-hukmetmek\/","title":{"rendered":"Feminizm ve Do\u011faya H\u00fckmetmek"},"content":{"rendered":"<p>Bat\u0131 d\u00fc\u015f\u00fcncesinin binlerce y\u0131ll\u0131k felsefe gelene\u011fi i\u00e7inde \u015fekillendi\u011fi haliyle, &#8220;ak\u0131l&#8221; kavram\u0131, a\u015fa\u011f\u0131 g\u00f6r\u00fclen &#8220;\u00f6tekiler&#8221;, yani alt s\u0131n\u0131flar, s\u00f6m\u00fcrge halklar\u0131, kad\u0131nlar, hayvanlar ve bir b\u00fct\u00fcn olarak do\u011fa \u00fczerindeki tahakk\u00fcm ve bask\u0131yla i\u00e7 i\u00e7e ge\u00e7mi\u015ftir. Antik Yunan\u2019dan bu yana kad\u0131nl\u0131k, maddesellik ve insand\u0131\u015f\u0131 do\u011fa de\u011fersiz say\u0131lm\u0131\u015f, insani erdem bunlar\u0131n d\u0131\u015f\u0131nda aranm\u0131\u015ft\u0131r. D\u00fcnyam\u0131z\u0131n \u015fu g\u00fcn geldi\u011fi durumda akl\u0131n, bilimiz ve bireyselli\u011fin yeniden tan\u0131mlanmas\u0131 gerekiyor; eskisi kadar kar\u015f\u0131tl\u0131\u011fa ve hiyerar\u015fiye yaslanmayan bi\u00e7imlerde. Hem insan hem de do\u011fa \u00fczerindeki tahakk\u00fcm\u00fcn ele\u015ftirisi i\u00e7in \u0131rk, s\u0131n\u0131f ve toplumsal cinsiyet \u00e7\u00f6z\u00fcmlesine do\u011fay\u0131 da katacak bir \u00e7er\u00e7eveye ihtiyac\u0131m\u0131z var. \ufffc<\/p>\n","protected":false},"excerpt":{"rendered":"<p>Bat\u0131 d\u00fc\u015f\u00fcncesinin binlerce y\u0131ll\u0131k felsefe gelene\u011fi i\u00e7inde \u015fekillendi\u011fi haliyle, &#8220;ak\u0131l&#8221; kavram\u0131, a\u015fa\u011f\u0131 g\u00f6r\u00fclen &#8220;\u00f6tekiler&#8221;, yani alt s\u0131n\u0131flar, s\u00f6m\u00fcrge halklar\u0131, kad\u0131nlar, hayvanlar ve bir b\u00fct\u00fcn olarak do\u011fa<span class=\"excerpt-hellip\"> [\u2026]<\/span><\/p>\n","protected":false},"featured_media":0,"template":"","meta":{"_monsterinsights_skip_tracking":false,"_monsterinsights_sitenote_active":false,"_monsterinsights_sitenote_note":"","_monsterinsights_sitenote_category":0},"product_brand":[],"product_cat":[12312,12304],"product_tag":[],"class_list":{"0":"post-702686","1":"product","2":"type-product","3":"status-publish","5":"product_cat-diger","6":"product_cat-tarih","7":"pa_cilt-ciltsiz","8":"pa_tur-kitap","9":"pa_yayinevi-metis-yayinlari","10":"pa_yazar-val-plumwood","12":"first","13":"instock","14":"sale","15":"shipping-taxable","16":"purchasable","17":"product-type-simple"},"_links":{"self":[{"href":"https:\/\/roveyayinevi.com.tr\/index.php\/wp-json\/wp\/v2\/product\/702686","targetHints":{"allow":["GET"]}}],"collection":[{"href":"https:\/\/roveyayinevi.com.tr\/index.php\/wp-json\/wp\/v2\/product"}],"about":[{"href":"https:\/\/roveyayinevi.com.tr\/index.php\/wp-json\/wp\/v2\/types\/product"}],"wp:attachment":[{"href":"https:\/\/roveyayinevi.com.tr\/index.php\/wp-json\/wp\/v2\/media?parent=702686"}],"wp:term":[{"taxonomy":"product_brand","embeddable":true,"href":"https:\/\/roveyayinevi.com.tr\/index.php\/wp-json\/wp\/v2\/product_brand?post=702686"},{"taxonomy":"product_cat","embeddable":true,"href":"https:\/\/roveyayinevi.com.tr\/index.php\/wp-json\/wp\/v2\/product_cat?post=702686"},{"taxonomy":"product_tag","embeddable":true,"href":"https:\/\/roveyayinevi.com.tr\/index.php\/wp-json\/wp\/v2\/product_tag?post=702686"}],"curies":[{"name":"wp","href":"https:\/\/api.w.org\/{rel}","templated":true}]}}