{"id":702685,"date":"2025-08-27T15:18:14","date_gmt":"2025-08-27T12:18:14","guid":{"rendered":"https:\/\/roveyayinevi.com.tr\/index.php\/urun\/carp-yoksa-ben-carparim\/"},"modified":"2026-04-16T02:11:49","modified_gmt":"2026-04-15T23:11:49","slug":"carp-yoksa-ben-carparim","status":"publish","type":"product","link":"https:\/\/roveyayinevi.com.tr\/index.php\/urun\/carp-yoksa-ben-carparim\/","title":{"rendered":"\u00c7arp Yoksa Ben \u00c7arpar\u0131m!"},"content":{"rendered":"<p>Tar\u0131k Uslu&#8217;nun beklenen kitab\u0131 &#8220;\u00c7arp Yoksa Ben \u00c7arpar\u0131m! &#8221; \u00e7\u0131kt\u0131.&#8221;Acayip \u015feyleri seviyorsan\u0131z, buna bay\u0131lacaks\u0131n\u0131z!&#8221;Aran\u0131zda lisedeki Matematik \u00f6\u011fretmenimi tan\u0131yanlar varsa, rica ederim gidip ona benim bir Matematik kitab\u0131 yazd\u0131\u011f\u0131m\u0131 s\u00f6ylemesin! Y\u00fcre\u011fine iner kad\u0131nca\u011f\u0131z\u0131n! Asl\u0131nda bana sorarsan\u0131z bu bir Matematik kitab\u0131 da de\u011fil! Ama i\u00e7inde bol miktarda Matematik var.Bu kitapta g\u00f6r\u00fcp g\u00f6rece\u011finiz hi\u00e7bir \u015fey ihtimal s\u0131navlarda kar\u015f\u0131n\u0131za soru olarak \u00e7\u0131kamayacak. Ama Matematik dersine bak\u0131\u015f\u0131n\u0131z\u0131 de\u011fi\u015ftirecek.Matemati\u011fi daha m\u0131 \u00e7ok seveceksiniz peki? Sevenler daha \u00e7ok sevecek, o kesin!Ya hi\u00e7 sevmeyenler? Onlar da \u015fimdilik sadece sevecek&#8230;B\u00fct\u00fcn e\u011fitim \u00f6\u011fretim hayat\u0131 boyunca Matematikten neredeyse nefret etmi\u015f biri olarak, bu kitab\u0131 bitirdi\u011fim g\u00fcn \u015f\u00f6yle d\u00fc\u015f\u00fcnd\u00fcm:&#8221;Ama bu \u00e7ok e\u011flenceliymi\u015f! Neden kimse bana Matemati\u011fin bu kadar e\u011flenceli bir \u015fey olabilece\u011finden hi\u00e7 bahsetmedi!&#8221;Evet Matematik e\u011flencelidir, Matematik keyif verir, heyecanland\u0131r\u0131r \u00e7\u00fcnk\u00fc esrarengizdir ve Matematik, daha \u00f6nce hi\u00e7 farketmedi\u011fi bir pencereden d\u00fcnyaya bakmas\u0131n\u0131 sa\u011flar&#8230;Daha \u00f6nce hi\u00e7 Tar\u0131k Uslu kitab\u0131 okumam\u0131\u015f olanlar i\u00e7in s\u00f6yl\u00fcyorum:E\u011fleneceksiniz ama bu kuru bir e\u011flence olmayacak. \u015ea\u015f\u0131racaks\u0131n\u0131z ama bu da l\u00fczumsuz bir \u015fa\u015fk\u0131nl\u0131k olmayacak!&#8221;Biz senin b\u00fct\u00fcn kitaplar\u0131n\u0131 okuduk, bize bir \u015fey yok mu?&#8221; diyenlere ise sadece &#8220;Selam ve merhaba!&#8221; \u00c7\u00fcnk\u00fc onlar ne ile kar\u015f\u0131 kar\u015f\u0131ya olduklar\u0131n\u0131 zaten biliyorlar, \u00f6yle de\u011fil mi?\ufffc<\/p>\n","protected":false},"excerpt":{"rendered":"<p>Tar\u0131k Uslu&#8217;nun beklenen kitab\u0131 &#8220;\u00c7arp Yoksa Ben \u00c7arpar\u0131m! &#8221; \u00e7\u0131kt\u0131.&#8221;Acayip \u015feyleri seviyorsan\u0131z, buna bay\u0131lacaks\u0131n\u0131z!&#8221;Aran\u0131zda lisedeki Matematik \u00f6\u011fretmenimi tan\u0131yanlar varsa, rica ederim gidip ona benim bir Matematik<span class=\"excerpt-hellip\"> [\u2026]<\/span><\/p>\n","protected":false},"featured_media":0,"template":"","meta":{"_monsterinsights_skip_tracking":false,"_monsterinsights_sitenote_active":false,"_monsterinsights_sitenote_note":"","_monsterinsights_sitenote_category":0},"product_brand":[],"product_cat":[12274,12631],"product_tag":[],"class_list":{"0":"post-702685","1":"product","2":"type-product","3":"status-publish","5":"product_cat-cocuk-ve-genclik-kitaplari","6":"product_cat-diger-cocuk-ve-genclik-kitaplari","7":"pa_cilt-ciltsiz","8":"pa_tur-kitap","9":"pa_yayinevi-ugurbocegi-yayinlari","10":"pa_yazar-tarik-uslu","12":"first","13":"instock","14":"sale","15":"shipping-taxable","16":"purchasable","17":"product-type-simple"},"_links":{"self":[{"href":"https:\/\/roveyayinevi.com.tr\/index.php\/wp-json\/wp\/v2\/product\/702685","targetHints":{"allow":["GET"]}}],"collection":[{"href":"https:\/\/roveyayinevi.com.tr\/index.php\/wp-json\/wp\/v2\/product"}],"about":[{"href":"https:\/\/roveyayinevi.com.tr\/index.php\/wp-json\/wp\/v2\/types\/product"}],"wp:attachment":[{"href":"https:\/\/roveyayinevi.com.tr\/index.php\/wp-json\/wp\/v2\/media?parent=702685"}],"wp:term":[{"taxonomy":"product_brand","embeddable":true,"href":"https:\/\/roveyayinevi.com.tr\/index.php\/wp-json\/wp\/v2\/product_brand?post=702685"},{"taxonomy":"product_cat","embeddable":true,"href":"https:\/\/roveyayinevi.com.tr\/index.php\/wp-json\/wp\/v2\/product_cat?post=702685"},{"taxonomy":"product_tag","embeddable":true,"href":"https:\/\/roveyayinevi.com.tr\/index.php\/wp-json\/wp\/v2\/product_tag?post=702685"}],"curies":[{"name":"wp","href":"https:\/\/api.w.org\/{rel}","templated":true}]}}