{"id":702684,"date":"2025-08-27T15:18:14","date_gmt":"2025-08-27T12:18:14","guid":{"rendered":"https:\/\/roveyayinevi.com.tr\/index.php\/urun\/anilarda-yumak-yumak\/"},"modified":"2026-04-16T02:11:49","modified_gmt":"2026-04-15T23:11:49","slug":"anilarda-yumak-yumak","status":"publish","type":"product","link":"https:\/\/roveyayinevi.com.tr\/index.php\/urun\/anilarda-yumak-yumak\/","title":{"rendered":"An\u0131larda Yumak Yumak"},"content":{"rendered":"<p>Yedek Subayl\u0131\u011f\u0131 s\u0131ras\u0131nda muhaf\u0131z komutanl\u0131\u011f\u0131 vazifesiyle bir s\u00fcreli\u011fine Zile&#8217;ye g\u00f6nderilen yazar\u0131n yola \u00e7\u0131k\u0131\u015f\u0131ndan ya\u015fl\u0131 g\u00f6zlerle trenden el sallay\u0131\u015f\u0131na kadar ya\u015fad\u0131klar\u0131&#8230; Hayata yeni at\u0131lan b\u0131\u00e7k\u0131n bir delikanl\u0131, g\u00f6rm\u00fc\u015f ge\u00e7irmi\u015f hayat\u0131n\u0131n son demlerinde bir hakim&#8230; Hat\u0131ralar b\u00fct\u00fcn \u00e7\u0131plakl\u0131klar\u0131yla nakledilirken geri d\u00f6n\u00fc\u015flerle zenginle\u015ftirilir. &#8220;Aman yavrum! K\u00fc\u00e7\u00fckl\u00fckten zevk duyma der hakim Canan. &#8220;K\u00fc\u00e7\u00fckl\u00fck, adam\u0131 yer bitirir; b\u00fcy\u00fckl\u00fc\u011fe a\u00e7\u0131lan yolu kapar&#8230; Sonunda &#8220;eyvah dersin ama i\u015f i\u015ften ge\u00e7mi\u015f olur.<\/p>\n","protected":false},"excerpt":{"rendered":"<p>Yedek Subayl\u0131\u011f\u0131 s\u0131ras\u0131nda muhaf\u0131z komutanl\u0131\u011f\u0131 vazifesiyle bir s\u00fcreli\u011fine Zile&#8217;ye g\u00f6nderilen yazar\u0131n yola \u00e7\u0131k\u0131\u015f\u0131ndan ya\u015fl\u0131 g\u00f6zlerle trenden el sallay\u0131\u015f\u0131na kadar ya\u015fad\u0131klar\u0131&#8230; Hayata yeni at\u0131lan b\u0131\u00e7k\u0131n bir delikanl\u0131,<span class=\"excerpt-hellip\"> [\u2026]<\/span><\/p>\n","protected":false},"featured_media":0,"template":"","meta":{"_monsterinsights_skip_tracking":false,"_monsterinsights_sitenote_active":false,"_monsterinsights_sitenote_note":"","_monsterinsights_sitenote_category":0},"product_brand":[],"product_cat":[12291,12292],"product_tag":[],"class_list":{"0":"post-702684","1":"product","2":"type-product","3":"status-publish","5":"product_cat-edebiyat","6":"product_cat-turk-edebiyati","7":"pa_cilt-ciltsiz","8":"pa_tur-kitap","9":"pa_yayinevi-otuken-nesriyat","10":"pa_yazar-abbas-sayar","12":"first","13":"instock","14":"sale","15":"shipping-taxable","16":"purchasable","17":"product-type-simple"},"_links":{"self":[{"href":"https:\/\/roveyayinevi.com.tr\/index.php\/wp-json\/wp\/v2\/product\/702684","targetHints":{"allow":["GET"]}}],"collection":[{"href":"https:\/\/roveyayinevi.com.tr\/index.php\/wp-json\/wp\/v2\/product"}],"about":[{"href":"https:\/\/roveyayinevi.com.tr\/index.php\/wp-json\/wp\/v2\/types\/product"}],"wp:attachment":[{"href":"https:\/\/roveyayinevi.com.tr\/index.php\/wp-json\/wp\/v2\/media?parent=702684"}],"wp:term":[{"taxonomy":"product_brand","embeddable":true,"href":"https:\/\/roveyayinevi.com.tr\/index.php\/wp-json\/wp\/v2\/product_brand?post=702684"},{"taxonomy":"product_cat","embeddable":true,"href":"https:\/\/roveyayinevi.com.tr\/index.php\/wp-json\/wp\/v2\/product_cat?post=702684"},{"taxonomy":"product_tag","embeddable":true,"href":"https:\/\/roveyayinevi.com.tr\/index.php\/wp-json\/wp\/v2\/product_tag?post=702684"}],"curies":[{"name":"wp","href":"https:\/\/api.w.org\/{rel}","templated":true}]}}