{"id":702682,"date":"2025-08-27T15:18:13","date_gmt":"2025-08-27T12:18:13","guid":{"rendered":"https:\/\/roveyayinevi.com.tr\/index.php\/urun\/balonla-5-hafta\/"},"modified":"2026-04-16T02:11:49","modified_gmt":"2026-04-15T23:11:49","slug":"balonla-5-hafta","status":"publish","type":"product","link":"https:\/\/roveyayinevi.com.tr\/index.php\/urun\/balonla-5-hafta\/","title":{"rendered":"Balonla 5 Hafta"},"content":{"rendered":"<p>1862 y\u0131l\u0131n\u0131n so\u011fuk bir k\u0131\u015f g\u00fcn\u00fcnde, Londra Co\u011frafyac\u0131lar Birli\u011fi&#8217;inin toplant\u0131 salonu, \u00f6nemli bir a\u00e7\u0131klama i\u00e7in gelenler sayesinde t\u0131kl\u0131m t\u0131kl\u0131m doluydu. Birli\u011fin ba\u015fkan\u0131, bug\u00fcne kadar, ke\u015fifler sayesinde insanl\u0131\u011f\u0131n sa\u011flad\u0131\u011f\u0131 faydalardan bahsedek konu\u015fmas\u0131nda ba\u015flad\u0131. Bir s\u00fcre duraklad\u0131ktan sonra konu\u015fmas\u0131na devam etti: <\/p>\n","protected":false},"excerpt":{"rendered":"<p>1862 y\u0131l\u0131n\u0131n so\u011fuk bir k\u0131\u015f g\u00fcn\u00fcnde, Londra Co\u011frafyac\u0131lar Birli\u011fi&#8217;inin toplant\u0131 salonu, \u00f6nemli bir a\u00e7\u0131klama i\u00e7in gelenler sayesinde t\u0131kl\u0131m t\u0131kl\u0131m doluydu. Birli\u011fin ba\u015fkan\u0131, bug\u00fcne kadar, ke\u015fifler sayesinde<span class=\"excerpt-hellip\"> [\u2026]<\/span><\/p>\n","protected":false},"featured_media":0,"template":"","meta":{"_monsterinsights_skip_tracking":false,"_monsterinsights_sitenote_active":false,"_monsterinsights_sitenote_note":"","_monsterinsights_sitenote_category":0},"product_brand":[],"product_cat":[12274,12523],"product_tag":[],"class_list":{"0":"post-702682","1":"product","2":"type-product","3":"status-publish","5":"product_cat-cocuk-ve-genclik-kitaplari","6":"product_cat-masallar","7":"pa_tur-kitap","8":"pa_yayinevi-parilti-yayinlari","9":"pa_yazar-jules-verne","11":"first","12":"instock","13":"sale","14":"shipping-taxable","15":"purchasable","16":"product-type-simple"},"_links":{"self":[{"href":"https:\/\/roveyayinevi.com.tr\/index.php\/wp-json\/wp\/v2\/product\/702682","targetHints":{"allow":["GET"]}}],"collection":[{"href":"https:\/\/roveyayinevi.com.tr\/index.php\/wp-json\/wp\/v2\/product"}],"about":[{"href":"https:\/\/roveyayinevi.com.tr\/index.php\/wp-json\/wp\/v2\/types\/product"}],"wp:attachment":[{"href":"https:\/\/roveyayinevi.com.tr\/index.php\/wp-json\/wp\/v2\/media?parent=702682"}],"wp:term":[{"taxonomy":"product_brand","embeddable":true,"href":"https:\/\/roveyayinevi.com.tr\/index.php\/wp-json\/wp\/v2\/product_brand?post=702682"},{"taxonomy":"product_cat","embeddable":true,"href":"https:\/\/roveyayinevi.com.tr\/index.php\/wp-json\/wp\/v2\/product_cat?post=702682"},{"taxonomy":"product_tag","embeddable":true,"href":"https:\/\/roveyayinevi.com.tr\/index.php\/wp-json\/wp\/v2\/product_tag?post=702682"}],"curies":[{"name":"wp","href":"https:\/\/api.w.org\/{rel}","templated":true}]}}