{"id":702681,"date":"2025-08-27T15:18:13","date_gmt":"2025-08-27T12:18:13","guid":{"rendered":"https:\/\/roveyayinevi.com.tr\/index.php\/urun\/buyuk-yapitlar-kucuk-yapitlar\/"},"modified":"2026-04-16T02:11:49","modified_gmt":"2026-04-15T23:11:49","slug":"buyuk-yapitlar-kucuk-yapitlar","status":"publish","type":"product","link":"https:\/\/roveyayinevi.com.tr\/index.php\/urun\/buyuk-yapitlar-kucuk-yapitlar\/","title":{"rendered":"B\u00fcy\u00fck Yap\u0131tlar K\u00fc\u00e7\u00fck Yap\u0131tlar"},"content":{"rendered":"<p>\u00d6\u011frenciler, \u00f6\u011fretmenler, \u00f6\u011frenme duygusu i\u00e7indeki herkes bu kitapta b\u00fcy\u00fck bir k\u00fclt\u00fcr d\u00fcnyas\u0131nda gezintiye \u00e7\u0131kacak. <\/p>\n","protected":false},"excerpt":{"rendered":"<p>\u00d6\u011frenciler, \u00f6\u011fretmenler, \u00f6\u011frenme duygusu i\u00e7indeki herkes bu kitapta b\u00fcy\u00fck bir k\u00fclt\u00fcr d\u00fcnyas\u0131nda gezintiye \u00e7\u0131kacak.<\/p>\n","protected":false},"featured_media":0,"template":"","meta":{"_monsterinsights_skip_tracking":false,"_monsterinsights_sitenote_active":false,"_monsterinsights_sitenote_note":"","_monsterinsights_sitenote_category":0},"product_brand":[],"product_cat":[13548,12408],"product_tag":[],"class_list":{"0":"post-702681","1":"product","2":"type-product","3":"status-publish","5":"product_cat-kuram","6":"product_cat-sanat","7":"pa_tur-kitap","8":"pa_yayinevi-kaynak-yayinlari","9":"pa_yazar-ahmet-yildiz","11":"first","12":"instock","13":"sale","14":"shipping-taxable","15":"purchasable","16":"product-type-simple"},"_links":{"self":[{"href":"https:\/\/roveyayinevi.com.tr\/index.php\/wp-json\/wp\/v2\/product\/702681","targetHints":{"allow":["GET"]}}],"collection":[{"href":"https:\/\/roveyayinevi.com.tr\/index.php\/wp-json\/wp\/v2\/product"}],"about":[{"href":"https:\/\/roveyayinevi.com.tr\/index.php\/wp-json\/wp\/v2\/types\/product"}],"wp:attachment":[{"href":"https:\/\/roveyayinevi.com.tr\/index.php\/wp-json\/wp\/v2\/media?parent=702681"}],"wp:term":[{"taxonomy":"product_brand","embeddable":true,"href":"https:\/\/roveyayinevi.com.tr\/index.php\/wp-json\/wp\/v2\/product_brand?post=702681"},{"taxonomy":"product_cat","embeddable":true,"href":"https:\/\/roveyayinevi.com.tr\/index.php\/wp-json\/wp\/v2\/product_cat?post=702681"},{"taxonomy":"product_tag","embeddable":true,"href":"https:\/\/roveyayinevi.com.tr\/index.php\/wp-json\/wp\/v2\/product_tag?post=702681"}],"curies":[{"name":"wp","href":"https:\/\/api.w.org\/{rel}","templated":true}]}}