{"id":702673,"date":"2025-08-27T15:18:10","date_gmt":"2025-08-27T12:18:10","guid":{"rendered":"https:\/\/roveyayinevi.com.tr\/index.php\/urun\/benlik-gelisimi-surecinde-ayrisma-bireylesme\/"},"modified":"2026-04-16T02:11:49","modified_gmt":"2026-04-15T23:11:49","slug":"benlik-gelisimi-surecinde-ayrisma-bireylesme","status":"publish","type":"product","link":"https:\/\/roveyayinevi.com.tr\/index.php\/urun\/benlik-gelisimi-surecinde-ayrisma-bireylesme\/","title":{"rendered":"Benlik Geli\u015fimi S\u00fcrecinde Ayr\u0131\u015fma Bireyle\u015fme"},"content":{"rendered":"<p>Sa\u011fl\u0131kl\u0131 ayr\u0131\u015fma ve bireyle\u015fme, yeti\u015fkin ya\u015fam\u0131na ad\u0131m atma ve yeti\u015fkinlikteki rolleri ve g\u00f6revleri yerine getirmede de gerekli bir durumdur. Bireyin ba\u015fkalar\u0131yla ili\u015fkilerini dengeli ve uyum i\u00e7inde s\u00fcrd\u00fcrebilmesi, kendini ve ba\u015fkar\u0131n\u0131 tan\u0131y\u0131p ger\u00e7ek\u00e7i bir \u015fekilde de\u011ferlendirebilmesi ve karar verme sorumlulu\u011funu alabilmesi, ancak sa\u011fl\u0131kl\u0131 bir ayr\u0131\u015fma bireyle\u015fme s\u00fcreciyle m\u00fcmk\u00fcn olacakt\u0131r. Bu ba\u011flamda eser hem bir kaynak kitap hem de bireyin kendisi olma yolundaki yolculu\u011funa destek olmay\u0131 ama\u00e7lamaktad\u0131r. \ufffcTan\u0131t\u0131m Metni<\/p>\n","protected":false},"excerpt":{"rendered":"<p>Sa\u011fl\u0131kl\u0131 ayr\u0131\u015fma ve bireyle\u015fme, yeti\u015fkin ya\u015fam\u0131na ad\u0131m atma ve yeti\u015fkinlikteki rolleri ve g\u00f6revleri yerine getirmede de gerekli bir durumdur. Bireyin ba\u015fkalar\u0131yla ili\u015fkilerini dengeli ve uyum i\u00e7inde<span class=\"excerpt-hellip\"> [\u2026]<\/span><\/p>\n","protected":false},"featured_media":0,"template":"","meta":{"_monsterinsights_skip_tracking":false,"_monsterinsights_sitenote_active":false,"_monsterinsights_sitenote_note":"","_monsterinsights_sitenote_category":0},"product_brand":[],"product_cat":[12358,12357],"product_tag":[],"class_list":{"0":"post-702673","1":"product","2":"type-product","3":"status-publish","5":"product_cat-genel-psikoloji","6":"product_cat-psikoloji","7":"pa_cilt-ciltsiz","8":"pa_tur-kitap","9":"pa_yayinevi-ani-yayincilik","10":"pa_yazar-sevda-aslan","12":"first","13":"instock","14":"sale","15":"shipping-taxable","16":"purchasable","17":"product-type-simple"},"_links":{"self":[{"href":"https:\/\/roveyayinevi.com.tr\/index.php\/wp-json\/wp\/v2\/product\/702673","targetHints":{"allow":["GET"]}}],"collection":[{"href":"https:\/\/roveyayinevi.com.tr\/index.php\/wp-json\/wp\/v2\/product"}],"about":[{"href":"https:\/\/roveyayinevi.com.tr\/index.php\/wp-json\/wp\/v2\/types\/product"}],"wp:attachment":[{"href":"https:\/\/roveyayinevi.com.tr\/index.php\/wp-json\/wp\/v2\/media?parent=702673"}],"wp:term":[{"taxonomy":"product_brand","embeddable":true,"href":"https:\/\/roveyayinevi.com.tr\/index.php\/wp-json\/wp\/v2\/product_brand?post=702673"},{"taxonomy":"product_cat","embeddable":true,"href":"https:\/\/roveyayinevi.com.tr\/index.php\/wp-json\/wp\/v2\/product_cat?post=702673"},{"taxonomy":"product_tag","embeddable":true,"href":"https:\/\/roveyayinevi.com.tr\/index.php\/wp-json\/wp\/v2\/product_tag?post=702673"}],"curies":[{"name":"wp","href":"https:\/\/api.w.org\/{rel}","templated":true}]}}