{"id":702671,"date":"2025-08-27T15:18:09","date_gmt":"2025-08-27T12:18:09","guid":{"rendered":"https:\/\/roveyayinevi.com.tr\/index.php\/urun\/okulda-motivasyon\/"},"modified":"2026-04-16T02:11:49","modified_gmt":"2026-04-15T23:11:49","slug":"okulda-motivasyon","status":"publish","type":"product","link":"https:\/\/roveyayinevi.com.tr\/index.php\/urun\/okulda-motivasyon\/","title":{"rendered":"Okulda Motivasyon"},"content":{"rendered":"<p>Okulda \u00f6\u011frenme motivasyonu sadece okul ortam\u0131nda bulunan ve \u00f6\u011frencilere \u00f6\u011frenme yard\u0131m\u0131 sa\u011flayan t\u00fcm e\u011fitimcilere y\u00f6nelik de\u011fil, ayn\u0131 zamanda kendilerine \u00f6\u011frenme motivasyonu sa\u011flamak isteyenlere de y\u00f6neliktir. Motivasyon her ne kadar \u00f6\u011frenciyle ilgili i\u00e7sel bir olgu olsa da g\u00f6r\u00fclecektir ki onu geli\u015ftiren ve canland\u0131ranlar e\u011fitimcilerdir. Bu \u00e7al\u0131\u015fma, ayn\u0131 zamanda \u00f6\u011fretmen aday\u0131 \u00fcniversite \u00f6\u011frencilerne hitap etmektedir. Genellikle zaman darl\u0131\u011f\u0131 nedeniyle \u00f6\u011fretmen yeti\u015ftirme programlar\u0131nda, \u00f6\u011fretmen adaylar\u0131na, okul \u00f6\u011frenmeleriyle ilgili motivasyonun \u00f6nemi konusunda yeterince duyarl\u0131l\u0131k kazand\u0131r\u0131lmamakta ; g\u00fcncel, bilimsel bilgilere dayal\u0131 ve motivasyon sorununa sistematik m\u00fcdahale yakla\u015f\u0131mlar\u0131 tam \u00f6\u011fretilememektedir. &#8221; Okulda motivasyon &#8221; bu sorunun \u00e7\u00f6z\u00fcm\u00fcnde \u00f6\u011fretmen adaylar\u0131na yard\u0131mc\u0131 olacakt\u0131r. \ufffcTan\u0131t\u0131m Metni<\/p>\n","protected":false},"excerpt":{"rendered":"<p>Okulda \u00f6\u011frenme motivasyonu sadece okul ortam\u0131nda bulunan ve \u00f6\u011frencilere \u00f6\u011frenme yard\u0131m\u0131 sa\u011flayan t\u00fcm e\u011fitimcilere y\u00f6nelik de\u011fil, ayn\u0131 zamanda kendilerine \u00f6\u011frenme motivasyonu sa\u011flamak isteyenlere de y\u00f6neliktir. Motivasyon<span class=\"excerpt-hellip\"> [\u2026]<\/span><\/p>\n","protected":false},"featured_media":0,"template":"","meta":{"_monsterinsights_skip_tracking":false,"_monsterinsights_sitenote_active":false,"_monsterinsights_sitenote_note":"","_monsterinsights_sitenote_category":0},"product_brand":[],"product_cat":[12312,12304],"product_tag":[],"class_list":{"0":"post-702671","1":"product","2":"type-product","3":"status-publish","5":"product_cat-diger","6":"product_cat-tarih","7":"pa_cilt-ciltsiz","8":"pa_tur-kitap","9":"pa_yayinevi-ani-yayincilik","10":"pa_yazar-rolland-viau","12":"first","13":"instock","14":"sale","15":"shipping-taxable","16":"purchasable","17":"product-type-simple"},"_links":{"self":[{"href":"https:\/\/roveyayinevi.com.tr\/index.php\/wp-json\/wp\/v2\/product\/702671","targetHints":{"allow":["GET"]}}],"collection":[{"href":"https:\/\/roveyayinevi.com.tr\/index.php\/wp-json\/wp\/v2\/product"}],"about":[{"href":"https:\/\/roveyayinevi.com.tr\/index.php\/wp-json\/wp\/v2\/types\/product"}],"wp:attachment":[{"href":"https:\/\/roveyayinevi.com.tr\/index.php\/wp-json\/wp\/v2\/media?parent=702671"}],"wp:term":[{"taxonomy":"product_brand","embeddable":true,"href":"https:\/\/roveyayinevi.com.tr\/index.php\/wp-json\/wp\/v2\/product_brand?post=702671"},{"taxonomy":"product_cat","embeddable":true,"href":"https:\/\/roveyayinevi.com.tr\/index.php\/wp-json\/wp\/v2\/product_cat?post=702671"},{"taxonomy":"product_tag","embeddable":true,"href":"https:\/\/roveyayinevi.com.tr\/index.php\/wp-json\/wp\/v2\/product_tag?post=702671"}],"curies":[{"name":"wp","href":"https:\/\/api.w.org\/{rel}","templated":true}]}}