{"id":702670,"date":"2025-08-27T15:18:09","date_gmt":"2025-08-27T12:18:09","guid":{"rendered":"https:\/\/roveyayinevi.com.tr\/index.php\/urun\/sanatcinin-bir-genc-adam-olarak-portresi\/"},"modified":"2026-04-16T02:11:49","modified_gmt":"2026-04-15T23:11:49","slug":"sanatcinin-bir-genc-adam-olarak-portresi","status":"publish","type":"product","link":"https:\/\/roveyayinevi.com.tr\/index.php\/urun\/sanatcinin-bir-genc-adam-olarak-portresi\/","title":{"rendered":"Sanat\u00e7\u0131n\u0131n Bir Gen\u00e7 Adam Olarak Portresi"},"content":{"rendered":"<p>James Joyce\u2019un yar\u0131 otobiyografik bu roman\u0131, gen\u00e7 Stephen Dedalus\u2019un bir sanat\u00e7\u0131 olabilme arzusuyla, hayal g\u00fcc\u00fcn\u00fc bo\u011fan ve yarat\u0131c\u0131l\u0131\u011f\u0131n\u0131 sindiren kiliseye, okula ve topluma ba\u015fkald\u0131r\u0131\u015f\u0131n\u0131 anlat\u0131yor. \ufffcTan\u0131t\u0131m Metni<\/p>\n","protected":false},"excerpt":{"rendered":"<p>James Joyce\u2019un yar\u0131 otobiyografik bu roman\u0131, gen\u00e7 Stephen Dedalus\u2019un bir sanat\u00e7\u0131 olabilme arzusuyla, hayal g\u00fcc\u00fcn\u00fc bo\u011fan ve yarat\u0131c\u0131l\u0131\u011f\u0131n\u0131 sindiren kiliseye, okula ve topluma ba\u015fkald\u0131r\u0131\u015f\u0131n\u0131 anlat\u0131yor. \ufffcTan\u0131t\u0131m<span class=\"excerpt-hellip\"> [\u2026]<\/span><\/p>\n","protected":false},"featured_media":0,"template":"","meta":{"_monsterinsights_skip_tracking":false,"_monsterinsights_sitenote_active":false,"_monsterinsights_sitenote_note":"","_monsterinsights_sitenote_category":0},"product_brand":[],"product_cat":[12291,12866],"product_tag":[],"class_list":{"0":"post-702670","1":"product","2":"type-product","3":"status-publish","5":"product_cat-edebiyat","6":"product_cat-ingiliz-edebiyati","7":"pa_cilt-ciltsiz","8":"pa_tur-kitap","9":"pa_yayinevi-iletisim-yayinlari","10":"pa_yazar-james-joyce","12":"first","13":"instock","14":"sale","15":"shipping-taxable","16":"purchasable","17":"product-type-simple"},"_links":{"self":[{"href":"https:\/\/roveyayinevi.com.tr\/index.php\/wp-json\/wp\/v2\/product\/702670","targetHints":{"allow":["GET"]}}],"collection":[{"href":"https:\/\/roveyayinevi.com.tr\/index.php\/wp-json\/wp\/v2\/product"}],"about":[{"href":"https:\/\/roveyayinevi.com.tr\/index.php\/wp-json\/wp\/v2\/types\/product"}],"wp:attachment":[{"href":"https:\/\/roveyayinevi.com.tr\/index.php\/wp-json\/wp\/v2\/media?parent=702670"}],"wp:term":[{"taxonomy":"product_brand","embeddable":true,"href":"https:\/\/roveyayinevi.com.tr\/index.php\/wp-json\/wp\/v2\/product_brand?post=702670"},{"taxonomy":"product_cat","embeddable":true,"href":"https:\/\/roveyayinevi.com.tr\/index.php\/wp-json\/wp\/v2\/product_cat?post=702670"},{"taxonomy":"product_tag","embeddable":true,"href":"https:\/\/roveyayinevi.com.tr\/index.php\/wp-json\/wp\/v2\/product_tag?post=702670"}],"curies":[{"name":"wp","href":"https:\/\/api.w.org\/{rel}","templated":true}]}}