{"id":702669,"date":"2025-08-27T15:18:09","date_gmt":"2025-08-27T12:18:09","guid":{"rendered":"https:\/\/roveyayinevi.com.tr\/index.php\/urun\/canavar-pesinde-serisi-19-avantianin-tilsimi-olum-getiren-niksa\/"},"modified":"2026-04-13T02:14:35","modified_gmt":"2026-04-12T23:14:35","slug":"canavar-pesinde-serisi-19-avantianin-tilsimi-olum-getiren-niksa","status":"publish","type":"product","link":"https:\/\/roveyayinevi.com.tr\/index.php\/urun\/canavar-pesinde-serisi-19-avantianin-tilsimi-olum-getiren-niksa\/","title":{"rendered":"Canavar Pe\u015finde Serisi 19 &#8211; Avantia&#8217;n\u0131n T\u0131ls\u0131m\u0131 (\u00d6l\u00fcm Getiren Niksa)"},"content":{"rendered":"<p>Yepyeni Canavar Pe\u015finde maceras\u0131na ho\u015f geldiniz: \ufffcTan\u0131t\u0131m Metni<\/p>\n","protected":false},"excerpt":{"rendered":"<p>Yepyeni Canavar Pe\u015finde maceras\u0131na ho\u015f geldiniz: \ufffcTan\u0131t\u0131m Metni<\/p>\n","protected":false},"featured_media":0,"template":"","meta":{"_monsterinsights_skip_tracking":false,"_monsterinsights_sitenote_active":false,"_monsterinsights_sitenote_note":"","_monsterinsights_sitenote_category":0},"product_brand":[],"product_cat":[12274,12284],"product_tag":[],"class_list":{"0":"post-702669","1":"product","2":"type-product","3":"status-publish","5":"product_cat-cocuk-ve-genclik-kitaplari","6":"product_cat-hikayeler","7":"pa_tur-kitap","8":"pa_yayinevi-beyaz-balina-yayinlari","9":"pa_yazar-adam-blade","11":"first","12":"instock","13":"sale","14":"shipping-taxable","15":"purchasable","16":"product-type-simple"},"_links":{"self":[{"href":"https:\/\/roveyayinevi.com.tr\/index.php\/wp-json\/wp\/v2\/product\/702669","targetHints":{"allow":["GET"]}}],"collection":[{"href":"https:\/\/roveyayinevi.com.tr\/index.php\/wp-json\/wp\/v2\/product"}],"about":[{"href":"https:\/\/roveyayinevi.com.tr\/index.php\/wp-json\/wp\/v2\/types\/product"}],"wp:attachment":[{"href":"https:\/\/roveyayinevi.com.tr\/index.php\/wp-json\/wp\/v2\/media?parent=702669"}],"wp:term":[{"taxonomy":"product_brand","embeddable":true,"href":"https:\/\/roveyayinevi.com.tr\/index.php\/wp-json\/wp\/v2\/product_brand?post=702669"},{"taxonomy":"product_cat","embeddable":true,"href":"https:\/\/roveyayinevi.com.tr\/index.php\/wp-json\/wp\/v2\/product_cat?post=702669"},{"taxonomy":"product_tag","embeddable":true,"href":"https:\/\/roveyayinevi.com.tr\/index.php\/wp-json\/wp\/v2\/product_tag?post=702669"}],"curies":[{"name":"wp","href":"https:\/\/api.w.org\/{rel}","templated":true}]}}