{"id":702667,"date":"2025-08-27T15:18:08","date_gmt":"2025-08-27T12:18:08","guid":{"rendered":"https:\/\/roveyayinevi.com.tr\/index.php\/urun\/bahar-ikindisi\/"},"modified":"2025-11-22T03:27:01","modified_gmt":"2025-11-22T00:27:01","slug":"bahar-ikindisi","status":"publish","type":"product","link":"https:\/\/roveyayinevi.com.tr\/index.php\/urun\/bahar-ikindisi\/","title":{"rendered":"Bahar \u0130kindisi"},"content":{"rendered":"<p>\u015eair ve yazar Adil \u0130zci, bu kez \u015fiirlerini sizler i\u00e7in yazd\u0131 \u00e7ocuklar! <\/p>\n","protected":false},"excerpt":{"rendered":"<p>\u015eair ve yazar Adil \u0130zci, bu kez \u015fiirlerini sizler i\u00e7in yazd\u0131 \u00e7ocuklar!<\/p>\n","protected":false},"featured_media":0,"template":"","meta":{"_monsterinsights_skip_tracking":false,"_monsterinsights_sitenote_active":false,"_monsterinsights_sitenote_note":"","_monsterinsights_sitenote_category":0},"product_brand":[],"product_cat":[12274],"product_tag":[],"class_list":{"0":"post-702667","1":"product","2":"type-product","3":"status-publish","5":"product_cat-cocuk-ve-genclik-kitaplari","6":"pa_tur-kitap","7":"pa_yayinevi-kirmizi-kedi-yayinevi","8":"pa_yazar-adil-izci","10":"first","11":"instock","12":"sale","13":"shipping-taxable","14":"purchasable","15":"product-type-simple"},"_links":{"self":[{"href":"https:\/\/roveyayinevi.com.tr\/index.php\/wp-json\/wp\/v2\/product\/702667","targetHints":{"allow":["GET"]}}],"collection":[{"href":"https:\/\/roveyayinevi.com.tr\/index.php\/wp-json\/wp\/v2\/product"}],"about":[{"href":"https:\/\/roveyayinevi.com.tr\/index.php\/wp-json\/wp\/v2\/types\/product"}],"wp:attachment":[{"href":"https:\/\/roveyayinevi.com.tr\/index.php\/wp-json\/wp\/v2\/media?parent=702667"}],"wp:term":[{"taxonomy":"product_brand","embeddable":true,"href":"https:\/\/roveyayinevi.com.tr\/index.php\/wp-json\/wp\/v2\/product_brand?post=702667"},{"taxonomy":"product_cat","embeddable":true,"href":"https:\/\/roveyayinevi.com.tr\/index.php\/wp-json\/wp\/v2\/product_cat?post=702667"},{"taxonomy":"product_tag","embeddable":true,"href":"https:\/\/roveyayinevi.com.tr\/index.php\/wp-json\/wp\/v2\/product_tag?post=702667"}],"curies":[{"name":"wp","href":"https:\/\/api.w.org\/{rel}","templated":true}]}}