{"id":702666,"date":"2025-08-27T15:18:08","date_gmt":"2025-08-27T12:18:08","guid":{"rendered":"https:\/\/roveyayinevi.com.tr\/index.php\/urun\/sehrin-itirazi-gezi-direnisi-oncesi-istanbul-filmlerinde-isyan-esigi\/"},"modified":"2026-04-16T02:11:49","modified_gmt":"2026-04-15T23:11:49","slug":"sehrin-itirazi-gezi-direnisi-oncesi-istanbul-filmlerinde-isyan-esigi","status":"publish","type":"product","link":"https:\/\/roveyayinevi.com.tr\/index.php\/urun\/sehrin-itirazi-gezi-direnisi-oncesi-istanbul-filmlerinde-isyan-esigi\/","title":{"rendered":"\u015eehrin \u0130tiraz\u0131 &#8211; Gezi Direni\u015fi \u00d6ncesi \u0130stanbul Filmlerinde \u0130syan E\u015fi\u011fi"},"content":{"rendered":"<p>\u0130stanbul\u2019un itiraz\u0131 var: Kamu alanlar\u0131n\u0131n \u00f6zel \u00e7\u0131kara teslim edilmesine, a\u011fac\u0131n, suyun ve topra\u011f\u0131n ya\u011fmalanmas\u0131na, bir\u00e7ok d\u00fcnya \u015fehrinde yap\u0131lm\u0131\u015f hatalar\u0131n tekrarland\u0131\u011f\u0131 s\u0131radan bir kopya haline gelip ki\u015fili\u011fini kaybetmeye, ya\u015fam bi\u00e7imlerinin gayri insani bir hal almas\u0131na ve ya\u015fam\u0131n ataerkil de\u011ferlerle bo\u011fulmas\u0131na itiraz\u0131 var.Feride \u00c7i\u00e7eko\u011flu Vesikal\u0131 \u015eehir\u2019den yedi y\u0131l sonra bu kez, \u015fehri isyan\u0131n e\u015fi\u011fine getiren bu itiraz\u0131n Gezi Direni\u015fi \u00f6ncesinde \u00fcretilen filmlerdeki izlerini takip ediyor ve bu filmleri daha \u00f6nceki \u00f6rneklerle, 68 \u00f6ncesinin Paris\u2019indeki ve \u0130talyan \u015eehirlerindeki imar hareketleriyle ve oradaki de\u011fi\u015fimin bir ku\u015fak filmlerine yapt\u0131\u011f\u0131 yans\u0131malarla ili\u015fkilendiriyor: \u015eehir s\u0131k\u0131nt\u0131s\u0131, hi\u00e7lik, bo\u015fluk, de\u011fer ve haf\u0131za kayb\u0131, depresyon, de\u011fersizlik duygusu ve \u00f6fke patlamas\u0131.Gezi Direni\u015fini bug\u00fcn \u201ck\u0131rm\u0131z\u0131l\u0131\u201d kad\u0131n, \u201cdans eden\u201d, \u201csapan atan\u201d kad\u0131n imgeleriyle hat\u0131rlad\u0131\u011f\u0131m\u0131z\u0131 ve hem say\u0131ca hem varolu\u015f tarzlar\u0131yla kad\u0131nlar\u0131n yo\u011fun kat\u0131l\u0131m\u0131n\u0131 d\u00fc\u015f\u00fcnd\u00fc\u011f\u00fcm\u00fczde, bu itiraz\u0131n as\u0131l olarak erkekler \u015fehrine bir kar\u015f\u0131 \u00e7\u0131k\u0131\u015f oldu\u011funu anl\u0131yoruz.. <\/p>\n","protected":false},"excerpt":{"rendered":"<p>\u0130stanbul\u2019un itiraz\u0131 var: Kamu alanlar\u0131n\u0131n \u00f6zel \u00e7\u0131kara teslim edilmesine, a\u011fac\u0131n, suyun ve topra\u011f\u0131n ya\u011fmalanmas\u0131na, bir\u00e7ok d\u00fcnya \u015fehrinde yap\u0131lm\u0131\u015f hatalar\u0131n tekrarland\u0131\u011f\u0131 s\u0131radan bir kopya haline gelip ki\u015fili\u011fini<span class=\"excerpt-hellip\"> [\u2026]<\/span><\/p>\n","protected":false},"featured_media":0,"template":"","meta":{"_monsterinsights_skip_tracking":false,"_monsterinsights_sitenote_active":false,"_monsterinsights_sitenote_note":"","_monsterinsights_sitenote_category":0},"product_brand":[],"product_cat":[12409,12408],"product_tag":[],"class_list":{"0":"post-702666","1":"product","2":"type-product","3":"status-publish","5":"product_cat-fotograf-sinema-tiyatro","6":"product_cat-sanat","7":"pa_cilt-ciltsiz","8":"pa_tur-kitap","9":"pa_yayinevi-metis-yayinlari","10":"pa_yazar-feride-cicekoglu","12":"first","13":"instock","14":"sale","15":"shipping-taxable","16":"purchasable","17":"product-type-simple"},"_links":{"self":[{"href":"https:\/\/roveyayinevi.com.tr\/index.php\/wp-json\/wp\/v2\/product\/702666","targetHints":{"allow":["GET"]}}],"collection":[{"href":"https:\/\/roveyayinevi.com.tr\/index.php\/wp-json\/wp\/v2\/product"}],"about":[{"href":"https:\/\/roveyayinevi.com.tr\/index.php\/wp-json\/wp\/v2\/types\/product"}],"wp:attachment":[{"href":"https:\/\/roveyayinevi.com.tr\/index.php\/wp-json\/wp\/v2\/media?parent=702666"}],"wp:term":[{"taxonomy":"product_brand","embeddable":true,"href":"https:\/\/roveyayinevi.com.tr\/index.php\/wp-json\/wp\/v2\/product_brand?post=702666"},{"taxonomy":"product_cat","embeddable":true,"href":"https:\/\/roveyayinevi.com.tr\/index.php\/wp-json\/wp\/v2\/product_cat?post=702666"},{"taxonomy":"product_tag","embeddable":true,"href":"https:\/\/roveyayinevi.com.tr\/index.php\/wp-json\/wp\/v2\/product_tag?post=702666"}],"curies":[{"name":"wp","href":"https:\/\/api.w.org\/{rel}","templated":true}]}}