{"id":702664,"date":"2025-08-27T15:18:07","date_gmt":"2025-08-27T12:18:07","guid":{"rendered":"https:\/\/roveyayinevi.com.tr\/index.php\/urun\/sanki-viran-ankara\/"},"modified":"2026-04-16T02:11:49","modified_gmt":"2026-04-15T23:11:49","slug":"sanki-viran-ankara","status":"publish","type":"product","link":"https:\/\/roveyayinevi.com.tr\/index.php\/urun\/sanki-viran-ankara\/","title":{"rendered":"Sanki Viran Ankara"},"content":{"rendered":"<p>Ankara\u2019n\u0131n, T\u00fcrkiye\u2019de modern kentle\u015fmenin vitrini olarak tanzim edilmesinin \u00fczerinden on y\u0131llar ge\u00e7ti. Vitrin eskidi, k\u0131yafetler epridi, dekor y\u0131prand\u0131, mankenlerin kolu baca\u011f\u0131 koptu. Funda \u015eenol Cantek\u2019in derlemesi, Ankara\u2019n\u0131n heyecanl\u0131 modernle\u015fme tarihi i\u00e7inde \u2018d\u00fc\u015fk\u00fcnle\u015fmesi\u2019 hakk\u0131nda bir kitap. Bu s\u00fcrecin, belirli mahallelerde, mek\u00e2nlarda kendine mahsus \u00e7ehrelere b\u00fcr\u00fcnen de\u011fi\u015fik tarihsel u\u011fraklar\u0131 ve g\u00f6r\u00fcn\u00fcmleri hakk\u0131nda&#8230;19. y\u00fczy\u0131l Ankara\u2019s\u0131nda mahalleler ve g\u00fcndelik ya\u015fam (Zeliha Et\u00f6z)\u2026 1957 sel fel\u00e2ketzedelerinin Mamak\u2019tan Yenimahalle\u2019ye uzanan hayat \u00e7izgileri (Funda \u015eenol Cantek)\u2026 \u201c1980\u2019ler sonras\u0131 Ankara\u2019da kentli olmak ne demektir?\u201d sorusu pe\u015finde Ankara ve modernle\u015fme (Belk\u0131s Ayhan Tarhan)\u2026 Erken Cumhuriyet Ankara\u2019s\u0131nda modernle\u015fmenin gerilimlerinin kad\u0131nlar ve k\u0131l\u0131klar\u0131 \u00fczerinden bir okumas\u0131 (Elif Ekin Ak\u015fit)\u2026 Kabaday\u0131lar\u0131n ve futbolun mahallesi: Hacettepe (Levent Cantek)\u2026 \u201cBozk\u0131rdaki cennet\u201d: Gen\u00e7lik Park\u0131 (Burcu Y\u0131lmaz)\u2026 ve Melih G\u00f6k\u00e7ek d\u00f6neminin, bir toplu konuta indirgenen Ankara\u2019s\u0131 (G\u00fcrsel Korat)\u2026Merakl\u0131s\u0131 i\u00e7in not: Kitab\u0131n ad\u0131, Sensiz Ankara isimli \u015fark\u0131dan: G\u00fcn\u00fcm kara, gecem zindan \/ Sen gideli sanki viran, \/ Sevgilim, sensiz Ankara. \/ G\u00f6zya\u015f\u0131m\u0131 kurutmuyor \/ Efk\u00e2r\u0131m\u0131 da\u011f\u0131tm\u0131yor \/ Art\u0131k beni avutmuyor \/ Sevgilim, sensiz Ankara. S\u00f6z: Mehmet Erbulan, Beste: Necdet Tokatl\u0131o\u011flu<\/p>\n","protected":false},"excerpt":{"rendered":"<p>Ankara\u2019n\u0131n, T\u00fcrkiye\u2019de modern kentle\u015fmenin vitrini olarak tanzim edilmesinin \u00fczerinden on y\u0131llar ge\u00e7ti. Vitrin eskidi, k\u0131yafetler epridi, dekor y\u0131prand\u0131, mankenlerin kolu baca\u011f\u0131 koptu. Funda \u015eenol Cantek\u2019in derlemesi,<span class=\"excerpt-hellip\"> [\u2026]<\/span><\/p>\n","protected":false},"featured_media":0,"template":"","meta":{"_monsterinsights_skip_tracking":false,"_monsterinsights_sitenote_active":false,"_monsterinsights_sitenote_note":"","_monsterinsights_sitenote_category":0},"product_brand":[],"product_cat":[13054,24413],"product_tag":[],"class_list":{"0":"post-702664","1":"product","2":"type-product","3":"status-publish","5":"product_cat-gezi-ve-rehber-kitaplari","6":"product_cat-kent-rehberleri","7":"pa_cilt-ciltsiz","8":"pa_tur-kitap","9":"pa_yayinevi-iletisim-yayinlari","10":"pa_yazar-funda-senol-cantek-der","12":"first","13":"instock","14":"sale","15":"shipping-taxable","16":"purchasable","17":"product-type-simple"},"_links":{"self":[{"href":"https:\/\/roveyayinevi.com.tr\/index.php\/wp-json\/wp\/v2\/product\/702664","targetHints":{"allow":["GET"]}}],"collection":[{"href":"https:\/\/roveyayinevi.com.tr\/index.php\/wp-json\/wp\/v2\/product"}],"about":[{"href":"https:\/\/roveyayinevi.com.tr\/index.php\/wp-json\/wp\/v2\/types\/product"}],"wp:attachment":[{"href":"https:\/\/roveyayinevi.com.tr\/index.php\/wp-json\/wp\/v2\/media?parent=702664"}],"wp:term":[{"taxonomy":"product_brand","embeddable":true,"href":"https:\/\/roveyayinevi.com.tr\/index.php\/wp-json\/wp\/v2\/product_brand?post=702664"},{"taxonomy":"product_cat","embeddable":true,"href":"https:\/\/roveyayinevi.com.tr\/index.php\/wp-json\/wp\/v2\/product_cat?post=702664"},{"taxonomy":"product_tag","embeddable":true,"href":"https:\/\/roveyayinevi.com.tr\/index.php\/wp-json\/wp\/v2\/product_tag?post=702664"}],"curies":[{"name":"wp","href":"https:\/\/api.w.org\/{rel}","templated":true}]}}