{"id":702662,"date":"2025-08-27T15:18:06","date_gmt":"2025-08-27T12:18:06","guid":{"rendered":"https:\/\/roveyayinevi.com.tr\/index.php\/urun\/beyaz-ipek-gibi-yagdi-kar\/"},"modified":"2026-04-16T02:11:49","modified_gmt":"2026-04-15T23:11:49","slug":"beyaz-ipek-gibi-yagdi-kar","status":"publish","type":"product","link":"https:\/\/roveyayinevi.com.tr\/index.php\/urun\/beyaz-ipek-gibi-yagdi-kar\/","title":{"rendered":"Beyaz \u0130pek Gibi Ya\u011fd\u0131 Kar"},"content":{"rendered":"<p>Cumhuriyet d\u00f6nemi \u015fiirimizde kendine \u00f6zg\u00fc bir yeri olan Ataol Behramo\u011flu 50 y\u0131ld\u0131r yazd\u0131\u011f\u0131 dizelerden 100&#8217;\u00fcn\u00fc se\u00e7ip ay\u0131rd\u0131. &#8220;Beyaz, \u0130pek Gibi Ya\u011fd\u0131 Kar&#8221; 50 y\u0131ldan se\u00e7ilmi\u015f 100 \u015fiirinden olu\u015ftu. Lirik&#8230; Epik&#8230; Ki\u015fisel&#8230; Toplumsal \u015fiirler\u2026 Ataol Behramo\u011flu&#8217;nun d\u00fcnya dillerine \u00e7evrilmi\u015f, uluslararas\u0131 \u00f6d\u00fcller alm\u0131\u015f \u015fiirlerinden bir se\u00e7kidir bu kitap.Hem bir \u015fiir se\u00e7kisi hem de \u015fiir dilinde bir T\u00fcrkiye \u00f6yk\u00fcs\u00fc.<\/p>\n","protected":false},"excerpt":{"rendered":"<p>Cumhuriyet d\u00f6nemi \u015fiirimizde kendine \u00f6zg\u00fc bir yeri olan Ataol Behramo\u011flu 50 y\u0131ld\u0131r yazd\u0131\u011f\u0131 dizelerden 100&#8217;\u00fcn\u00fc se\u00e7ip ay\u0131rd\u0131. &#8220;Beyaz, \u0130pek Gibi Ya\u011fd\u0131 Kar&#8221; 50 y\u0131ldan se\u00e7ilmi\u015f 100<span class=\"excerpt-hellip\"> [\u2026]<\/span><\/p>\n","protected":false},"featured_media":0,"template":"","meta":{"_monsterinsights_skip_tracking":false,"_monsterinsights_sitenote_active":false,"_monsterinsights_sitenote_note":"","_monsterinsights_sitenote_category":0},"product_brand":[],"product_cat":[12291,12509],"product_tag":[],"class_list":{"0":"post-702662","1":"product","2":"type-product","3":"status-publish","5":"product_cat-edebiyat","6":"product_cat-siir","7":"pa_tur-kitap","8":"pa_yayinevi-cumhuriyet-kitaplari","9":"pa_yazar-ataol-behramoglu","11":"first","12":"instock","13":"sale","14":"shipping-taxable","15":"purchasable","16":"product-type-simple"},"_links":{"self":[{"href":"https:\/\/roveyayinevi.com.tr\/index.php\/wp-json\/wp\/v2\/product\/702662","targetHints":{"allow":["GET"]}}],"collection":[{"href":"https:\/\/roveyayinevi.com.tr\/index.php\/wp-json\/wp\/v2\/product"}],"about":[{"href":"https:\/\/roveyayinevi.com.tr\/index.php\/wp-json\/wp\/v2\/types\/product"}],"wp:attachment":[{"href":"https:\/\/roveyayinevi.com.tr\/index.php\/wp-json\/wp\/v2\/media?parent=702662"}],"wp:term":[{"taxonomy":"product_brand","embeddable":true,"href":"https:\/\/roveyayinevi.com.tr\/index.php\/wp-json\/wp\/v2\/product_brand?post=702662"},{"taxonomy":"product_cat","embeddable":true,"href":"https:\/\/roveyayinevi.com.tr\/index.php\/wp-json\/wp\/v2\/product_cat?post=702662"},{"taxonomy":"product_tag","embeddable":true,"href":"https:\/\/roveyayinevi.com.tr\/index.php\/wp-json\/wp\/v2\/product_tag?post=702662"}],"curies":[{"name":"wp","href":"https:\/\/api.w.org\/{rel}","templated":true}]}}