{"id":702661,"date":"2025-08-27T15:18:06","date_gmt":"2025-08-27T12:18:06","guid":{"rendered":"https:\/\/roveyayinevi.com.tr\/index.php\/urun\/kaptan-dusukdon-11-turbo-tuvalet-2000in-intikami\/"},"modified":"2026-04-16T02:11:49","modified_gmt":"2026-04-15T23:11:49","slug":"kaptan-dusukdon-11-turbo-tuvalet-2000in-intikami","status":"publish","type":"product","link":"https:\/\/roveyayinevi.com.tr\/index.php\/urun\/kaptan-dusukdon-11-turbo-tuvalet-2000in-intikami\/","title":{"rendered":"Kaptan D\u00fc\u015f\u00fckdon 11 &#8211; Turbo Tuvalet 2000&#8217;in \u0130ntikam\u0131"},"content":{"rendered":"<p>Sifonu \u00e7ekmek ne zaman g\u00fcvenli olur?Turbo Tuvalet 2000 tekrar sald\u0131r\u0131ya ge\u00e7ti. Turbo Tuvalet 2000\u2019in, \u0130ntikam h\u0131rs\u0131yla bir kez daha i\u015ftah\u0131 kabard\u0131. Yoluna \u00e7\u0131kan her \u015feyi kocaman midesine indirmeye ba\u015flad\u0131. Peki bu kocaman mideli intikam mele\u011finin i\u015ftah\u0131na kim engel olacak? George, Harold ve onlar\u0131n sinir bozucu arkada\u015flar\u0131 Melvin Sneedly mi, yoksa muhte\u015fem Kaptan D\u00fc\u015f\u00fckdon mu? \ufffcTan\u0131t\u0131m Metni<\/p>\n","protected":false},"excerpt":{"rendered":"<p>Sifonu \u00e7ekmek ne zaman g\u00fcvenli olur?Turbo Tuvalet 2000 tekrar sald\u0131r\u0131ya ge\u00e7ti. Turbo Tuvalet 2000\u2019in, \u0130ntikam h\u0131rs\u0131yla bir kez daha i\u015ftah\u0131 kabard\u0131. Yoluna \u00e7\u0131kan her \u015feyi kocaman<span class=\"excerpt-hellip\"> [\u2026]<\/span><\/p>\n","protected":false},"featured_media":0,"template":"","meta":{"_monsterinsights_skip_tracking":false,"_monsterinsights_sitenote_active":false,"_monsterinsights_sitenote_note":"","_monsterinsights_sitenote_category":0},"product_brand":[],"product_cat":[12416,12291],"product_tag":[],"class_list":{"0":"post-702661","1":"product","2":"type-product","3":"status-publish","5":"product_cat-cizgi-roman","6":"product_cat-edebiyat","7":"pa_cilt-ciltsiz","8":"pa_tur-kitap","9":"pa_yayinevi-altin-kitaplar-cocuk-kitaplari","10":"pa_yazar-dav-pilkey","12":"first","13":"instock","14":"sale","15":"shipping-taxable","16":"purchasable","17":"product-type-simple"},"_links":{"self":[{"href":"https:\/\/roveyayinevi.com.tr\/index.php\/wp-json\/wp\/v2\/product\/702661","targetHints":{"allow":["GET"]}}],"collection":[{"href":"https:\/\/roveyayinevi.com.tr\/index.php\/wp-json\/wp\/v2\/product"}],"about":[{"href":"https:\/\/roveyayinevi.com.tr\/index.php\/wp-json\/wp\/v2\/types\/product"}],"wp:attachment":[{"href":"https:\/\/roveyayinevi.com.tr\/index.php\/wp-json\/wp\/v2\/media?parent=702661"}],"wp:term":[{"taxonomy":"product_brand","embeddable":true,"href":"https:\/\/roveyayinevi.com.tr\/index.php\/wp-json\/wp\/v2\/product_brand?post=702661"},{"taxonomy":"product_cat","embeddable":true,"href":"https:\/\/roveyayinevi.com.tr\/index.php\/wp-json\/wp\/v2\/product_cat?post=702661"},{"taxonomy":"product_tag","embeddable":true,"href":"https:\/\/roveyayinevi.com.tr\/index.php\/wp-json\/wp\/v2\/product_tag?post=702661"}],"curies":[{"name":"wp","href":"https:\/\/api.w.org\/{rel}","templated":true}]}}