{"id":702654,"date":"2025-08-27T15:18:03","date_gmt":"2025-08-27T12:18:03","guid":{"rendered":"https:\/\/roveyayinevi.com.tr\/index.php\/urun\/tarih-felsefesi-2\/"},"modified":"2026-04-16T02:11:48","modified_gmt":"2026-04-15T23:11:48","slug":"tarih-felsefesi-2","status":"publish","type":"product","link":"https:\/\/roveyayinevi.com.tr\/index.php\/urun\/tarih-felsefesi-2\/","title":{"rendered":"Tarih Felsefesi"},"content":{"rendered":"<p>Tarih felsefesi deyince akl\u0131m\u0131za ilkin, tarihsel s\u00fcrecin gidi\u015fat\u0131n\u0131 y\u00f6neten genel yasalar\u0131 ke\u015ffetme ve tarihsel varl\u0131k alan\u0131na ili\u015fkin kapsaml\u0131 bir bilgi olu\u015fturma giri\u015fimi gelir.Bu t\u00fcr bir d\u00fc\u015f\u00fcnme \u00e7abas\u0131, Bat\u0131\u2019da, 17. y\u00fczy\u0131ldan ba\u015flayarak geli\u015fim g\u00f6stermi\u015ftir. Bu giri\u015fimin gerisinde, tarihsel olgulara dayanarak birtak\u0131m genellemeler yapma ve sonra da bu genellemeler \u00fczerine kapsaml\u0131 a\u00e7\u0131klamalar getirme iste\u011fi vard\u0131r. Bu anlam\u0131yla tarih felsefesi, tarihin kendisiyle birlikte geli\u015fen bir alan olarak ortaya \u00e7\u0131kar ve tarihsel bilginin d\u00fczenlenmi\u015f bir bilgi b\u00fct\u00fcn\u00fc olarak kendini g\u00f6sterdi\u011fi her yerde o da d\u00fczenli ve tan\u0131mlanm\u0131\u015f bir bilgi b\u00fct\u00fcn\u00fc olarak varolur. Amac\u0131 da bir b\u00fct\u00fcn olarak d\u00fcnya hakk\u0131nda d\u00fc\u015f\u00fcnmek ya da onun yasalar\u0131n\u0131 ke\u015ffetmektir. Di\u011fer y\u00f6n\u00fcyle tarih felsefesi, tarih\u00e7inin yap\u0131p etmekte oldu\u011fu i\u015fin ne oldu\u011funun sorgulanmas\u0131n\u0131 kapsar. Bu anlam\u0131yla o, hen\u00fcz ula\u015f\u0131lmam\u0131\u015f bir ger\u00e7eklik \u00fczerine bir bilme etkinli\u011fi olarak de\u011fil, tarih\u00e7inin ger\u00e7e\u011fe ula\u015fma \u00e7abas\u0131 \u00fczerine bir bilme etkinli\u011fi, bir insanl\u0131k deneyimi ve de tarihin di\u011fer deneyim bi\u00e7imleriyle olan ili\u015fkisini, ge\u00e7erlili\u011fini ke\u015ffetme giri\u015fimi olarak anla\u015f\u0131l\u0131r. <\/p>\n","protected":false},"excerpt":{"rendered":"<p>Tarih felsefesi deyince akl\u0131m\u0131za ilkin, tarihsel s\u00fcrecin gidi\u015fat\u0131n\u0131 y\u00f6neten genel yasalar\u0131 ke\u015ffetme ve tarihsel varl\u0131k alan\u0131na ili\u015fkin kapsaml\u0131 bir bilgi olu\u015fturma giri\u015fimi gelir.Bu t\u00fcr bir d\u00fc\u015f\u00fcnme<span class=\"excerpt-hellip\"> [\u2026]<\/span><\/p>\n","protected":false},"featured_media":0,"template":"","meta":{"_monsterinsights_skip_tracking":false,"_monsterinsights_sitenote_active":false,"_monsterinsights_sitenote_note":"","_monsterinsights_sitenote_category":0},"product_brand":[],"product_cat":[12274,14573],"product_tag":[],"class_list":{"0":"post-702654","1":"product","2":"type-product","3":"status-publish","5":"product_cat-cocuk-ve-genclik-kitaplari","6":"product_cat-referans-kitaplar-cocuk-ve-genclik-kitaplari","7":"pa_cilt-ciltsiz","8":"pa_tur-kitap","9":"pa_yayinevi-say-yayinlari","10":"pa_yazar-kubilay-aysevener","12":"first","13":"instock","14":"sale","15":"shipping-taxable","16":"purchasable","17":"product-type-simple"},"_links":{"self":[{"href":"https:\/\/roveyayinevi.com.tr\/index.php\/wp-json\/wp\/v2\/product\/702654","targetHints":{"allow":["GET"]}}],"collection":[{"href":"https:\/\/roveyayinevi.com.tr\/index.php\/wp-json\/wp\/v2\/product"}],"about":[{"href":"https:\/\/roveyayinevi.com.tr\/index.php\/wp-json\/wp\/v2\/types\/product"}],"wp:attachment":[{"href":"https:\/\/roveyayinevi.com.tr\/index.php\/wp-json\/wp\/v2\/media?parent=702654"}],"wp:term":[{"taxonomy":"product_brand","embeddable":true,"href":"https:\/\/roveyayinevi.com.tr\/index.php\/wp-json\/wp\/v2\/product_brand?post=702654"},{"taxonomy":"product_cat","embeddable":true,"href":"https:\/\/roveyayinevi.com.tr\/index.php\/wp-json\/wp\/v2\/product_cat?post=702654"},{"taxonomy":"product_tag","embeddable":true,"href":"https:\/\/roveyayinevi.com.tr\/index.php\/wp-json\/wp\/v2\/product_tag?post=702654"}],"curies":[{"name":"wp","href":"https:\/\/api.w.org\/{rel}","templated":true}]}}