{"id":702652,"date":"2025-08-27T15:18:02","date_gmt":"2025-08-27T12:18:02","guid":{"rendered":"https:\/\/roveyayinevi.com.tr\/index.php\/urun\/hayal\/"},"modified":"2026-04-16T02:11:48","modified_gmt":"2026-04-15T23:11:48","slug":"hayal","status":"publish","type":"product","link":"https:\/\/roveyayinevi.com.tr\/index.php\/urun\/hayal\/","title":{"rendered":"Hayal"},"content":{"rendered":"<p>Benim g\u00f6\u011fs\u00fcm, uzun yolculuklar\u0131n mola yerlerine benzer. \u0130htiya\u00e7 gidermek ya da dinlenmek i\u00e7indir; yerle\u015fmek i\u00e7in de\u011fil. \u0130nsanlar, i\u00e7ine d\u00fc\u015ft\u00fckleri en zor durumlarda dertlerini anlatmak i\u00e7in benim gibilere ba\u015fvurur fakat ok\u015fans\u0131n istediklerinde ba\u015flar\u0131n\u0131 benim gibilerin g\u00f6\u011fs\u00fcne koymaktan ka\u00e7\u0131n\u0131rlar. \ufffcTan\u0131t\u0131m Metni<\/p>\n","protected":false},"excerpt":{"rendered":"<p>Benim g\u00f6\u011fs\u00fcm, uzun yolculuklar\u0131n mola yerlerine benzer. \u0130htiya\u00e7 gidermek ya da dinlenmek i\u00e7indir; yerle\u015fmek i\u00e7in de\u011fil. \u0130nsanlar, i\u00e7ine d\u00fc\u015ft\u00fckleri en zor durumlarda dertlerini anlatmak i\u00e7in benim<span class=\"excerpt-hellip\"> [\u2026]<\/span><\/p>\n","protected":false},"featured_media":0,"template":"","meta":{"_monsterinsights_skip_tracking":false,"_monsterinsights_sitenote_active":false,"_monsterinsights_sitenote_note":"","_monsterinsights_sitenote_category":0},"product_brand":[],"product_cat":[12291,12711],"product_tag":[],"class_list":{"0":"post-702652","1":"product","2":"type-product","3":"status-publish","5":"product_cat-edebiyat","6":"product_cat-roman-oyku","7":"pa_tur-kitap","8":"pa_yayinevi-nemesis-kitap","9":"pa_yazar-jale-demirdogen","11":"first","12":"instock","13":"sale","14":"shipping-taxable","15":"purchasable","16":"product-type-simple"},"_links":{"self":[{"href":"https:\/\/roveyayinevi.com.tr\/index.php\/wp-json\/wp\/v2\/product\/702652","targetHints":{"allow":["GET"]}}],"collection":[{"href":"https:\/\/roveyayinevi.com.tr\/index.php\/wp-json\/wp\/v2\/product"}],"about":[{"href":"https:\/\/roveyayinevi.com.tr\/index.php\/wp-json\/wp\/v2\/types\/product"}],"wp:attachment":[{"href":"https:\/\/roveyayinevi.com.tr\/index.php\/wp-json\/wp\/v2\/media?parent=702652"}],"wp:term":[{"taxonomy":"product_brand","embeddable":true,"href":"https:\/\/roveyayinevi.com.tr\/index.php\/wp-json\/wp\/v2\/product_brand?post=702652"},{"taxonomy":"product_cat","embeddable":true,"href":"https:\/\/roveyayinevi.com.tr\/index.php\/wp-json\/wp\/v2\/product_cat?post=702652"},{"taxonomy":"product_tag","embeddable":true,"href":"https:\/\/roveyayinevi.com.tr\/index.php\/wp-json\/wp\/v2\/product_tag?post=702652"}],"curies":[{"name":"wp","href":"https:\/\/api.w.org\/{rel}","templated":true}]}}