{"id":702651,"date":"2025-08-27T15:18:02","date_gmt":"2025-08-27T12:18:02","guid":{"rendered":"https:\/\/roveyayinevi.com.tr\/index.php\/urun\/hafiza-yanilmalari-ve-iki-ayri-hafiza-kodu-teorisi\/"},"modified":"2026-04-16T02:11:48","modified_gmt":"2026-04-15T23:11:48","slug":"hafiza-yanilmalari-ve-iki-ayri-hafiza-kodu-teorisi","status":"publish","type":"product","link":"https:\/\/roveyayinevi.com.tr\/index.php\/urun\/hafiza-yanilmalari-ve-iki-ayri-hafiza-kodu-teorisi\/","title":{"rendered":"Haf\u0131za Yan\u0131lmalar\u0131 ve \u0130ki Ayr\u0131 Haf\u0131za Kodu Teorisi"},"content":{"rendered":"<p>Haf\u0131za adl\u0131 kitab\u0131nda, hat\u0131rlama s\u00fcreciyle ilgili temel deneysel bilgileri veren Prof. Dr. Y\u0131lmaz \u00d6zakp\u0131nar, bu kitapta haf\u0131za yan\u0131lmalar\u0131n\u0131n olu\u015fum mekanizmas\u0131n\u0131 incelemektedir. Bilimsel psikolojinin ba\u015flang\u0131c\u0131ndan g\u00fcn\u00fcm\u00fcze kadar literat\u00fcrde var olan bulgular\u0131 naklettikten sonra \u00d6zakp\u0131nar, kendi geli\u015ftirdi\u011fi  iki ayr\u0131 haf\u0131za kodu  teorisini s\u0131nayan bir dizi deneyle ilgili bilgiler vermektedir. Deneysel kan\u0131tlar \u0131\u015f\u0131\u011f\u0131nda, yazar, kitab\u0131n son b\u00f6l\u00fcm\u00fcnde, haf\u0131za yan\u0131lmalar\u0131n\u0131n rastgele ortaya \u00e7\u0131kmad\u0131\u011f\u0131n\u0131, haf\u0131za sisteminin i\u015fleyi\u015f kurallar\u0131n\u0131n belirli ko\u015fullarda do\u011furdu\u011fu sonu\u00e7lar oldu\u011funu g\u00f6stermektedir. D\u0131\u015far\u0131dan gelen s\u00f6zel uyaranlar\u0131n anlam\u0131 ve fiziksel \u00f6zellikleri i\u00e7in haf\u0131za sisteminde iki ayr\u0131 kodlama yap\u0131ld\u0131\u011f\u0131n\u0131 ileri s\u00fcren \u00d6zakp\u0131nar, ko\u015fullar elvermedi\u011fi zaman, uyaran\u0131n her iki y\u00f6n\u00fcn\u00fcn birden tam olarak kodlanamad\u0131\u011f\u0131n\u0131 ve bu nedenle anlam kodunun \u00f6ncelik ta\u015f\u0131d\u0131\u011f\u0131n\u0131 vurgulamaktad\u0131r. Hat\u0131rlama zaman\u0131 geldi\u011finde sistem, anlam koduna eri\u015fmekte, fakat fiziksel \u00f6zelliklerin kodu kusurlu oldu\u011fu i\u00e7in onlar\u0131n hat\u0131rlanmas\u0131 olas\u0131l\u0131k hesab\u0131na g\u00f6re yap\u0131lmakta ve yanl\u0131\u015f olabilmektedir. Yazara g\u00f6re bu durum, insan hayat\u0131nda b\u00fcy\u00fck bir aksakl\u0131k meydana getirmez; \u00e7\u00fcnk\u00fc yan\u0131lmalar rastgele de\u011fil, anlam koduna g\u00f6re aranan s\u00f6zc\u00fckle e\u015fde\u011ferli ba\u015fka bir s\u00f6zc\u00fc\u011f\u00fcn se\u00e7ilmesi yoluyla olmaktad\u0131r. <\/p>\n","protected":false},"excerpt":{"rendered":"<p>Haf\u0131za adl\u0131 kitab\u0131nda, hat\u0131rlama s\u00fcreciyle ilgili temel deneysel bilgileri veren Prof. Dr. Y\u0131lmaz \u00d6zakp\u0131nar, bu kitapta haf\u0131za yan\u0131lmalar\u0131n\u0131n olu\u015fum mekanizmas\u0131n\u0131 incelemektedir. Bilimsel psikolojinin ba\u015flang\u0131c\u0131ndan g\u00fcn\u00fcm\u00fcze kadar<span class=\"excerpt-hellip\"> [\u2026]<\/span><\/p>\n","protected":false},"featured_media":0,"template":"","meta":{"_monsterinsights_skip_tracking":false,"_monsterinsights_sitenote_active":false,"_monsterinsights_sitenote_note":"","_monsterinsights_sitenote_category":0},"product_brand":[],"product_cat":[12358,12357],"product_tag":[],"class_list":{"0":"post-702651","1":"product","2":"type-product","3":"status-publish","5":"product_cat-genel-psikoloji","6":"product_cat-psikoloji","7":"pa_tur-kitap","8":"pa_yayinevi-otuken-nesriyat","9":"pa_yazar-yilmaz-ozakpinar","11":"first","12":"instock","13":"sale","14":"shipping-taxable","15":"purchasable","16":"product-type-simple"},"_links":{"self":[{"href":"https:\/\/roveyayinevi.com.tr\/index.php\/wp-json\/wp\/v2\/product\/702651","targetHints":{"allow":["GET"]}}],"collection":[{"href":"https:\/\/roveyayinevi.com.tr\/index.php\/wp-json\/wp\/v2\/product"}],"about":[{"href":"https:\/\/roveyayinevi.com.tr\/index.php\/wp-json\/wp\/v2\/types\/product"}],"wp:attachment":[{"href":"https:\/\/roveyayinevi.com.tr\/index.php\/wp-json\/wp\/v2\/media?parent=702651"}],"wp:term":[{"taxonomy":"product_brand","embeddable":true,"href":"https:\/\/roveyayinevi.com.tr\/index.php\/wp-json\/wp\/v2\/product_brand?post=702651"},{"taxonomy":"product_cat","embeddable":true,"href":"https:\/\/roveyayinevi.com.tr\/index.php\/wp-json\/wp\/v2\/product_cat?post=702651"},{"taxonomy":"product_tag","embeddable":true,"href":"https:\/\/roveyayinevi.com.tr\/index.php\/wp-json\/wp\/v2\/product_tag?post=702651"}],"curies":[{"name":"wp","href":"https:\/\/api.w.org\/{rel}","templated":true}]}}