{"id":702648,"date":"2025-08-27T15:18:01","date_gmt":"2025-08-27T12:18:01","guid":{"rendered":"https:\/\/roveyayinevi.com.tr\/index.php\/urun\/estetik-ve-temel-kuramlari\/"},"modified":"2026-01-23T02:15:33","modified_gmt":"2026-01-22T23:15:33","slug":"estetik-ve-temel-kuramlari","status":"publish","type":"product","link":"https:\/\/roveyayinevi.com.tr\/index.php\/urun\/estetik-ve-temel-kuramlari\/","title":{"rendered":"Estetik ve Temel Kuramlar\u0131"},"content":{"rendered":"<p>\u0130nsanlar, duygusal doyum sa\u011flatan ve doyuma ula\u015ft\u0131ran kaynaklar aras\u0131nda kendi be\u011fenilerine uygun bulduklar\u0131n\u0131 ifade etmek ve tercih etmek \u00f6zg\u00fcrl\u00fc\u011f\u00fcne sahiptir. Dinlenilen bir m\u00fczik, okunan bir kitap, seyredilen bir film onlarda duygusal heyecanlar uyand\u0131r\u0131r. Bizleri bir anda etkileyen heyecanlar\u0131n \u00f6tesinde bir sanat yap\u0131t\u0131ndan al\u0131nan haz duygusunun alg\u0131lanarak kavranabilmesi i\u00e7in insanlar\u0131n bir eserin inceli\u011fini ya da b\u00fct\u00fcnl\u00fc\u011f\u00fcn\u00fc g\u00f6rebilmesi, m\u00fczikteki h\u00fczn\u00fc ya da co\u015fkuyu duyabilmesi, bir renk grubunun canl\u0131l\u0131\u011f\u0131n\u0131 fark edebilmesi, bir roman\u0131n g\u00fcc\u00fcn\u00fc hissedebilmesi gerekmektedir. Bireyler bu \u00f6zellikleri alg\u0131layamad\u0131klar\u0131 s\u00fcrece estetik zevk, de\u011ferlendirme ve bu de\u011ferlendirmeye dayal\u0131 yarg\u0131lar yetersiz kal\u0131r. <\/p>\n","protected":false},"excerpt":{"rendered":"<p>\u0130nsanlar, duygusal doyum sa\u011flatan ve doyuma ula\u015ft\u0131ran kaynaklar aras\u0131nda kendi be\u011fenilerine uygun bulduklar\u0131n\u0131 ifade etmek ve tercih etmek \u00f6zg\u00fcrl\u00fc\u011f\u00fcne sahiptir. Dinlenilen bir m\u00fczik, okunan bir kitap,<span class=\"excerpt-hellip\"> [\u2026]<\/span><\/p>\n","protected":false},"featured_media":0,"template":"","meta":{"_monsterinsights_skip_tracking":false,"_monsterinsights_sitenote_active":false,"_monsterinsights_sitenote_note":"","_monsterinsights_sitenote_category":0},"product_brand":[],"product_cat":[12312,12304],"product_tag":[],"class_list":{"0":"post-702648","1":"product","2":"type-product","3":"status-publish","5":"product_cat-diger","6":"product_cat-tarih","7":"pa_cilt-ciltsiz","8":"pa_tur-kitap","9":"pa_yayinevi-utopya-yayinevi","10":"pa_yazar-ayse-ozel","12":"first","13":"instock","14":"sale","15":"shipping-taxable","16":"purchasable","17":"product-type-simple"},"_links":{"self":[{"href":"https:\/\/roveyayinevi.com.tr\/index.php\/wp-json\/wp\/v2\/product\/702648","targetHints":{"allow":["GET"]}}],"collection":[{"href":"https:\/\/roveyayinevi.com.tr\/index.php\/wp-json\/wp\/v2\/product"}],"about":[{"href":"https:\/\/roveyayinevi.com.tr\/index.php\/wp-json\/wp\/v2\/types\/product"}],"wp:attachment":[{"href":"https:\/\/roveyayinevi.com.tr\/index.php\/wp-json\/wp\/v2\/media?parent=702648"}],"wp:term":[{"taxonomy":"product_brand","embeddable":true,"href":"https:\/\/roveyayinevi.com.tr\/index.php\/wp-json\/wp\/v2\/product_brand?post=702648"},{"taxonomy":"product_cat","embeddable":true,"href":"https:\/\/roveyayinevi.com.tr\/index.php\/wp-json\/wp\/v2\/product_cat?post=702648"},{"taxonomy":"product_tag","embeddable":true,"href":"https:\/\/roveyayinevi.com.tr\/index.php\/wp-json\/wp\/v2\/product_tag?post=702648"}],"curies":[{"name":"wp","href":"https:\/\/api.w.org\/{rel}","templated":true}]}}