{"id":702643,"date":"2025-08-27T15:17:59","date_gmt":"2025-08-27T12:17:59","guid":{"rendered":"https:\/\/roveyayinevi.com.tr\/index.php\/urun\/mahmut-esat-bozkurt-toplu-eserler-2\/"},"modified":"2026-04-16T02:11:48","modified_gmt":"2026-04-15T23:11:48","slug":"mahmut-esat-bozkurt-toplu-eserler-2","status":"publish","type":"product","link":"https:\/\/roveyayinevi.com.tr\/index.php\/urun\/mahmut-esat-bozkurt-toplu-eserler-2\/","title":{"rendered":"Mahmut Esat Bozkurt &#8211; Toplu Eserler 2"},"content":{"rendered":"<p>Kemalizmin en \u00f6nemli teorisyenlerinden olan Mahmut Esat Bozkurt&#8217;un \u00e7e\u015fitli gazete ve dergilerde yay\u0131mlanan yaz\u0131lar\u0131, konferanslar\u0131 ve Meclis konu\u015fmalar\u0131 Toplu Eserler ba\u015fl\u0131\u011f\u0131yla bir araya getirildi. <\/p>\n","protected":false},"excerpt":{"rendered":"<p>Kemalizmin en \u00f6nemli teorisyenlerinden olan Mahmut Esat Bozkurt&#8217;un \u00e7e\u015fitli gazete ve dergilerde yay\u0131mlanan yaz\u0131lar\u0131, konferanslar\u0131 ve Meclis konu\u015fmalar\u0131 Toplu Eserler ba\u015fl\u0131\u011f\u0131yla bir araya getirildi.<\/p>\n","protected":false},"featured_media":0,"template":"","meta":{"_monsterinsights_skip_tracking":false,"_monsterinsights_sitenote_active":false,"_monsterinsights_sitenote_note":"","_monsterinsights_sitenote_category":0},"product_brand":[],"product_cat":[12304,13493],"product_tag":[],"class_list":{"0":"post-702643","1":"product","2":"type-product","3":"status-publish","5":"product_cat-tarih","6":"product_cat-turkiye-ve-cumhuriyet-tarihi","7":"pa_cilt-ciltli","8":"pa_tur-kitap","9":"pa_yayinevi-kaynak-yayinlari","10":"pa_yazar-mahmut-esat-bozkurt","12":"first","13":"instock","14":"sale","15":"shipping-taxable","16":"purchasable","17":"product-type-simple"},"_links":{"self":[{"href":"https:\/\/roveyayinevi.com.tr\/index.php\/wp-json\/wp\/v2\/product\/702643","targetHints":{"allow":["GET"]}}],"collection":[{"href":"https:\/\/roveyayinevi.com.tr\/index.php\/wp-json\/wp\/v2\/product"}],"about":[{"href":"https:\/\/roveyayinevi.com.tr\/index.php\/wp-json\/wp\/v2\/types\/product"}],"wp:attachment":[{"href":"https:\/\/roveyayinevi.com.tr\/index.php\/wp-json\/wp\/v2\/media?parent=702643"}],"wp:term":[{"taxonomy":"product_brand","embeddable":true,"href":"https:\/\/roveyayinevi.com.tr\/index.php\/wp-json\/wp\/v2\/product_brand?post=702643"},{"taxonomy":"product_cat","embeddable":true,"href":"https:\/\/roveyayinevi.com.tr\/index.php\/wp-json\/wp\/v2\/product_cat?post=702643"},{"taxonomy":"product_tag","embeddable":true,"href":"https:\/\/roveyayinevi.com.tr\/index.php\/wp-json\/wp\/v2\/product_tag?post=702643"}],"curies":[{"name":"wp","href":"https:\/\/api.w.org\/{rel}","templated":true}]}}