{"id":702641,"date":"2025-08-27T15:17:58","date_gmt":"2025-08-27T12:17:58","guid":{"rendered":"https:\/\/roveyayinevi.com.tr\/index.php\/urun\/beyaz-yakali-escinseller-isyerinde-cinsel-yonelim-ayrimciligi-ve-mucadele-stratejileri\/"},"modified":"2026-04-16T02:11:48","modified_gmt":"2026-04-15T23:11:48","slug":"beyaz-yakali-escinseller-isyerinde-cinsel-yonelim-ayrimciligi-ve-mucadele-stratejileri","status":"publish","type":"product","link":"https:\/\/roveyayinevi.com.tr\/index.php\/urun\/beyaz-yakali-escinseller-isyerinde-cinsel-yonelim-ayrimciligi-ve-mucadele-stratejileri\/","title":{"rendered":"Beyaz Yakal\u0131 E\u015fcinseller: \u0130\u015fyerinde Cinsel Y\u00f6nelim Ayr\u0131mc\u0131l\u0131\u011f\u0131 ve M\u00fccadele Stratejileri"},"content":{"rendered":"<p>\u201cHeteroseks\u00fcel gibi davranmaya \u00e7al\u0131\u015f\u0131yorum ve derslerde, profes\u00f6rlerle ve \u00f6\u011frencilerle konu\u015furken tok bir sesle konu\u015fuyorum.\u201d \ufffcTan\u0131t\u0131m Metni<\/p>\n","protected":false},"excerpt":{"rendered":"<p>\u201cHeteroseks\u00fcel gibi davranmaya \u00e7al\u0131\u015f\u0131yorum ve derslerde, profes\u00f6rlerle ve \u00f6\u011frencilerle konu\u015furken tok bir sesle konu\u015fuyorum.\u201d \ufffcTan\u0131t\u0131m Metni<\/p>\n","protected":false},"featured_media":0,"template":"","meta":{"_monsterinsights_skip_tracking":false,"_monsterinsights_sitenote_active":false,"_monsterinsights_sitenote_note":"","_monsterinsights_sitenote_category":0},"product_brand":[],"product_cat":[12312,12304],"product_tag":[],"class_list":{"0":"post-702641","1":"product","2":"type-product","3":"status-publish","5":"product_cat-diger","6":"product_cat-tarih","7":"pa_cilt-ciltsiz","8":"pa_tur-kitap","9":"pa_yayinevi-iletisim-yayinlari","10":"pa_yazar-aysun-oner","12":"first","13":"instock","14":"sale","15":"shipping-taxable","16":"purchasable","17":"product-type-simple"},"_links":{"self":[{"href":"https:\/\/roveyayinevi.com.tr\/index.php\/wp-json\/wp\/v2\/product\/702641","targetHints":{"allow":["GET"]}}],"collection":[{"href":"https:\/\/roveyayinevi.com.tr\/index.php\/wp-json\/wp\/v2\/product"}],"about":[{"href":"https:\/\/roveyayinevi.com.tr\/index.php\/wp-json\/wp\/v2\/types\/product"}],"wp:attachment":[{"href":"https:\/\/roveyayinevi.com.tr\/index.php\/wp-json\/wp\/v2\/media?parent=702641"}],"wp:term":[{"taxonomy":"product_brand","embeddable":true,"href":"https:\/\/roveyayinevi.com.tr\/index.php\/wp-json\/wp\/v2\/product_brand?post=702641"},{"taxonomy":"product_cat","embeddable":true,"href":"https:\/\/roveyayinevi.com.tr\/index.php\/wp-json\/wp\/v2\/product_cat?post=702641"},{"taxonomy":"product_tag","embeddable":true,"href":"https:\/\/roveyayinevi.com.tr\/index.php\/wp-json\/wp\/v2\/product_tag?post=702641"}],"curies":[{"name":"wp","href":"https:\/\/api.w.org\/{rel}","templated":true}]}}