{"id":702640,"date":"2025-08-27T15:17:58","date_gmt":"2025-08-27T12:17:58","guid":{"rendered":"https:\/\/roveyayinevi.com.tr\/index.php\/urun\/ogrenme\/"},"modified":"2026-04-16T02:11:48","modified_gmt":"2026-04-15T23:11:48","slug":"ogrenme","status":"publish","type":"product","link":"https:\/\/roveyayinevi.com.tr\/index.php\/urun\/ogrenme\/","title":{"rendered":"\u00d6\u011frenme"},"content":{"rendered":"<p>\u0130nsan zihni, belirli kurallara g\u00f6re \u00e7al\u0131\u015fan karma\u015f\u0131k bir sistemdir. \u00d6\u011frenme, ancak bu kurallara uygun \u00e7al\u0131\u015fma ko\u015fullar\u0131n\u0131 haz\u0131rlamakla ba\u015far\u0131l\u0131 olabilir. Prof. Dr. Y\u0131lmaz \u00d6zakp\u0131nar, bu kitapta, insan zihninin \u00e7al\u0131\u015fma mekanizmas\u0131n\u0131 ayr\u0131nt\u0131lar\u0131yla tan\u0131tmakta ve \u00f6\u011frenmede en y\u00fcksek verimi sa\u011flayacak ko\u015fullara ili\u015fkin bilgiler vermektedir. \u0130\u015fi okumak, anlamak, \u00f6\u011frenmek, hat\u0131rlamak ve d\u00fc\u015f\u00fcnmek olan her meslekten insan\u0131 yak\u0131ndan ilgilendiren bu kitap, \u00f6\u011frencilerin ders \u00e7al\u0131\u015fma ve s\u0131navda ba\u015far\u0131l\u0131 olma sorunlar\u0131n\u0131 \u00f6zellikle ele almaktad\u0131r. \u00d6\u011frencilere y\u00f6nelik yaz\u0131lm\u0131\u015f olmakla birlikte, kitapta verilen bilgiler, \u00f6\u011fretmenlerin, psikolojik dan\u0131\u015fman ve rehber \u00f6\u011fretmenlerin \u00f6\u011fretme ve \u00f6\u011frenciye yard\u0131mc\u0131 olma etkinliklerini daha verimli yapmalar\u0131 i\u00e7in de yararl\u0131 olacakt\u0131r. \u00c7\u00fcnk\u00fc insan zihninin nas\u0131l \u00e7al\u0131\u015ft\u0131\u011f\u0131 ve \u00f6\u011frencinin ne gibi sorunlarla ba\u015fa \u00e7\u0131kmaya u\u011fra\u015ft\u0131\u011f\u0131 bilindi\u011fi oranda, \u00f6\u011fretme ve yard\u0131m s\u00fcre\u00e7leri etkin bi\u00e7imde d\u00fczenlenebilir. Anne babalar da, bu kitab\u0131 okuyarak \u00e7ocuklar\u0131na daha anlay\u0131\u015fla yakla\u015fabilecek ve onlarla daha iyi ileti\u015fim kurabilecektir. <\/p>\n","protected":false},"excerpt":{"rendered":"<p>\u0130nsan zihni, belirli kurallara g\u00f6re \u00e7al\u0131\u015fan karma\u015f\u0131k bir sistemdir. \u00d6\u011frenme, ancak bu kurallara uygun \u00e7al\u0131\u015fma ko\u015fullar\u0131n\u0131 haz\u0131rlamakla ba\u015far\u0131l\u0131 olabilir. Prof. Dr. Y\u0131lmaz \u00d6zakp\u0131nar, bu kitapta, insan<span class=\"excerpt-hellip\"> [\u2026]<\/span><\/p>\n","protected":false},"featured_media":0,"template":"","meta":{"_monsterinsights_skip_tracking":false,"_monsterinsights_sitenote_active":false,"_monsterinsights_sitenote_note":"","_monsterinsights_sitenote_category":0},"product_brand":[],"product_cat":[12364],"product_tag":[],"class_list":{"0":"post-702640","1":"product","2":"type-product","3":"status-publish","5":"product_cat-genel-konular","6":"pa_cilt-ciltsiz","7":"pa_tur-kitap","8":"pa_yayinevi-otuken-nesriyat","9":"pa_yazar-yilmaz-ozakpinar","11":"first","12":"instock","13":"sale","14":"shipping-taxable","15":"purchasable","16":"product-type-simple"},"_links":{"self":[{"href":"https:\/\/roveyayinevi.com.tr\/index.php\/wp-json\/wp\/v2\/product\/702640","targetHints":{"allow":["GET"]}}],"collection":[{"href":"https:\/\/roveyayinevi.com.tr\/index.php\/wp-json\/wp\/v2\/product"}],"about":[{"href":"https:\/\/roveyayinevi.com.tr\/index.php\/wp-json\/wp\/v2\/types\/product"}],"wp:attachment":[{"href":"https:\/\/roveyayinevi.com.tr\/index.php\/wp-json\/wp\/v2\/media?parent=702640"}],"wp:term":[{"taxonomy":"product_brand","embeddable":true,"href":"https:\/\/roveyayinevi.com.tr\/index.php\/wp-json\/wp\/v2\/product_brand?post=702640"},{"taxonomy":"product_cat","embeddable":true,"href":"https:\/\/roveyayinevi.com.tr\/index.php\/wp-json\/wp\/v2\/product_cat?post=702640"},{"taxonomy":"product_tag","embeddable":true,"href":"https:\/\/roveyayinevi.com.tr\/index.php\/wp-json\/wp\/v2\/product_tag?post=702640"}],"curies":[{"name":"wp","href":"https:\/\/api.w.org\/{rel}","templated":true}]}}