{"id":702638,"date":"2025-08-27T15:17:57","date_gmt":"2025-08-27T12:17:57","guid":{"rendered":"https:\/\/roveyayinevi.com.tr\/index.php\/urun\/aya-yolculuk-5\/"},"modified":"2026-04-16T02:11:48","modified_gmt":"2026-04-15T23:11:48","slug":"aya-yolculuk-5","status":"publish","type":"product","link":"https:\/\/roveyayinevi.com.tr\/index.php\/urun\/aya-yolculuk-5\/","title":{"rendered":"Aya Yolculuk"},"content":{"rendered":"<p>19. y\u00fczy\u0131l\u0131n sonlar\u0131na do\u011fru d\u00fcnya, bilim alan\u0131nda bir devrim say\u0131lan, \u00f6nemli bir olay\u0131n etkisi alt\u0131nda kald\u0131. Amerika \u0130\u00e7 Sava\u015f\u0131&#8217;ndan k\u0131sa bir m\u00fcddet sonra, top\u00e7u subaylar taraf\u0131ndan kurulan GUN CLUB \u00fcyeleri, bir uzay arac\u0131yla Ay&#8217;a gitme fikrini ortaya atm\u0131\u015flard\u0131. Cambridge rasathanesindeki bilgilerle bu konuda konu\u015fan Cun Club&#8217;\u00fcn ba\u015fkan\u0131 Barbicane, bu inan\u0131lmaz te\u015febb\u00fcs\u00fcn ba\u015far\u0131s\u0131 i\u00e7in gerekli olan b\u00fct\u00fcn \u00f6nlemleri ald\u0131. Bilginler, bu te\u015febb\u00fcs\u00fcn ba\u015far\u0131l\u0131 olaca\u011f\u0131n\u0131 bildirmi\u015flerdi. Gun Club Ba\u015fkan\u0131 Barbicane&#8217;in kar\u015f\u0131s\u0131na dikilen en \u00f6nemli zorluklardan biride, para maselesiydi. Barbicane, hisse senetlerini sat\u0131\u015fa \u00e7\u0131kartarak, 30 milyon frank toplad\u0131. B\u00fcy\u00fck te\u015fesb\u00fcs\u00fcn ilk \u00e7al\u0131\u015fmalar\u0131na, bu parayla ba\u015flad\u0131. Cambridge rasathanesi bilgilenlerinin tavsiyelerine g\u00f6re, uzay arac\u0131n\u0131n, Ay&#8217;\u0131n en uygun ula\u015fabilmesi i\u00e7in g\u00fcney veya kuzey yar\u0131mk\u00fcsindeki 0\u00b0 ile 28\u00b0 enlem \u00e7izgileri aras\u0131nda kalan bir \u00fclkeden f\u0131rlat\u0131lmas\u0131 gerekiyordu. \ufffcTan\u0131t\u0131m Metni<\/p>\n","protected":false},"excerpt":{"rendered":"<p>19. y\u00fczy\u0131l\u0131n sonlar\u0131na do\u011fru d\u00fcnya, bilim alan\u0131nda bir devrim say\u0131lan, \u00f6nemli bir olay\u0131n etkisi alt\u0131nda kald\u0131. Amerika \u0130\u00e7 Sava\u015f\u0131&#8217;ndan k\u0131sa bir m\u00fcddet sonra, top\u00e7u subaylar taraf\u0131ndan<span class=\"excerpt-hellip\"> [\u2026]<\/span><\/p>\n","protected":false},"featured_media":0,"template":"","meta":{"_monsterinsights_skip_tracking":false,"_monsterinsights_sitenote_active":false,"_monsterinsights_sitenote_note":"","_monsterinsights_sitenote_category":0},"product_brand":[],"product_cat":[12274,12523],"product_tag":[],"class_list":{"0":"post-702638","1":"product","2":"type-product","3":"status-publish","5":"product_cat-cocuk-ve-genclik-kitaplari","6":"product_cat-masallar","7":"pa_tur-kitap","8":"pa_yayinevi-parilti-yayinlari","9":"pa_yazar-jules-verne","11":"first","12":"instock","13":"sale","14":"shipping-taxable","15":"purchasable","16":"product-type-simple"},"_links":{"self":[{"href":"https:\/\/roveyayinevi.com.tr\/index.php\/wp-json\/wp\/v2\/product\/702638","targetHints":{"allow":["GET"]}}],"collection":[{"href":"https:\/\/roveyayinevi.com.tr\/index.php\/wp-json\/wp\/v2\/product"}],"about":[{"href":"https:\/\/roveyayinevi.com.tr\/index.php\/wp-json\/wp\/v2\/types\/product"}],"wp:attachment":[{"href":"https:\/\/roveyayinevi.com.tr\/index.php\/wp-json\/wp\/v2\/media?parent=702638"}],"wp:term":[{"taxonomy":"product_brand","embeddable":true,"href":"https:\/\/roveyayinevi.com.tr\/index.php\/wp-json\/wp\/v2\/product_brand?post=702638"},{"taxonomy":"product_cat","embeddable":true,"href":"https:\/\/roveyayinevi.com.tr\/index.php\/wp-json\/wp\/v2\/product_cat?post=702638"},{"taxonomy":"product_tag","embeddable":true,"href":"https:\/\/roveyayinevi.com.tr\/index.php\/wp-json\/wp\/v2\/product_tag?post=702638"}],"curies":[{"name":"wp","href":"https:\/\/api.w.org\/{rel}","templated":true}]}}