{"id":702635,"date":"2025-08-27T15:17:50","date_gmt":"2025-08-27T12:17:50","guid":{"rendered":"https:\/\/roveyayinevi.com.tr\/index.php\/urun\/ucuncu-buyuk-depresyon\/"},"modified":"2026-04-16T02:11:48","modified_gmt":"2026-04-15T23:11:48","slug":"ucuncu-buyuk-depresyon","status":"publish","type":"product","link":"https:\/\/roveyayinevi.com.tr\/index.php\/urun\/ucuncu-buyuk-depresyon\/","title":{"rendered":"\u00dc\u00e7\u00fcnc\u00fc B\u00fcy\u00fck Depresyon"},"content":{"rendered":"<p>21. y\u00fczy\u0131la \u201ctarihin sonu\u201d, kapitalizmin nihai zaferi, liberal demokrasinin alternatifsizli\u011fi, evrensel bar\u0131\u015f iddialar\u0131yla girmi\u015ftik. Y\u00fczy\u0131l\u0131n \u00fc\u00e7\u00fcnc\u00fc on y\u0131l\u0131nda ise tablo bamba\u015fka: \u201cTarihin sonu\u201d safsatas\u0131 terk edildi. Liberal demokrasi Trump\u2019\u0131n elinde yara bere i\u00e7inde, d\u00fcped\u00fcz fa\u015fizm y\u00fckseliyor. Kapitalizm \u00e7aresizlik i\u00e7inde k\u0131vran\u0131yor. ABD-\u00c7in ve NATO-Rusya gerilimlerinin sava\u015fa d\u00f6n\u00fc\u015febilece\u011fi korkusu her yan\u0131 sarm\u0131\u015f halde. 20. y\u00fczy\u0131l\u0131n sonunda sosyalist in\u015fa deneyimlerinin \u00e7\u00f6kmesinden bu kadar k\u0131sa s\u00fcre sonra ne oldu da d\u00fcnya durumu bu kadar de\u011fi\u015fti? Sungur Savran bu soruya 2008\u2019de \u201ck\u00fcresel finans krizi\u201d olarak an\u0131lan \u00e7\u00f6k\u00fc\u015f ya\u015fand\u0131ktan hemen sonra cevap vermi\u015fti. Elinizdeki kitab\u0131n ilk bas\u0131m\u0131nda yazar o olayla birlikte kapitalizmin \u00dc\u00e7\u00fcnc\u00fc B\u00fcy\u00fck Depresyon\u2019a girmi\u015f oldu\u011funu s\u00f6yl\u00fcyordu. \u00d6ng\u00f6r\u00fclen her \u015fey (uzun bir ekonomik durgunluk, fa\u015fizmin ve devrimin paralel y\u00fckseli\u015fi, yeni bir d\u00fcnya sava\u015f\u0131 riski) ger\u00e7ek oldu. Zira, Savran\u2019\u0131n belirtti\u011fi gibi, B\u00fcy\u00fck Depresyonlar kapitalizmin tarih\u00ee gerileme \u00e7a\u011f\u0131n\u0131n ifadesidir. Yaln\u0131zca ekonomik y\u00f6ntemlerle a\u015f\u0131lamaz, siyasi, ideolojik, asker\u00ee k\u00f6kl\u00fc sars\u0131nt\u0131lar yarat\u0131r. Kitab\u0131n elinizdeki yeni bask\u0131s\u0131 geni\u015fletilmi\u015f ve g\u00fcncellenmi\u015f bir bas\u0131m. Savran bir yandan B\u00fcy\u00fck Depresyon\u2019un analizini g\u00fcn\u00fcm\u00fcze kadar getiriyor. Bir yandan da bu dev krizin asl\u0131nda nas\u0131l kapitalizmin tarih\u00ee gerilemesinin izd\u00fc\u015f\u00fcm\u00fc oldu\u011funu anlat\u0131yor. Ayr\u0131ca Covid-19 salg\u0131n\u0131n\u0131n ekonomi politi\u011fini inceliyor. (arka kapak) <\/p>\n","protected":false},"excerpt":{"rendered":"<p>21. y\u00fczy\u0131la \u201ctarihin sonu\u201d, kapitalizmin nihai zaferi, liberal demokrasinin alternatifsizli\u011fi, evrensel bar\u0131\u015f iddialar\u0131yla girmi\u015ftik. Y\u00fczy\u0131l\u0131n \u00fc\u00e7\u00fcnc\u00fc on y\u0131l\u0131nda ise tablo bamba\u015fka: \u201cTarihin sonu\u201d safsatas\u0131 terk edildi.<span class=\"excerpt-hellip\"> [\u2026]<\/span><\/p>\n","protected":false},"featured_media":0,"template":"","meta":{"_monsterinsights_skip_tracking":false,"_monsterinsights_sitenote_active":false,"_monsterinsights_sitenote_note":"","_monsterinsights_sitenote_category":0},"product_brand":[],"product_cat":[13044,13043],"product_tag":[],"class_list":{"0":"post-702635","1":"product","2":"type-product","3":"status-publish","5":"product_cat-dunya-ekonomisi","6":"product_cat-ekonomi","7":"pa_cilt-ciltsiz","8":"pa_tur-kitap","9":"pa_yayinevi-yordam-kitap","10":"pa_yazar-sungur-savran","12":"first","13":"instock","14":"sale","15":"shipping-taxable","16":"purchasable","17":"product-type-simple"},"_links":{"self":[{"href":"https:\/\/roveyayinevi.com.tr\/index.php\/wp-json\/wp\/v2\/product\/702635","targetHints":{"allow":["GET"]}}],"collection":[{"href":"https:\/\/roveyayinevi.com.tr\/index.php\/wp-json\/wp\/v2\/product"}],"about":[{"href":"https:\/\/roveyayinevi.com.tr\/index.php\/wp-json\/wp\/v2\/types\/product"}],"wp:attachment":[{"href":"https:\/\/roveyayinevi.com.tr\/index.php\/wp-json\/wp\/v2\/media?parent=702635"}],"wp:term":[{"taxonomy":"product_brand","embeddable":true,"href":"https:\/\/roveyayinevi.com.tr\/index.php\/wp-json\/wp\/v2\/product_brand?post=702635"},{"taxonomy":"product_cat","embeddable":true,"href":"https:\/\/roveyayinevi.com.tr\/index.php\/wp-json\/wp\/v2\/product_cat?post=702635"},{"taxonomy":"product_tag","embeddable":true,"href":"https:\/\/roveyayinevi.com.tr\/index.php\/wp-json\/wp\/v2\/product_tag?post=702635"}],"curies":[{"name":"wp","href":"https:\/\/api.w.org\/{rel}","templated":true}]}}