{"id":702634,"date":"2025-08-27T15:17:50","date_gmt":"2025-08-27T12:17:50","guid":{"rendered":"https:\/\/roveyayinevi.com.tr\/index.php\/urun\/gazi-osman-pasa\/"},"modified":"2026-04-16T02:11:48","modified_gmt":"2026-04-15T23:11:48","slug":"gazi-osman-pasa","status":"publish","type":"product","link":"https:\/\/roveyayinevi.com.tr\/index.php\/urun\/gazi-osman-pasa\/","title":{"rendered":"Gazi Osman Pa\u015fa"},"content":{"rendered":"<p>Ku\u015fatma 1453, Yavuz ve Kanuni romanlar\u0131yla b\u00fcy\u00fck bir okuyucu kitlesine ula\u015fan, \u00f6d\u00fcll\u00fc romanc\u0131 Okay Tiryakio\u011flu&#8217;nun ilk tarihi roman\u0131. \ufffcTan\u0131t\u0131m Metni<\/p>\n","protected":false},"excerpt":{"rendered":"<p>Ku\u015fatma 1453, Yavuz ve Kanuni romanlar\u0131yla b\u00fcy\u00fck bir okuyucu kitlesine ula\u015fan, \u00f6d\u00fcll\u00fc romanc\u0131 Okay Tiryakio\u011flu&#8217;nun ilk tarihi roman\u0131. \ufffcTan\u0131t\u0131m Metni<\/p>\n","protected":false},"featured_media":0,"template":"","meta":{"_monsterinsights_skip_tracking":false,"_monsterinsights_sitenote_active":false,"_monsterinsights_sitenote_note":"","_monsterinsights_sitenote_category":0},"product_brand":[],"product_cat":[13517,12304],"product_tag":[],"class_list":{"0":"post-702634","1":"product","2":"type-product","3":"status-publish","5":"product_cat-osmanli-tarihi","6":"product_cat-tarih","7":"pa_cilt-ciltsiz","8":"pa_tur-kitap","9":"pa_yayinevi-timas-yayinlari","10":"pa_yazar-okay-tiryakioglu","12":"first","13":"instock","14":"sale","15":"shipping-taxable","16":"purchasable","17":"product-type-simple"},"_links":{"self":[{"href":"https:\/\/roveyayinevi.com.tr\/index.php\/wp-json\/wp\/v2\/product\/702634","targetHints":{"allow":["GET"]}}],"collection":[{"href":"https:\/\/roveyayinevi.com.tr\/index.php\/wp-json\/wp\/v2\/product"}],"about":[{"href":"https:\/\/roveyayinevi.com.tr\/index.php\/wp-json\/wp\/v2\/types\/product"}],"wp:attachment":[{"href":"https:\/\/roveyayinevi.com.tr\/index.php\/wp-json\/wp\/v2\/media?parent=702634"}],"wp:term":[{"taxonomy":"product_brand","embeddable":true,"href":"https:\/\/roveyayinevi.com.tr\/index.php\/wp-json\/wp\/v2\/product_brand?post=702634"},{"taxonomy":"product_cat","embeddable":true,"href":"https:\/\/roveyayinevi.com.tr\/index.php\/wp-json\/wp\/v2\/product_cat?post=702634"},{"taxonomy":"product_tag","embeddable":true,"href":"https:\/\/roveyayinevi.com.tr\/index.php\/wp-json\/wp\/v2\/product_tag?post=702634"}],"curies":[{"name":"wp","href":"https:\/\/api.w.org\/{rel}","templated":true}]}}