{"id":702632,"date":"2025-08-27T15:17:49","date_gmt":"2025-08-27T12:17:49","guid":{"rendered":"https:\/\/roveyayinevi.com.tr\/index.php\/urun\/nar\/"},"modified":"2026-04-16T02:11:48","modified_gmt":"2026-04-15T23:11:48","slug":"nar","status":"publish","type":"product","link":"https:\/\/roveyayinevi.com.tr\/index.php\/urun\/nar\/","title":{"rendered":"Nar"},"content":{"rendered":"<p>K\u0131\u015f b\u00fcy\u00fck geliyor nara gidelimso\u011fudu g\u00fcnlerin y\u00fcz\u00fc nara gidelimnar\u0131n bir diyece\u011fi olur da bizea\u00e7\u0131l\u0131r yazdan binbir s\u0131cak s\u00f6zdilimiz kurudu burdan nara gidelimnar\u0131n bir evi var pek kalabal\u0131kke\u015fke biz de otursayd\u0131k oradaev b\u00fcy\u00fck geliyor \u015fimdi her odabir ayr\u0131l\u0131k, \u00e7ocuklar kapal\u0131 kutu,bah\u00e7eler da\u011f\u0131n\u0131k: Bir salk\u0131m \u00fcz\u00fcm\u00fcpayla\u015f\u0131rken nas\u0131l da ba\u011f bah\u00e7e arkada\u015ft\u0131k,me\u011fer yapraklar\u0131ndan soymaya ba\u015flam\u0131\u015fbah\u00e7eyi h\u0131rs\u0131z, ba\u011f \u00e7\u0131plak kalm\u0131\u015f!Nar\u0131n bah\u00e7esine bir hoyrat girsetenden \u00f6nce dile yoksulluk d\u00fc\u015ferdil \u00fc\u015f\u00fcmeden daha \u00fcz\u00fclmeden tena\u00e7\u0131l\u0131p sa\u00e7\u0131ls\u0131n bize nara gidelim;ev ki nar gibi i\u00e7i\u00e7e bah\u00e7ekad\u0131n a\u015fka bah\u00e7e, deli sarma\u015f\u0131ktutunup a\u015fk\u0131na hemen nara gidelim <\/p>\n","protected":false},"excerpt":{"rendered":"<p>K\u0131\u015f b\u00fcy\u00fck geliyor nara gidelimso\u011fudu g\u00fcnlerin y\u00fcz\u00fc nara gidelimnar\u0131n bir diyece\u011fi olur da bizea\u00e7\u0131l\u0131r yazdan binbir s\u0131cak s\u00f6zdilimiz kurudu burdan nara gidelimnar\u0131n bir evi var pek<span class=\"excerpt-hellip\"> [\u2026]<\/span><\/p>\n","protected":false},"featured_media":0,"template":"","meta":{"_monsterinsights_skip_tracking":false,"_monsterinsights_sitenote_active":false,"_monsterinsights_sitenote_note":"","_monsterinsights_sitenote_category":0},"product_brand":[],"product_cat":[12291,12509],"product_tag":[],"class_list":{"0":"post-702632","1":"product","2":"type-product","3":"status-publish","5":"product_cat-edebiyat","6":"product_cat-siir","7":"pa_cilt-ciltsiz","8":"pa_tur-kitap","9":"pa_yayinevi-kirmizi-kedi-yayinevi","10":"pa_yazar-haydar-ergulen","12":"first","13":"instock","14":"sale","15":"shipping-taxable","16":"purchasable","17":"product-type-simple"},"_links":{"self":[{"href":"https:\/\/roveyayinevi.com.tr\/index.php\/wp-json\/wp\/v2\/product\/702632","targetHints":{"allow":["GET"]}}],"collection":[{"href":"https:\/\/roveyayinevi.com.tr\/index.php\/wp-json\/wp\/v2\/product"}],"about":[{"href":"https:\/\/roveyayinevi.com.tr\/index.php\/wp-json\/wp\/v2\/types\/product"}],"wp:attachment":[{"href":"https:\/\/roveyayinevi.com.tr\/index.php\/wp-json\/wp\/v2\/media?parent=702632"}],"wp:term":[{"taxonomy":"product_brand","embeddable":true,"href":"https:\/\/roveyayinevi.com.tr\/index.php\/wp-json\/wp\/v2\/product_brand?post=702632"},{"taxonomy":"product_cat","embeddable":true,"href":"https:\/\/roveyayinevi.com.tr\/index.php\/wp-json\/wp\/v2\/product_cat?post=702632"},{"taxonomy":"product_tag","embeddable":true,"href":"https:\/\/roveyayinevi.com.tr\/index.php\/wp-json\/wp\/v2\/product_tag?post=702632"}],"curies":[{"name":"wp","href":"https:\/\/api.w.org\/{rel}","templated":true}]}}