{"id":702628,"date":"2025-08-27T15:17:47","date_gmt":"2025-08-27T12:17:47","guid":{"rendered":"https:\/\/roveyayinevi.com.tr\/index.php\/urun\/mekanlar-ve-olaylariyla-hz-muhammedin-hayati\/"},"modified":"2026-04-16T02:11:48","modified_gmt":"2026-04-15T23:11:48","slug":"mekanlar-ve-olaylariyla-hz-muhammedin-hayati","status":"publish","type":"product","link":"https:\/\/roveyayinevi.com.tr\/index.php\/urun\/mekanlar-ve-olaylariyla-hz-muhammedin-hayati\/","title":{"rendered":"Mekanlar ve Olaylar\u0131yla Hz. Muhammed&#8217;in Hayat\u0131"},"content":{"rendered":"<p>Tarihi herkese sevdiren adam Talha U\u011furluel, \u015fimdi Peygamber Efendimiz\u2019in(sas) hayat\u0131n\u0131, \u0130slam Tarihi i\u00e7inde cereyan etmi\u015f nice \u00f6nemli hadiseyi, Mukaddes Topraklardaki mek\u00e2nlar e\u015fli\u011finde, y\u00fczlerce g\u00f6rsel \u00fczerinden anlat\u0131yor.  U\u011furluel, Peygamber Efendimiz\u2019in(sas) do\u011fdu\u011fu, b\u00fcy\u00fcd\u00fc\u011f\u00fc, peygamberlikle g\u00f6revlendirildi\u011fi, hicret etmek zorunda kald\u0131\u011f\u0131 ve vefat etti\u011fi topraklar\u0131 Mekke ve Medine olarak iki b\u00f6l\u00fcm halinde gezdiriyor. Her m\u00fcmin, Hz. Muhammed\u2019in(sas) memleketine gitmek, evini g\u00f6rmek, \u00e7ocuklu\u011funu ge\u00e7irdi\u011fi mahallede dola\u015fmak, koyun g\u00fctt\u00fc\u011f\u00fc da\u011flar\u0131 seyretmek ister. O\u2019nun(sas) yasland\u0131\u011f\u0131 bir duvar, abdest ald\u0131\u011f\u0131 bir kuyu, aln\u0131n\u0131 koydu\u011fu bir zemin, g\u00f6lgelendi\u011fi bir a\u011fa\u00e7 sahabe taraf\u0131ndan kay\u0131t alt\u0131na al\u0131nm\u0131\u015ft\u0131r.  Hz. Muhammed\u2019den(sas) sonra nice sahabe Mekke ve Medine\u2019ye u\u011frad\u0131klar\u0131nda, hac ve umre ibadetlerinde hep O\u2019nun(sas) izini s\u00fcrmeye \u00f6zen g\u00f6stermi\u015flerdir. \u0130\u015fte bu \u00e7al\u0131\u015fmada b\u00f6yle bir hassasiyet g\u00f6zetildi. Hz. \u00c2dem\u2019den g\u00fcn\u00fcm\u00fcze Mukaddes Topraklar\u0131n genel tarihi yan\u0131nda Efendiler Efendisi\u2019nin(sas) mukaddes izleri s\u00fcr\u00fclmeye \u00e7al\u0131\u015f\u0131ld\u0131.  Nerede do\u011fdu, Hz. Hatice ile nerede ya\u015fad\u0131, parma\u011f\u0131 ile ay\u0131 hangi tepenin \u00fczerinden ikiye b\u00f6ld\u00fc, gizli gizli sahabeyle kimin evinde bulu\u015ftu, ilk a\u00e7\u0131k tebli\u011fini hangi mek\u00e2nda yapt\u0131, suikast\u00e7\u0131lar\u0131n elinden kurtulunca hangi istikamete y\u00fcr\u00fcd\u00fc, hangi pazarlar\u0131 ziyaret etti, cinlerle ne zaman bulu\u015ftu, nerede ta\u015fland\u0131, nerede a\u011flad\u0131 ve nerede g\u00fcld\u00fc? T\u00fcm bunlar\u0131 hatta daha fazlas\u0131n\u0131 g\u00f6rmek, \u00f6\u011frenmek istiyorsan\u0131z bu \u00e7al\u0131\u015fma sizin ba\u015fucu kitab\u0131n\u0131z olacak. Her okudu\u011funuzda sizi o kutsal mek\u00e2nlara g\u00f6t\u00fcrecek, o mukaddes insanlarla bulu\u015fturacak. <\/p>\n","protected":false},"excerpt":{"rendered":"<p>Tarihi herkese sevdiren adam Talha U\u011furluel, \u015fimdi Peygamber Efendimiz\u2019in(sas) hayat\u0131n\u0131, \u0130slam Tarihi i\u00e7inde cereyan etmi\u015f nice \u00f6nemli hadiseyi, Mukaddes Topraklardaki mek\u00e2nlar e\u015fli\u011finde, y\u00fczlerce g\u00f6rsel \u00fczerinden anlat\u0131yor.<span class=\"excerpt-hellip\"> [\u2026]<\/span><\/p>\n","protected":false},"featured_media":0,"template":"","meta":{"_monsterinsights_skip_tracking":false,"_monsterinsights_sitenote_active":false,"_monsterinsights_sitenote_note":"","_monsterinsights_sitenote_category":0},"product_brand":[],"product_cat":[13036,12718,12719],"product_tag":[],"class_list":{"0":"post-702628","1":"product","2":"type-product","3":"status-publish","5":"product_cat-arastirma-inceleme-islam","6":"product_cat-din","7":"product_cat-islam","8":"pa_cilt-ciltsiz","9":"pa_tur-kitap","10":"pa_yayinevi-timas-yayinlari","11":"pa_yazar-talha-ugurluel","13":"first","14":"instock","15":"sale","16":"shipping-taxable","17":"purchasable","18":"product-type-simple"},"_links":{"self":[{"href":"https:\/\/roveyayinevi.com.tr\/index.php\/wp-json\/wp\/v2\/product\/702628","targetHints":{"allow":["GET"]}}],"collection":[{"href":"https:\/\/roveyayinevi.com.tr\/index.php\/wp-json\/wp\/v2\/product"}],"about":[{"href":"https:\/\/roveyayinevi.com.tr\/index.php\/wp-json\/wp\/v2\/types\/product"}],"wp:attachment":[{"href":"https:\/\/roveyayinevi.com.tr\/index.php\/wp-json\/wp\/v2\/media?parent=702628"}],"wp:term":[{"taxonomy":"product_brand","embeddable":true,"href":"https:\/\/roveyayinevi.com.tr\/index.php\/wp-json\/wp\/v2\/product_brand?post=702628"},{"taxonomy":"product_cat","embeddable":true,"href":"https:\/\/roveyayinevi.com.tr\/index.php\/wp-json\/wp\/v2\/product_cat?post=702628"},{"taxonomy":"product_tag","embeddable":true,"href":"https:\/\/roveyayinevi.com.tr\/index.php\/wp-json\/wp\/v2\/product_tag?post=702628"}],"curies":[{"name":"wp","href":"https:\/\/api.w.org\/{rel}","templated":true}]}}