{"id":702621,"date":"2025-08-27T15:17:45","date_gmt":"2025-08-27T12:17:45","guid":{"rendered":"https:\/\/roveyayinevi.com.tr\/index.php\/urun\/ilk-uzay-kitabim\/"},"modified":"2026-04-16T02:11:48","modified_gmt":"2026-04-15T23:11:48","slug":"ilk-uzay-kitabim","status":"publish","type":"product","link":"https:\/\/roveyayinevi.com.tr\/index.php\/urun\/ilk-uzay-kitabim\/","title":{"rendered":"\u0130lk Uzay Kitab\u0131m"},"content":{"rendered":"<p>HAR\u0130KA G\u00d6RSELLERLE uzay\u0131n gizemlerini anlatan bu kitaba bay\u0131lacaks\u0131n\u0131z.Gu\u0308ne\u015f Sistemimiz, 13 gezegen ve cu\u0308ce gezegenler, Gu\u0308ne\u015f ve Ay, daha uzaktakigalaksiler ve \u00e7ok daha fazlas\u0131 bu kitapta. \u0130lk Uzay Kitab\u0131m, sizi harika bir macerayadavet ediyor<\/p>\n","protected":false},"excerpt":{"rendered":"<p>HAR\u0130KA G\u00d6RSELLERLE uzay\u0131n gizemlerini anlatan bu kitaba bay\u0131lacaks\u0131n\u0131z.Gu\u0308ne\u015f Sistemimiz, 13 gezegen ve cu\u0308ce gezegenler, Gu\u0308ne\u015f ve Ay, daha uzaktakigalaksiler ve \u00e7ok daha fazlas\u0131 bu kitapta. \u0130lk<span class=\"excerpt-hellip\"> [\u2026]<\/span><\/p>\n","protected":false},"featured_media":0,"template":"","meta":{"_monsterinsights_skip_tracking":false,"_monsterinsights_sitenote_active":false,"_monsterinsights_sitenote_note":"","_monsterinsights_sitenote_category":0},"product_brand":[],"product_cat":[12492,12274],"product_tag":[],"class_list":{"0":"post-702621","1":"product","2":"type-product","3":"status-publish","5":"product_cat-bilmece-bulmaca","6":"product_cat-cocuk-ve-genclik-kitaplari","7":"pa_cilt-ciltsiz","8":"pa_tur-kitap","9":"pa_yayinevi-beta-kids","10":"pa_yazar-catherine-d-hughes","12":"first","13":"instock","14":"sale","15":"shipping-taxable","16":"purchasable","17":"product-type-simple"},"_links":{"self":[{"href":"https:\/\/roveyayinevi.com.tr\/index.php\/wp-json\/wp\/v2\/product\/702621","targetHints":{"allow":["GET"]}}],"collection":[{"href":"https:\/\/roveyayinevi.com.tr\/index.php\/wp-json\/wp\/v2\/product"}],"about":[{"href":"https:\/\/roveyayinevi.com.tr\/index.php\/wp-json\/wp\/v2\/types\/product"}],"wp:attachment":[{"href":"https:\/\/roveyayinevi.com.tr\/index.php\/wp-json\/wp\/v2\/media?parent=702621"}],"wp:term":[{"taxonomy":"product_brand","embeddable":true,"href":"https:\/\/roveyayinevi.com.tr\/index.php\/wp-json\/wp\/v2\/product_brand?post=702621"},{"taxonomy":"product_cat","embeddable":true,"href":"https:\/\/roveyayinevi.com.tr\/index.php\/wp-json\/wp\/v2\/product_cat?post=702621"},{"taxonomy":"product_tag","embeddable":true,"href":"https:\/\/roveyayinevi.com.tr\/index.php\/wp-json\/wp\/v2\/product_tag?post=702621"}],"curies":[{"name":"wp","href":"https:\/\/api.w.org\/{rel}","templated":true}]}}