{"id":702620,"date":"2025-08-27T15:17:44","date_gmt":"2025-08-27T12:17:44","guid":{"rendered":"https:\/\/roveyayinevi.com.tr\/index.php\/urun\/dava-4\/"},"modified":"2026-04-07T02:18:17","modified_gmt":"2026-04-06T23:18:17","slug":"dava-4","status":"publish","type":"product","link":"https:\/\/roveyayinevi.com.tr\/index.php\/urun\/dava-4\/","title":{"rendered":"Dava"},"content":{"rendered":"<p>Bayan B\u00fcrstnerin soran bak\u0131\u015flarla kendisine   bakt\u0131\u011f\u0131n\u0131 g\u00f6ren : a Anlayaca\u011f\u0131n\u0131z, bir soru\u015fturma kurulu geldi buraya.   diye ekledi.   Sizin i\u00e7in mi?   diye sordu Bayan B\u00fcrstnerin. <\/p>\n","protected":false},"excerpt":{"rendered":"<p>Bayan B\u00fcrstnerin soran bak\u0131\u015flarla kendisine bakt\u0131\u011f\u0131n\u0131 g\u00f6ren : a Anlayaca\u011f\u0131n\u0131z, bir soru\u015fturma kurulu geldi buraya. diye ekledi. Sizin i\u00e7in mi? diye sordu Bayan B\u00fcrstnerin.<\/p>\n","protected":false},"featured_media":0,"template":"","meta":{"_monsterinsights_skip_tracking":false,"_monsterinsights_sitenote_active":false,"_monsterinsights_sitenote_note":"","_monsterinsights_sitenote_category":0},"product_brand":[],"product_cat":[12291,12711],"product_tag":[],"class_list":{"0":"post-702620","1":"product","2":"type-product","3":"status-publish","5":"product_cat-edebiyat","6":"product_cat-roman-oyku","7":"pa_tur-kitap","8":"pa_yayinevi-anonim-yayincilik","9":"pa_yazar-franz-kafka","11":"first","12":"instock","13":"sale","14":"shipping-taxable","15":"purchasable","16":"product-type-simple"},"_links":{"self":[{"href":"https:\/\/roveyayinevi.com.tr\/index.php\/wp-json\/wp\/v2\/product\/702620","targetHints":{"allow":["GET"]}}],"collection":[{"href":"https:\/\/roveyayinevi.com.tr\/index.php\/wp-json\/wp\/v2\/product"}],"about":[{"href":"https:\/\/roveyayinevi.com.tr\/index.php\/wp-json\/wp\/v2\/types\/product"}],"wp:attachment":[{"href":"https:\/\/roveyayinevi.com.tr\/index.php\/wp-json\/wp\/v2\/media?parent=702620"}],"wp:term":[{"taxonomy":"product_brand","embeddable":true,"href":"https:\/\/roveyayinevi.com.tr\/index.php\/wp-json\/wp\/v2\/product_brand?post=702620"},{"taxonomy":"product_cat","embeddable":true,"href":"https:\/\/roveyayinevi.com.tr\/index.php\/wp-json\/wp\/v2\/product_cat?post=702620"},{"taxonomy":"product_tag","embeddable":true,"href":"https:\/\/roveyayinevi.com.tr\/index.php\/wp-json\/wp\/v2\/product_tag?post=702620"}],"curies":[{"name":"wp","href":"https:\/\/api.w.org\/{rel}","templated":true}]}}