{"id":702619,"date":"2025-08-27T15:17:44","date_gmt":"2025-08-27T12:17:44","guid":{"rendered":"https:\/\/roveyayinevi.com.tr\/index.php\/urun\/kilicaslan-ve-civril-savasi\/"},"modified":"2026-02-27T02:13:59","modified_gmt":"2026-02-26T23:13:59","slug":"kilicaslan-ve-civril-savasi","status":"publish","type":"product","link":"https:\/\/roveyayinevi.com.tr\/index.php\/urun\/kilicaslan-ve-civril-savasi\/","title":{"rendered":"K\u0131l\u0131\u00e7aslan ve \u00c7ivril Sava\u015f\u0131"},"content":{"rendered":"<p>Anadolu\u2019yu T\u00fcrk yurdu yapmak i\u00e7in Alparslan 1071\u2019de Malazgirt\u2019te ilk b\u00fcy\u00fck hamleyi yapm\u0131\u015ft\u0131. T\u00fcrkler bir \u00e7\u0131\u011f gibi birka\u00e7 sene i\u00e7inde \u00dcsk\u00fcdar\u2019a dayand\u0131lar, \u0130znik\u2019i ba\u015fkent yapt\u0131lar. Bu durum Avrupa\u2019y\u0131 aya\u011fa kald\u0131rd\u0131. Ha\u00e7l\u0131 seferlerini ba\u015flatt\u0131. Ha\u00e7l\u0131 s\u00fcr\u00fcleri Bizans \u00fczerinden Anadolu\u2019ya buradan da Kud\u00fcs\u2019e y\u00fcr\u00fcmek \u00fczere ola\u011fan\u00fcst\u00fc bir taassupla sald\u0131r\u0131ya ge\u00e7tiler. Anadolu Sel\u00e7uklu sultanlar\u0131n\u0131n cansiperane m\u00fccadeleleri Anadolu\u2019yu ve \u0130slam d\u00fcnyas\u0131n\u0131 bu azg\u0131n ha\u00e7l\u0131 s\u00fcr\u00fclerinden korudu&#8230; Sonraki ha\u00e7l\u0131 seferlerinin y\u00f6n\u00fc Anadolu d\u0131\u015f\u0131na kayd\u0131. Fakat Anadolu\u2019nun bat\u0131s\u0131nda Bizans hakimiyeti devam ediyordu. Bizans buradaki T\u00fcrk varl\u0131\u011f\u0131na son vermek i\u00e7in yine ha\u00e7l\u0131 ittifak\u0131yla T\u00fcrklerin \u00fczerine y\u00fcr\u00fcd\u00fc, Hedefi T\u00fcrkleri Anadolu\u2019dan atmak olan bu y\u00fcr\u00fcy\u00fc\u015f, \u00c7ivril yak\u0131nlar\u0131ndaki Kufi ge\u00e7idinde \u00fcst\u00fcn g\u00fc\u00e7lere kar\u015f\u0131 T\u00fcrk disiplini ve fed\u00e2k\u00e2rl\u0131\u011f\u0131yla darbelendi, Anadolu\u2019nun T\u00fcrk yurdu olu\u015funu tescil eden bir imha sava\u015f\u0131na d\u00f6n\u00fc\u015ft\u00fc&#8230; 17 Eyl\u00fcl 1176 tarihinde, vatan tescil eden bu sava\u015ftan milli m\u00fccadele y\u0131llar\u0131na kadar yurdumuz bir daha istila y\u00fcz\u00fc g\u00f6rmedi&#8230; \u0130\u015fte bu tarihi roman, bu zaferin sahibi II. K\u0131l\u0131\u00e7aslan d\u00f6nemindeki Anadolu ve Bizans\u2019\u0131n manzaras\u0131n\u0131 kaynaklara dayanarak aktaran devlet ve millet olma \u015fuurunun nas\u0131l olu\u015ftu\u011funu nesillerin idrakine sunan bir eserdir. <\/p>\n","protected":false},"excerpt":{"rendered":"<p>Anadolu\u2019yu T\u00fcrk yurdu yapmak i\u00e7in Alparslan 1071\u2019de Malazgirt\u2019te ilk b\u00fcy\u00fck hamleyi yapm\u0131\u015ft\u0131. T\u00fcrkler bir \u00e7\u0131\u011f gibi birka\u00e7 sene i\u00e7inde \u00dcsk\u00fcdar\u2019a dayand\u0131lar, \u0130znik\u2019i ba\u015fkent yapt\u0131lar. Bu durum<span class=\"excerpt-hellip\"> [\u2026]<\/span><\/p>\n","protected":false},"featured_media":0,"template":"","meta":{"_monsterinsights_skip_tracking":false,"_monsterinsights_sitenote_active":false,"_monsterinsights_sitenote_note":"","_monsterinsights_sitenote_category":0},"product_brand":[],"product_cat":[12291,12745],"product_tag":[],"class_list":{"0":"post-702619","1":"product","2":"type-product","3":"status-publish","5":"product_cat-edebiyat","6":"product_cat-tarihi-roman","7":"pa_tur-kitap","8":"pa_yayinevi-otuken-nesriyat","9":"pa_yazar-yilmaz-gurbuz","11":"first","12":"instock","13":"sale","14":"shipping-taxable","15":"purchasable","16":"product-type-simple"},"_links":{"self":[{"href":"https:\/\/roveyayinevi.com.tr\/index.php\/wp-json\/wp\/v2\/product\/702619","targetHints":{"allow":["GET"]}}],"collection":[{"href":"https:\/\/roveyayinevi.com.tr\/index.php\/wp-json\/wp\/v2\/product"}],"about":[{"href":"https:\/\/roveyayinevi.com.tr\/index.php\/wp-json\/wp\/v2\/types\/product"}],"wp:attachment":[{"href":"https:\/\/roveyayinevi.com.tr\/index.php\/wp-json\/wp\/v2\/media?parent=702619"}],"wp:term":[{"taxonomy":"product_brand","embeddable":true,"href":"https:\/\/roveyayinevi.com.tr\/index.php\/wp-json\/wp\/v2\/product_brand?post=702619"},{"taxonomy":"product_cat","embeddable":true,"href":"https:\/\/roveyayinevi.com.tr\/index.php\/wp-json\/wp\/v2\/product_cat?post=702619"},{"taxonomy":"product_tag","embeddable":true,"href":"https:\/\/roveyayinevi.com.tr\/index.php\/wp-json\/wp\/v2\/product_tag?post=702619"}],"curies":[{"name":"wp","href":"https:\/\/api.w.org\/{rel}","templated":true}]}}