{"id":702618,"date":"2025-08-27T15:17:44","date_gmt":"2025-08-27T12:17:44","guid":{"rendered":"https:\/\/roveyayinevi.com.tr\/index.php\/urun\/kilic-arslan\/"},"modified":"2026-04-16T02:11:48","modified_gmt":"2026-04-15T23:11:48","slug":"kilic-arslan","status":"publish","type":"product","link":"https:\/\/roveyayinevi.com.tr\/index.php\/urun\/kilic-arslan\/","title":{"rendered":"K\u0131l\u0131\u00e7 Arslan"},"content":{"rendered":"<p>1. Ha\u00e7l\u0131 seferinde T\u00fcrkler, Sultan K\u0131l\u0131\u00e7 Arslan\u2019\u0131n \u00f6nderli\u011finde insanl\u0131k tarihine, bir milletin vatan m\u00fcdafaas\u0131n\u0131 nas\u0131l yapabilece\u011fini g\u00f6sterdiler. Anadolu\u2019nun her kar\u0131\u015f\u0131, T\u00fcrk kan\u0131 ile yo\u011fruldu. Vatan sath\u0131n\u0131 kan\u0131m\u0131zla y\u0131kand\u0131. Ovalar\u0131m\u0131zda, da\u011flar\u0131m\u0131zda ecdad\u0131m\u0131z\u0131n kemiklerinden tepeler olu\u015ftu. Bu yurdu al\u0131rken de istilaya u\u011frad\u0131\u011f\u0131 zaman da kanlar\u0131m\u0131z sel olup akt\u0131. Vatan topra\u011f\u0131 atalar\u0131n kanlar\u0131 ve cesetleri ile yo\u011frulmu\u015f bir v\u00fccut haline geldi&#8230; Ne olursa olsun bu e\u015fsiz g\u00fczellikler kayna\u011f\u0131 verimli Anadolu\u2019yu ebed\u00ee bir T\u00fcrk yurdu yapt\u0131\u011f\u0131m\u0131z\u0131 cihana bir kere daha il\u00e2n ettik. <\/p>\n","protected":false},"excerpt":{"rendered":"<p>1. Ha\u00e7l\u0131 seferinde T\u00fcrkler, Sultan K\u0131l\u0131\u00e7 Arslan\u2019\u0131n \u00f6nderli\u011finde insanl\u0131k tarihine, bir milletin vatan m\u00fcdafaas\u0131n\u0131 nas\u0131l yapabilece\u011fini g\u00f6sterdiler. Anadolu\u2019nun her kar\u0131\u015f\u0131, T\u00fcrk kan\u0131 ile yo\u011fruldu. Vatan sath\u0131n\u0131<span class=\"excerpt-hellip\"> [\u2026]<\/span><\/p>\n","protected":false},"featured_media":0,"template":"","meta":{"_monsterinsights_skip_tracking":false,"_monsterinsights_sitenote_active":false,"_monsterinsights_sitenote_note":"","_monsterinsights_sitenote_category":0},"product_brand":[],"product_cat":[12291,12745],"product_tag":[],"class_list":{"0":"post-702618","1":"product","2":"type-product","3":"status-publish","5":"product_cat-edebiyat","6":"product_cat-tarihi-roman","7":"pa_tur-kitap","8":"pa_yayinevi-otuken-nesriyat","9":"pa_yazar-enver-behnan-sapolyo","11":"first","12":"instock","13":"sale","14":"shipping-taxable","15":"purchasable","16":"product-type-simple"},"_links":{"self":[{"href":"https:\/\/roveyayinevi.com.tr\/index.php\/wp-json\/wp\/v2\/product\/702618","targetHints":{"allow":["GET"]}}],"collection":[{"href":"https:\/\/roveyayinevi.com.tr\/index.php\/wp-json\/wp\/v2\/product"}],"about":[{"href":"https:\/\/roveyayinevi.com.tr\/index.php\/wp-json\/wp\/v2\/types\/product"}],"wp:attachment":[{"href":"https:\/\/roveyayinevi.com.tr\/index.php\/wp-json\/wp\/v2\/media?parent=702618"}],"wp:term":[{"taxonomy":"product_brand","embeddable":true,"href":"https:\/\/roveyayinevi.com.tr\/index.php\/wp-json\/wp\/v2\/product_brand?post=702618"},{"taxonomy":"product_cat","embeddable":true,"href":"https:\/\/roveyayinevi.com.tr\/index.php\/wp-json\/wp\/v2\/product_cat?post=702618"},{"taxonomy":"product_tag","embeddable":true,"href":"https:\/\/roveyayinevi.com.tr\/index.php\/wp-json\/wp\/v2\/product_tag?post=702618"}],"curies":[{"name":"wp","href":"https:\/\/api.w.org\/{rel}","templated":true}]}}